{"id":29742,"date":"2025-04-21T08:44:05","date_gmt":"2025-04-21T08:44:05","guid":{"rendered":"https:\/\/vroteina.com\/?post_type=product&#038;p=29742"},"modified":"2026-04-15T18:05:56","modified_gmt":"2026-04-15T18:05:56","slug":"proteina-85-al-natural-copy","status":"publish","type":"product","link":"https:\/\/vroteina.com\/cs\/product\/proteina-85-al-natural-copy\/","title":{"rendered":"PROTEIN+MORINGA 100%VEGAN"},"content":{"rendered":"<div data-elementor-type=\"wp-post\" data-elementor-id=\"29742\" class=\"elementor elementor-29742\" data-elementor-post-type=\"product\">\n\t\t\t\t<div class=\"elementor-element elementor-element-507a4d82 e-flex e-con-boxed e-con e-parent\" data-id=\"507a4d82\" data-element_type=\"container\">\n\t\t\t\t\t<div class=\"e-con-inner\">\n\t\t\t\t<div class=\"elementor-element elementor-element-1d5b73af elementor-widget elementor-widget-text-editor\" data-id=\"1d5b73af\" data-element_type=\"widget\" data-widget_type=\"text-editor.default\">\n\t\t\t\t\t\t\t\t\t<div class=\"row\"><div class=\"vc_tta-container woocommerce-tabs wc-tabs-wrapper gem-woocommerce-tabs\" data-vc-action=\"collapse\"><div class=\"vc_general vc_tta vc_tta-tabs vc_tta-color-thegem vc_tta-style-classic vc_tta-shape-square vc_tta-spacing-5 vc_tta-tabs-position-top vc_tta-controls-align-left\"><div class=\"vc_tta-panels-container\"><div class=\"vc_tta-panels\"><div id=\"tab-description\" class=\"vc_tta-panel vc_active\" data-vc-content=\".vc_tta-panel-body\"><div class=\"vc_tta-panel-body\"><div class=\"wpb_text_column wpb_content_element\"><div class=\"wpb_wrapper\">\u00a0<\/div><\/div><div class=\"wpb_text_column wpb_content_element\"><div class=\"wpb_wrapper\"><div class=\"styled-subtitle\"><div class=\"title-h5\"><div class=\"title-h6\"><div class=\"wpb_text_column wpb_content_element\"><div class=\"wpb_wrapper\"><p><span class=\"letter-spacing\">VEGGIE STYL<\/span><\/p><\/div><\/div><div class=\"wpb_text_column wpb_content_element\"><div class=\"wpb_wrapper title-h3\">PROTEIN+MORINGA<\/div><\/div><div class=\"wpb_text_column wpb_content_element\"><div class=\"wpb_wrapper\"><div class=\"styled-subtitle\"><span class=\"tlid-translation translation\" lang=\"es\"><span title=\"\">VYBERTE SI Z NA\u0160ICH 3 R\u016eZN\u00ddCH P\u0158\u00cdCHUT\u00cd:<\/span><br \/><span class=\"\" title=\"\">JAHODA, VANILKA A \u010cOKOL\u00c1DA:<\/span><\/span><\/div><div class=\"styled-subtitle\"><p><img fetchpriority=\"high\" decoding=\"async\" class=\"alignnone wp-image-30963 size-full\" src=\"https:\/\/vroteina.com\/wp-content\/uploads\/2026\/02\/VROTEINIA-WEB-FOTOS-proteina-y-moringa-1.png\" alt=\"\" width=\"735\" height=\"478\" srcset=\"https:\/\/vroteina.com\/wp-content\/uploads\/2026\/02\/VROTEINIA-WEB-FOTOS-proteina-y-moringa-1.png 735w, https:\/\/vroteina.com\/wp-content\/uploads\/2026\/02\/VROTEINIA-WEB-FOTOS-proteina-y-moringa-1-300x195.png 300w, https:\/\/vroteina.com\/wp-content\/uploads\/2026\/02\/VROTEINIA-WEB-FOTOS-proteina-y-moringa-1-18x12.png 18w, https:\/\/vroteina.com\/wp-content\/uploads\/2026\/02\/VROTEINIA-WEB-FOTOS-proteina-y-moringa-1-600x390.png 600w\" sizes=\"(max-width: 735px) 100vw, 735px\" \/><\/p><p><img decoding=\"async\" src=\"\/images\/vegan-protein-shakemoringa-strawberryjarr.PNG\" alt=\"\" \/><img decoding=\"async\" src=\"\/images\/vegan-protein-shakemoringa-chocolatejarr.PNG\" alt=\"\" \/><\/p><div class=\"title-h5\">pROTEIN+mORINGA<\/div><div><div class=\"title-h5\">Power Greens<\/div><div><div><h5><strong>Dopln\u011bk stravy vyroben\u00fd:<\/strong><\/h5><p>VROTEINA VEGGIE STYLE S.L.<br \/>B75845693<br \/>Camino de los Colmenares 100<br \/>03114 Alicante<br \/>Tel.: 665033362<br \/>www.wheat-hummingbird-185042.hostingersite.com<br \/>Dopl\u0148ky stravy by nem\u011bly b\u00fdt pou\u017e\u00edv\u00e1ny jako n\u00e1hrada vyv\u00e1\u017een\u00e9 stravy. Je d\u016fle\u017eit\u00e9 dodr\u017eovat pestrou a vyv\u00e1\u017eenou stravu a zdrav\u00fd \u017eivotn\u00ed styl. Uchov\u00e1vejte mimo dosah d\u011bt\u00ed. Skladov\u00e1n\u00ed: Po otev\u0159en\u00ed skladujte na chladn\u00e9m a such\u00e9m m\u00edst\u011b.<br \/>UPOZORN\u011aN\u00cd: Nep\u0159ekra\u010dujte doporu\u010denou denn\u00ed d\u00e1vku.<\/p><\/div><\/div><\/div><p><\/p><\/div><\/div><\/div><\/div><\/div><\/div><\/div><\/div><\/div><\/div><\/div><\/div><\/div><\/div><\/div><\/div><\/div><\/div><\/div> <a href=\"https:\/\/vroteina.com\/cs\/product\/proteina-85-al-natural-copy\/#more-29742\" class=\"more-link elementor-more-link\"><span aria-label=\"Pokra\u010dovat ve \u010dten\u00ed PROTE\u00cdNA+MORINGA 100%VEGAN\">(v\u00edce&hellip;)<\/span><\/a>","protected":false},"excerpt":{"rendered":"<h5 class=\"wpb_text_column wpb_content_element\">PROTEIN + MORINGA<\/h5>\n<div class=\"wpb_text_column wpb_content_element\">\n<div class=\"wpb_wrapper\">\n<div class=\"styled-subtitle\">\n<div class=\"wpb_text_column wpb_content_element\">\n<div class=\"wpb_wrapper\">\n<div class=\"styled-subtitle\">\n<div class=\"wpb_text_column wpb_content_element\">\n<div class=\"wpb_wrapper\">\n<div>PR\u00c1\u0160KOV\u00dd DOPLN\u011aK STRAVY<\/div>\n<div>na b\u00e1zi rostlinn\u00fdch b\u00edlkovin, inulinu, moringy a sko\u0159ice, p\u0159\u00edrodn\u00edho aroma a sladidla st\u00e9vie.<br \/>\n\u010cist\u00e1 hmotnost: 1 kg<\/div>\n<\/div>\n<\/div>\n<div class=\"wpb_text_column wpb_content_element\">\n<div class=\"wpb_wrapper\"><\/div>\n<\/div>\n<\/div>\n<\/div>\n<\/div>\n<h6><\/h6>\n<\/div>\n<\/div>\n<\/div>","protected":false},"featured_media":30934,"comment_status":"open","ping_status":"closed","template":"","meta":[],"product_brand":[],"product_cat":[15],"product_tag":[18,21,22],"class_list":{"0":"post-29742","1":"product","2":"type-product","3":"status-publish","4":"has-post-thumbnail","6":"product_cat-proteina","7":"product_tag-batido-proteina","8":"product_tag-proteina","9":"product_tag-proteina-vegana-en","11":"first","12":"instock","13":"featured","14":"taxable","15":"shipping-taxable","16":"purchasable","17":"product-type-variable"},"_links":{"self":[{"href":"https:\/\/vroteina.com\/cs\/wp-json\/wp\/v2\/product\/29742","targetHints":{"allow":["GET"]}}],"collection":[{"href":"https:\/\/vroteina.com\/cs\/wp-json\/wp\/v2\/product"}],"about":[{"href":"https:\/\/vroteina.com\/cs\/wp-json\/wp\/v2\/types\/product"}],"replies":[{"embeddable":true,"href":"https:\/\/vroteina.com\/cs\/wp-json\/wp\/v2\/comments?post=29742"}],"version-history":[{"count":21,"href":"https:\/\/vroteina.com\/cs\/wp-json\/wp\/v2\/product\/29742\/revisions"}],"predecessor-version":[{"id":31002,"href":"https:\/\/vroteina.com\/cs\/wp-json\/wp\/v2\/product\/29742\/revisions\/31002"}],"wp:featuredmedia":[{"embeddable":true,"href":"https:\/\/vroteina.com\/cs\/wp-json\/wp\/v2\/media\/30934"}],"wp:attachment":[{"href":"https:\/\/vroteina.com\/cs\/wp-json\/wp\/v2\/media?parent=29742"}],"wp:term":[{"taxonomy":"product_brand","embeddable":true,"href":"https:\/\/vroteina.com\/cs\/wp-json\/wp\/v2\/product_brand?post=29742"},{"taxonomy":"product_cat","embeddable":true,"href":"https:\/\/vroteina.com\/cs\/wp-json\/wp\/v2\/product_cat?post=29742"},{"taxonomy":"product_tag","embeddable":true,"href":"https:\/\/vroteina.com\/cs\/wp-json\/wp\/v2\/product_tag?post=29742"}],"curies":[{"name":"wp","href":"https:\/\/api.w.org\/{rel}","templated":true}]}}