{"id":29708,"date":"2025-04-18T08:20:53","date_gmt":"2025-04-18T08:20:53","guid":{"rendered":"https:\/\/vroteina.com\/?post_type=product&#038;p=29708"},"modified":"2026-02-05T18:59:53","modified_gmt":"2026-02-05T18:59:53","slug":"vitamina-b12-en-spray","status":"publish","type":"product","link":"https:\/\/vroteina.com\/de\/product\/vitamina-b12-en-spray\/","title":{"rendered":"VITAMIN-B12-SPRAY"},"content":{"rendered":"<div class=\"row\">\n<div class=\"product-content entry-content\">\n<div id=\"vc_row-67f388c2d8b59\" class=\"vc_row wpb_row vc_row-fluid\">\n<div class=\"wpb_column vc_column_container vc_col-sm-6\">\n<div class=\"vc_column-inner\">\n<div class=\"wpb_wrapper\">\n<div class=\"wpb_single_image wpb_content_element vc_align_center\">\n<figure class=\"wpb_wrapper vc_figure\">\n<div class=\"vc_tta-container woocommerce-tabs wc-tabs-wrapper gem-woocommerce-tabs\" data-vc-action=\"collapse\">\n<div class=\"vc_general vc_tta vc_tta-tabs vc_tta-color-thegem vc_tta-style-classic vc_tta-shape-square vc_tta-spacing-5 vc_tta-tabs-position-top vc_tta-controls-align-left\">\n<div class=\"vc_tta-panels-container\">\n<div class=\"vc_tta-panels\">\n<div id=\"tab-description\" class=\"vc_tta-panel vc_active\" data-vc-content=\".vc_tta-panel-body\">\n<div class=\"vc_tta-panel-body\">\n<div class=\"wpb_text_column wpb_content_element\">\n<div class=\"wpb_wrapper\">\n<p><span class=\"light\"><span class=\"tlid-translation translation\" lang=\"es\"><span class=\"\" title=\"\">Vitamin B12<\/span><\/span><\/span><\/p>\n<\/div>\n<\/div>\n<div class=\"wpb_text_column wpb_content_element\">\n<p>Gebrauchsfertiges fl\u00fcssiges Nahrungserg\u00e4nzungsmittel<br \/>\nauf der Grundlage von Vitamin B12.<\/p>\n<p>Fl\u00fcssiges Spray<br \/>\n175 Dosen \u00e0 0,28 ml<br \/>\nNettof\u00fcllmenge: 50 ml<\/p>\n<\/div>\n<div class=\"wpb_text_column wpb_content_element\">\n<div class=\"wpb_wrapper\">Vitamin B12 tr\u00e4gt zu einem normalen Energiestoffwechsel bei.<\/div>\n<div class=\"wpb_wrapper\">Vitamin B12 tr\u00e4gt zu einer normalen Funktion des Nervensystems bei.<\/div>\n<div class=\"wpb_wrapper\">Vitamin B12 tr\u00e4gt zu einem normalen Homocystein-Stoffwechsel bei.<\/div>\n<div class=\"wpb_wrapper\">Vitamin B12 tr\u00e4gt zu einer normalen psychischen Funktion bei.<\/div>\n<div class=\"wpb_wrapper\">Vitamin B12 tr\u00e4gt zur normalen Bildung von roten Blutk\u00f6rperchen bei.<\/div>\n<div class=\"wpb_wrapper\">Vitamin B12 tr\u00e4gt zu einer normalen Funktion des Immunsystems bei.<\/div>\n<div class=\"wpb_wrapper\">Vitamin B12 hilft, M\u00fcdigkeit und Ersch\u00f6pfung zu verringern.<\/div>\n<div class=\"wpb_wrapper\">Vitamin B12 tr\u00e4gt zum Prozess der Zellteilung bei.<\/div>\n<\/div>\n<div class=\"vc_tta-container woocommerce-tabs wc-tabs-wrapper gem-woocommerce-tabs\" data-vc-action=\"collapse\">\n<div class=\"vc_general vc_tta vc_tta-tabs vc_tta-color-thegem vc_tta-style-classic vc_tta-shape-square vc_tta-spacing-5 vc_tta-tabs-position-top vc_tta-controls-align-left\">\n<div class=\"vc_tta-panels-container\">\n<div class=\"vc_tta-panels\">\n<div id=\"tab-description\" class=\"vc_tta-panel vc_active\" data-vc-content=\".vc_tta-panel-body\">\n<div class=\"vc_tta-panel-body\">\n<p><img fetchpriority=\"high\" decoding=\"async\" class=\"alignnone wp-image-30645 size-full\" src=\"https:\/\/vroteina.com\/wp-content\/uploads\/2025\/04\/vroteina-gold-edition-B12-1.png\" alt=\"\" width=\"684\" height=\"609\" srcset=\"https:\/\/vroteina.com\/wp-content\/uploads\/2025\/04\/vroteina-gold-edition-B12-1.png 684w, https:\/\/vroteina.com\/wp-content\/uploads\/2025\/04\/vroteina-gold-edition-B12-1-300x267.png 300w, https:\/\/vroteina.com\/wp-content\/uploads\/2025\/04\/vroteina-gold-edition-B12-1-13x12.png 13w, https:\/\/vroteina.com\/wp-content\/uploads\/2025\/04\/vroteina-gold-edition-B12-1-600x534.png 600w\" sizes=\"(max-width: 684px) 100vw, 684px\" \/><\/p>\n<div class=\"vc_tta-container woocommerce-tabs wc-tabs-wrapper gem-woocommerce-tabs\" data-vc-action=\"collapse\">\n<div class=\"vc_general vc_tta vc_tta-tabs vc_tta-color-thegem vc_tta-style-classic vc_tta-shape-square vc_tta-spacing-5 vc_tta-tabs-position-top vc_tta-controls-align-left\">\n<div class=\"vc_tta-panels-container\">\n<div class=\"vc_tta-panels\">\n<div id=\"tab-description\" class=\"vc_tta-panel vc_active\" data-vc-content=\".vc_tta-panel-body\">\n<div class=\"vc_tta-panel-body\">\n<div class=\"wpb_text_column wpb_content_element\">\n<div class=\"wpb_wrapper\"><img decoding=\"async\" class=\"alignnone wp-image-30651 size-large\" src=\"https:\/\/vroteina.com\/wp-content\/uploads\/2025\/04\/vroteina-gold-edition-B12-6-1024x468.png\" alt=\"\" width=\"800\" height=\"366\" srcset=\"https:\/\/vroteina.com\/wp-content\/uploads\/2025\/04\/vroteina-gold-edition-B12-6-1024x468.png 1024w, https:\/\/vroteina.com\/wp-content\/uploads\/2025\/04\/vroteina-gold-edition-B12-6-300x137.png 300w, https:\/\/vroteina.com\/wp-content\/uploads\/2025\/04\/vroteina-gold-edition-B12-6-768x351.png 768w, https:\/\/vroteina.com\/wp-content\/uploads\/2025\/04\/vroteina-gold-edition-B12-6-18x8.png 18w, https:\/\/vroteina.com\/wp-content\/uploads\/2025\/04\/vroteina-gold-edition-B12-6-600x274.png 600w, https:\/\/vroteina.com\/wp-content\/uploads\/2025\/04\/vroteina-gold-edition-B12-6.png 1125w\" sizes=\"(max-width: 800px) 100vw, 800px\" \/><\/div>\n<\/div>\n<\/div>\n<\/div>\n<\/div>\n<\/div>\n<\/div>\n<\/div>\n<div class=\"wpb_text_column wpb_content_element\">\n<div class=\"wpb_wrapper\"><\/div>\n<\/div>\n<div class=\"wpb_text_column wpb_content_element\">\n<div class=\"wpb_wrapper\">\n<h5><\/h5>\n<\/div>\n<\/div>\n<p>&nbsp;<\/p>\n<\/div>\n<\/div>\n<\/div>\n<\/div>\n<\/div>\n<\/div>\n<div class=\"product-content entry-content\">\n<div id=\"vc_row-680a7063a5964\" class=\"vc_row wpb_row vc_row-fluid\">\n<div class=\"wpb_column vc_column_container vc_col-sm-6\">\n<div class=\"vc_column-inner\">\n<div class=\"wpb_wrapper\">\n<div class=\"wpb_text_column wpb_content_element\">\n<div class=\"wpb_wrapper\">\n<div class=\"title-h3\"><span class=\"light\"><span class=\"letter-spacing\">Vitamin B12<br \/>\n<\/span><\/span><\/div>\n<\/div>\n<\/div>\n<div class=\"wpb_text_column wpb_content_element\">\n<div class=\"wpb_wrapper\">\n<p>NAHRUNGSERG\u00c4NZUNGSMITTEL SOLLTEN NICHT ALS ERSATZ F\u00dcR EINE AUSGEWOGENE, ABWECHSLUNGSREICHE ERN\u00c4HRUNG UND EINE GESUNDE LEBENSWEISE VERWENDET WERDEN.<\/p>\n<p>ES IST WICHTIG, SICH ABWECHSLUNGSREICH UND AUSGEWOGEN ZU ERN\u00c4HREN UND EINEN GESUNDEN LEBENSSTIL ZU PFLEGEN. <span class=\"markv28i6eoti\" data-markjs=\"true\" data-ogac=\"\" data-ogab=\"\" data-ogsc=\"\" data-ogsb=\"\">HEALTHY<\/span>.<\/p>\n<p>WARNHINWEISE: DIE EMPFOHLENE TAGESDOSIS DARF NICHT \u00dcBERSCHRITTEN WERDEN. AUSSERHALB DER REICHWEITE VON KINDERN AUFBEWAHREN. LAGERUNG: NACH DEM \u00d6FFNEN AN EINEM K\u00dcHLEN, TROCKENEN ORT AUFBEWAHREN.<\/p>\n<\/div>\n<\/div>\n<\/div>\n<\/div>\n<\/div>\n<div class=\"wpb_column vc_column_container vc_col-sm-6\">\n<div class=\"vc_column-inner\">\n<div class=\"wpb_wrapper\">\n<div class=\"wpb_single_image wpb_content_element vc_align_center\">\n<figure class=\"wpb_wrapper vc_figure\"><img decoding=\"async\" class=\"alignnone wp-image-30653 size-full\" src=\"https:\/\/vroteina.com\/wp-content\/uploads\/2025\/04\/vroteina-gold-edition-B12-8.png\" alt=\"\" width=\"675\" height=\"492\" srcset=\"https:\/\/vroteina.com\/wp-content\/uploads\/2025\/04\/vroteina-gold-edition-B12-8.png 675w, https:\/\/vroteina.com\/wp-content\/uploads\/2025\/04\/vroteina-gold-edition-B12-8-300x219.png 300w, https:\/\/vroteina.com\/wp-content\/uploads\/2025\/04\/vroteina-gold-edition-B12-8-16x12.png 16w, https:\/\/vroteina.com\/wp-content\/uploads\/2025\/04\/vroteina-gold-edition-B12-8-600x437.png 600w\" sizes=\"(max-width: 675px) 100vw, 675px\" \/><\/figure>\n<\/div>\n<div class=\"wpb_text_column wpb_content_element\">\n<div class=\"wpb_wrapper\">\n<h6 class=\"title-h5\">Fitness ist das Ergebnis jahrelangen, engagierten Trainings und einer gesunden Ern\u00e4hrung - sie ist NICHT das Ergebnis der Einnahme von Nahrungserg\u00e4nzungsmitteln.<\/h6>\n<\/div>\n<\/div>\n<\/div>\n<\/div>\n<\/div>\n<\/div>\n<div id=\"vc_row-680a7063a9a8c\" class=\"vc_row wpb_row vc_row-fluid\">\n<div class=\"wpb_column vc_column_container vc_col-sm-6\">\n<div class=\"vc_column-inner\">\n<div class=\"wpb_wrapper\">\n<div class=\"wpb_single_image wpb_content_element vc_align_center\">\n<figure class=\"wpb_wrapper vc_figure\"><img loading=\"lazy\" decoding=\"async\" class=\"alignnone wp-image-30652 size-full\" src=\"https:\/\/vroteina.com\/wp-content\/uploads\/2025\/04\/vroteina-gold-edition-B12-7.png\" alt=\"\" width=\"629\" height=\"511\" srcset=\"https:\/\/vroteina.com\/wp-content\/uploads\/2025\/04\/vroteina-gold-edition-B12-7.png 629w, https:\/\/vroteina.com\/wp-content\/uploads\/2025\/04\/vroteina-gold-edition-B12-7-300x244.png 300w, https:\/\/vroteina.com\/wp-content\/uploads\/2025\/04\/vroteina-gold-edition-B12-7-15x12.png 15w, https:\/\/vroteina.com\/wp-content\/uploads\/2025\/04\/vroteina-gold-edition-B12-7-600x487.png 600w\" sizes=\"(max-width: 629px) 100vw, 629px\" \/><\/figure>\n<\/div>\n<\/div>\n<\/div>\n<\/div>\n<div class=\"wpb_column vc_column_container vc_col-sm-6\">\n<div class=\"vc_column-inner\">\n<div class=\"wpb_wrapper\">\n<div class=\"wpb_text_column wpb_content_element\">\n<div class=\"wpb_wrapper\">\n<div class=\"wpb_text_column wpb_content_element\">\n<div class=\"wpb_wrapper\"><\/div>\n<\/div>\n<div class=\"wpb_text_column wpb_content_element\">\n<div class=\"wpb_wrapper title-h3\"><span class=\"light\"><span class=\"tlid-translation translation\" lang=\"es\"><span class=\"\" title=\"\">WARUM EIN VITAMIN-B12-ZUSATZPR\u00c4PARAT EINNEHMEN?<\/span><\/span><\/span><\/div>\n<\/div>\n<\/div>\n<\/div>\n<div class=\"wpb_text_column wpb_content_element\">\n<div class=\"wpb_wrapper\">\n<div class=\"title-h5\">\n<div class=\"wpb_text_column wpb_content_element\">\n<div class=\"wpb_wrapper\">\n<div class=\"styled-subtitle\"><span class=\"tlid-translation translation\" lang=\"es\"><span title=\"\">Bei einer pflanzlichen Ern\u00e4hrung, z. B. bei Veganern und Vegetariern, kann es schwierig sein, Vitamin B12 zu erhalten, da nur sehr wenige Pflanzen dieses Vitamin enthalten. Einige Algen wie Spirulina enthalten B12, aber in einer Form, die unser K\u00f6rper nicht nutzen kann.<\/span><\/span><\/div>\n<\/div>\n<\/div>\n<\/div>\n<\/div>\n<\/div>\n<\/div>\n<\/div>\n<\/div>\n<\/div>\n<div id=\"vc_row-680a7063abf7b\" class=\"vc_row wpb_row vc_row-fluid\">\n<div class=\"wpb_column vc_column_container vc_col-sm-6\">\n<div class=\"vc_column-inner\">\n<div class=\"wpb_wrapper\">\n<div class=\"wpb_text_column wpb_content_element\">\n<div class=\"wpb_wrapper\">\n<h3><span class=\"light\"><span class=\"tlid-translation translation\" lang=\"es\"><span class=\"\" title=\"\">B12 IN DER VEGANEN ERN\u00c4HRUNG<\/span><\/span><\/span><\/h3>\n<\/div>\n<\/div>\n<\/div>\n<\/div>\n<\/div>\n<div class=\"wpb_column vc_column_container vc_col-sm-6\">\n<div class=\"vc_column-inner\">\n<div class=\"wpb_wrapper\">\n<div class=\"wpb_single_image wpb_content_element vc_align_center\"><\/div>\n<\/div>\n<\/div>\n<\/div>\n<\/div>\n<div id=\"vc_row-680a7063ae3b2\" class=\"vc_row wpb_row vc_row-fluid\">\n<div class=\"wpb_column vc_column_container vc_col-sm-6\">\n<div class=\"vc_column-inner\">\n<div class=\"wpb_wrapper\">\n<div class=\"wpb_single_image wpb_content_element vc_align_center\">\n<figure class=\"wpb_wrapper vc_figure\"><a class=\"vc_single_image-wrapper vc_box_border_grey prettyphoto\" href=\"https:\/\/veggie-style.com\/vegan-shop\/wp-content\/uploads\/2019\/09\/vitamin-b12.jpg\" target=\"_self\" data-rel=\"prettyPhoto[rel-26018-2480336512]\"><img loading=\"lazy\" decoding=\"async\" class=\"vc_single_image-img attachment-large\" src=\"https:\/\/veggie-style.com\/vegan-shop\/wp-content\/uploads\/2019\/09\/vitamin-b12.jpg\" alt=\"\" width=\"200\" height=\"177\" \/><\/a><\/figure>\n<\/div>\n<\/div>\n<\/div>\n<\/div>\n<div class=\"wpb_column vc_column_container vc_col-sm-6\">\n<div class=\"vc_column-inner\">\n<div class=\"wpb_wrapper\">\n<div class=\"wpb_text_column wpb_content_element\">\n<div class=\"wpb_wrapper\">\n<div class=\"title-h3\"><span class=\"light\"><span class=\"tlid-translation translation\" lang=\"es\"><span class=\"\" title=\"\">Wir verwenden Methylcobalamin<\/span><\/span><\/span><\/div>\n<\/div>\n<\/div>\n<div class=\"wpb_text_column wpb_content_element\">\n<div class=\"wpb_wrapper\">\n<div class=\"title-h5\">\n<div class=\"gem-divider\"><\/div>\n<div class=\"wpb_text_column wpb_content_element\">\n<div class=\"wpb_wrapper\">\n<div class=\"styled-subtitle\">\n<p><span class=\"tlid-translation translation\" lang=\"es\"><span title=\"\">Es gibt 4 Arten von Vitamin B12:<\/span><br \/>\n<span title=\"\">Methylcobalamin<\/span><br \/>\n<span title=\"\">Adenosylcobalamin<\/span><br \/>\n<span title=\"\">Hydroxocobalamin<\/span><br \/>\n<span title=\"\">und die synthetische Form: Cyanocobalamin<\/span><br \/>\n<span class=\"\" title=\"\">Wir verwenden die Methylcobalamin-Version in unserem Nahrungserg\u00e4nzungsmittel.<\/span><\/span><\/p>\n<\/div>\n<\/div>\n<\/div>\n<\/div>\n<\/div>\n<\/div>\n<\/div>\n<\/div>\n<\/div>\n<\/div>\n<div id=\"vc_row-680a7063b058d\" class=\"vc_row wpb_row vc_row-fluid\">\n<div class=\"wpb_column vc_column_container vc_col-sm-6\">\n<div class=\"vc_column-inner\">\n<div class=\"wpb_wrapper\">\n<div class=\"wpb_text_column wpb_content_element\">\n<div class=\"wpb_wrapper\">\n<h3><span class=\"light\"><span class=\"tlid-translation translation\" lang=\"es\"><span class=\"\" title=\"\">Gesundheitliche Auswirkungen von Vitamin B12<br \/>\n<\/span><\/span><\/span><\/h3>\n<\/div>\n<\/div>\n<div class=\"wpb_text_column wpb_content_element\">\n<div class=\"wpb_wrapper\">\n<div class=\"title-h5\">\n<div class=\"styled-subtitle\">\n<div class=\"title-h6\">Vitamin B12 hilft, M\u00fcdigkeit und Ersch\u00f6pfung zu verringern.<\/div>\n<div class=\"title-h6\">Vitamin B12 tr\u00e4gt zum Prozess der Zellteilung bei.<\/div>\n<div class=\"title-h6\">Vitamin B12 tr\u00e4gt zu einem normalen Energiestoffwechsel bei.<\/div>\n<div class=\"title-h6\">Vitamin B12 tr\u00e4gt zu einer normalen Funktion des Nervensystems bei.<\/div>\n<p><span class=\"tlid-translation translation\" lang=\"es\"><span title=\"\">\u00a0<\/span><\/span><\/p>\n<\/div>\n<\/div>\n<\/div>\n<\/div>\n<\/div>\n<\/div>\n<\/div>\n<div class=\"wpb_column vc_column_container vc_col-sm-6\">\n<div class=\"vc_column-inner\">\n<div class=\"wpb_wrapper\">\n<div class=\"wpb_single_image wpb_content_element vc_align_center\"><\/div>\n<\/div>\n<\/div>\n<\/div>\n<\/div>\n<div id=\"vc_row-680a7063b2774\" class=\"vc_row wpb_row vc_row-fluid\">\n<div class=\"wpb_column vc_column_container vc_col-sm-6\">\n<div class=\"vc_column-inner\">\n<div class=\"wpb_wrapper\">\n<div class=\"wpb_single_image wpb_content_element vc_align_center\">\n<figure class=\"wpb_wrapper vc_figure\"><img loading=\"lazy\" decoding=\"async\" class=\"alignnone wp-image-30654 size-full\" src=\"https:\/\/vroteina.com\/wp-content\/uploads\/2025\/04\/vroteina-gold-edition-B12-9.png\" alt=\"\" width=\"640\" height=\"491\" srcset=\"https:\/\/vroteina.com\/wp-content\/uploads\/2025\/04\/vroteina-gold-edition-B12-9.png 640w, https:\/\/vroteina.com\/wp-content\/uploads\/2025\/04\/vroteina-gold-edition-B12-9-300x230.png 300w, https:\/\/vroteina.com\/wp-content\/uploads\/2025\/04\/vroteina-gold-edition-B12-9-16x12.png 16w, https:\/\/vroteina.com\/wp-content\/uploads\/2025\/04\/vroteina-gold-edition-B12-9-600x460.png 600w\" sizes=\"(max-width: 640px) 100vw, 640px\" \/><\/figure>\n<\/div>\n<\/div>\n<\/div>\n<\/div>\n<div class=\"wpb_column vc_column_container vc_col-sm-6\">\n<div class=\"vc_column-inner\">\n<div class=\"wpb_wrapper\">\n<div class=\"wpb_text_column wpb_content_element\">\n<div class=\"wpb_wrapper\">\n<div class=\"wpb_text_column wpb_content_element\">\n<div class=\"wpb_wrapper\"><\/div>\n<\/div>\n<div class=\"wpb_text_column wpb_content_element\">\n<div class=\"wpb_wrapper title-h3\"><span class=\"light\"><span class=\"tlid-translation translation\" lang=\"es\"><span class=\"\" title=\"\">WIE NUTZEN<\/span><\/span><\/span><\/div>\n<\/div>\n<\/div>\n<\/div>\n<div class=\"wpb_text_column wpb_content_element\">\n<div class=\"wpb_wrapper\">\n<div class=\"title-h5\">\n<div class=\"wpb_text_column wpb_content_element\">\n<div class=\"wpb_wrapper\">\n<div class=\"styled-subtitle\"><span class=\"tlid-translation translation\" lang=\"es\"><span class=\"\" title=\"\">Wir haben eine t\u00e4gliche Formel formuliert.<\/span> <span class=\"\" title=\"\">Dr\u00fccken Sie das Spray einmal pro Tag 2 Spr\u00fchst\u00f6\u00dfe direkt in den Mund.<\/span> <span class=\"\" title=\"\">Vor dem Schlucken ein paar Minuten im Mund lassen.<\/span><\/span><\/div>\n<\/div>\n<\/div>\n<\/div>\n<\/div>\n<\/div>\n<\/div>\n<\/div>\n<\/div>\n<\/div>\n<div id=\"vc_row-680a7063b48f2\" class=\"vc_row wpb_row vc_row-fluid\">\n<div class=\"wpb_column vc_column_container vc_col-sm-6\">\n<div class=\"vc_column-inner\">\n<div class=\"wpb_wrapper\">\n<div class=\"wpb_text_column wpb_content_element\">\n<div class=\"wpb_wrapper\">\n<div class=\"title-h5\">\n<div class=\"styled-subtitle\">\n<div class=\"wpb_text_column wpb_content_element\">\n<div class=\"wpb_wrapper\">\n<div class=\"styled-subtitle\"><span class=\"tlid-translation translation\" lang=\"es\"><span title=\"\">Wir produzieren eine fl\u00fcssige Version in einem Aerosol, aus dem einfachen Grund, dass dies eine bessere Absorption gew\u00e4hrleistet.<\/span>\u00a0<\/span><\/div>\n<\/div>\n<\/div>\n<\/div>\n<\/div>\n<\/div>\n<\/div>\n<\/div>\n<\/div>\n<\/div>\n<div class=\"wpb_column vc_column_container vc_col-sm-6\">\n<div class=\"vc_column-inner\">\n<div class=\"wpb_wrapper\">\n<div class=\"wpb_single_image wpb_content_element vc_align_center\"><\/div>\n<div class=\"wpb_text_column wpb_content_element\">\n<div class=\"wpb_wrapper\">\n<div class=\"title-h6\">Fitness ist das Ergebnis jahrelangen, engagierten Trainings und einer gesunden Ern\u00e4hrung - sie ist NICHT das Ergebnis der Einnahme von Nahrungserg\u00e4nzungsmitteln.<\/div>\n<\/div>\n<\/div>\n<\/div>\n<\/div>\n<\/div>\n<\/div>\n<div id=\"vc_row-680a7063b6e6c\" class=\"vc_row wpb_row vc_row-fluid\">\n<div class=\"wpb_column vc_column_container vc_col-sm-12\">\n<div class=\"vc_column-inner\">\n<div class=\"wpb_wrapper\">\n<div class=\"wpb_single_image wpb_content_element vc_align_center\">\n<figure class=\"wpb_wrapper vc_figure\"><img loading=\"lazy\" decoding=\"async\" class=\"alignnone wp-image-30656 size-full\" src=\"https:\/\/vroteina.com\/wp-content\/uploads\/2025\/04\/ChatGPT-Image-20-ene-2026-22_20_54.png\" alt=\"\" width=\"1024\" height=\"1024\" srcset=\"https:\/\/vroteina.com\/wp-content\/uploads\/2025\/04\/ChatGPT-Image-20-ene-2026-22_20_54.png 1024w, https:\/\/vroteina.com\/wp-content\/uploads\/2025\/04\/ChatGPT-Image-20-ene-2026-22_20_54-300x300.png 300w, https:\/\/vroteina.com\/wp-content\/uploads\/2025\/04\/ChatGPT-Image-20-ene-2026-22_20_54-150x150.png 150w, https:\/\/vroteina.com\/wp-content\/uploads\/2025\/04\/ChatGPT-Image-20-ene-2026-22_20_54-768x768.png 768w, https:\/\/vroteina.com\/wp-content\/uploads\/2025\/04\/ChatGPT-Image-20-ene-2026-22_20_54-12x12.png 12w, https:\/\/vroteina.com\/wp-content\/uploads\/2025\/04\/ChatGPT-Image-20-ene-2026-22_20_54-600x600.png 600w, https:\/\/vroteina.com\/wp-content\/uploads\/2025\/04\/ChatGPT-Image-20-ene-2026-22_20_54-100x100.png 100w\" sizes=\"(max-width: 1024px) 100vw, 1024px\" \/><\/figure>\n<\/div>\n<div class=\"wpb_text_column wpb_content_element\">\n<div class=\"wpb_wrapper\">\n<div class=\"title-h6\">Vitamin B12 tr\u00e4gt zum normalen Stoffwechsel von Homocystein bei.<\/div>\n<div class=\"title-h6\">Vitamin B12 tr\u00e4gt zu einer normalen psychischen Funktion bei<\/div>\n<div class=\"title-h6\">Vitamin B12 tr\u00e4gt zur normalen Bildung von roten Blutk\u00f6rperchen bei.<\/div>\n<div class=\"title-h6\">Vitamin B12 tr\u00e4gt zu einer normalen Funktion des Immunsystems bei.<\/div>\n<\/div>\n<\/div>\n<\/div>\n<\/div>\n<\/div>\n<\/div>\n<div id=\"vc_row-680a7063b8792\" class=\"vc_row wpb_row vc_row-fluid\">\n<div class=\"wpb_column vc_column_container vc_col-sm-12\">\n<div class=\"vc_column-inner\">\n<div class=\"wpb_wrapper\">\n<div class=\"wpb_single_image wpb_content_element vc_align_center\">\n<figure class=\"wpb_wrapper vc_figure\"><a class=\"vc_single_image-wrapper vc_box_border_grey prettyphoto\" href=\"https:\/\/veggie-style.com\/vegan-shop\/wp-content\/uploads\/2019\/09\/vroteina-vitamina-B12-post-A6.png\" target=\"_self\" data-rel=\"prettyPhoto[rel-26018-2699978538]\"><img loading=\"lazy\" decoding=\"async\" class=\"vc_single_image-img attachment-large\" src=\"https:\/\/veggie-style.com\/vegan-shop\/wp-content\/uploads\/2019\/09\/vroteina-vitamina-B12-post-A6.png\" sizes=\"(max-width: 687px) 100vw, 687px\" srcset=\"https:\/\/veggie-style.com\/vegan-shop\/wp-content\/uploads\/2019\/09\/vroteina-vitamina-B12-post-A6.png 687w, https:\/\/veggie-style.com\/vegan-shop\/wp-content\/uploads\/2019\/09\/vroteina-vitamina-B12-post-A6-300x223.png 300w, https:\/\/veggie-style.com\/vegan-shop\/wp-content\/uploads\/2019\/09\/vroteina-vitamina-B12-post-A6-600x446.png 600w\" alt=\"\" width=\"687\" height=\"511\" \/><\/a><\/figure>\n<\/div>\n<div class=\"wpb_single_image wpb_content_element vc_align_center\"><\/div>\n<div class=\"wpb_single_image wpb_content_element vc_align_center\"><\/div>\n<div class=\"wpb_text_column wpb_content_element\">\n<div class=\"wpb_wrapper\">\n<h6>Fitness ist das Ergebnis jahrelangen, engagierten Trainings und einer gesunden Ern\u00e4hrung - sie ist NICHT das Ergebnis der Einnahme von Nahrungserg\u00e4nzungsmitteln.<\/h6>\n<\/div>\n<\/div>\n<\/div>\n<\/div>\n<\/div>\n<\/div>\n<div id=\"vc_row-680a7063bbcbe\" class=\"vc_row wpb_row vc_row-fluid vc_custom_1455193841743\">\n<div class=\"wpb_column vc_column_container vc_col-sm-12\">\n<div class=\"vc_column-inner\">\n<div class=\"wpb_wrapper\">\n<div id=\"fullwidth-block-680a7063bc3b2\" class=\"fullwidth-block clearfix\">\n<div class=\"fullwidth-block-inner\">\n<div class=\"container\">\n<div class=\"wpb_text_column wpb_content_element\">\n<div class=\"wpb_wrapper\">\n<div class=\"title-h1\"><span class=\"tlid-translation translation\" lang=\"es\"><span class=\"\" title=\"\">VEGGIE STYLE GEGR\u00dcNDET 2011<\/span><\/span><\/div>\n<\/div>\n<\/div>\n<div class=\"wpb_text_column wpb_content_element\">\n<div class=\"wpb_wrapper\">\n<div class=\"styled-subtitle\"><span class=\"tlid-translation translation\" lang=\"es\"><span class=\"\" title=\"\">Veganes Unternehmen 100% gegr\u00fcndet von Carlos Barbon - veganer Kraftsportler und Tierrechtsaktivist<\/span><\/span><\/div>\n<\/div>\n<\/div>\n<div class=\"clearboth\"><\/div>\n<div class=\"gem-divider\"><\/div>\n<div class=\"vc_row wpb_row vc_inner vc_row-fluid\">\n<div class=\"wpb_column vc_column_container vc_col-sm-12 vc_col-lg-8 vc_col-md-12\">\n<div class=\"vc_column-inner vc_custom_1455191337501\">\n<div class=\"wpb_wrapper\">\n<div class=\"wpb_single_image wpb_content_element vc_align_center\">\n<figure class=\"wpb_wrapper vc_figure\">\n<div class=\"vc_single_image-wrapper vc_box_border_grey\"><\/div>\n<\/figure>\n<\/div>\n<\/div>\n<\/div>\n<\/div>\n<div class=\"wpb_column vc_column_container vc_col-sm-4 vc_col-lg-4 vc_hidden-md vc_hidden-sm vc_hidden-xs\">\n<div class=\"vc_column-inner\">\n<div class=\"wpb_wrapper\">\n<div class=\"clearboth\"><\/div>\n<div class=\"gem-divider\"><\/div>\n<div class=\"wpb_text_column wpb_content_element\">\n<div class=\"wpb_wrapper\">\n<div class=\"title-h4\">100% VEGAN<\/div>\n<p><span class=\"tlid-translation translation\" lang=\"es\"><span class=\"\" title=\"\">Veganes Unternehmen 100% gegr\u00fcndet von Carlos Barbon - veganer Kraftsportler und Tierrechtsaktivist<\/span><\/span><\/p>\n<\/div>\n<\/div>\n<div class=\"gem-divider\"><\/div>\n<div class=\"wpb_text_column wpb_content_element\">\n<div class=\"wpb_wrapper\">\n<div class=\"title-h4\"><span class=\"tlid-translation translation\" lang=\"es\"><span class=\"\" title=\"\">Allergenfrei<\/span><\/span><\/div>\n<p><span class=\"tlid-translation translation\" lang=\"es\"><span class=\"\" title=\"\">In unseren eigenen Produktionsst\u00e4tten in Alicante garantieren wir, dass alle Ger\u00e4te niemals mit irgendwelchen Allergenen wie Gluten, Milch, Eiern, N\u00fcssen usw. in Ber\u00fchrung kommen.<\/span><\/span><\/p>\n<\/div>\n<\/div>\n<div class=\"gem-divider\"><\/div>\n<\/div>\n<\/div>\n<\/div>\n<\/div>\n<\/div>\n<\/div>\n<\/div>\n<\/div>\n<\/div>\n<\/div>\n<\/div>\n<\/div>\n<p>&nbsp;<\/p>\n<\/div>\n<\/div>\n<\/div>\n<\/div>\n<\/div>\n<\/div>\n<div class=\"product-content entry-content\">\n<div id=\"vc_row-680207d90e565\" class=\"vc_row wpb_row vc_row-fluid\">\n<div class=\"wpb_column vc_column_container vc_col-sm-12\">\n<div class=\"vc_column-inner\">\n<div class=\"wpb_wrapper\">\n<div class=\"wpb_single_image wpb_content_element vc_align_center\"><\/div>\n<\/div>\n<\/div>\n<\/div>\n<\/div>\n<\/div>\n<\/figure>\n<\/div>\n<\/div>\n<\/div>\n<\/div>\n<\/div>\n<\/div>\n<\/div>","protected":false},"excerpt":{"rendered":"<h5 class=\"wpb_text_column wpb_content_element\">VEGANES VITAMIN B12<\/h5>\n<div class=\"wpb_text_column wpb_content_element\">\n<div class=\"wpb_wrapper\">\n<div class=\"styled-subtitle\">\n<p>Einnahmefertiges fl\u00fcssiges Nahrungserg\u00e4nzungsmittel auf Basis von Vitamin B12<br \/>\nFl\u00fcssiges Spray<br \/>\n175 Dosen \u00e0 0,28 ml<br \/>\nNettof\u00fcllmenge: 50 ml<\/p>\n<\/div>\n<\/div>\n<\/div>","protected":false},"featured_media":30492,"comment_status":"open","ping_status":"closed","template":"","meta":[],"product_brand":[],"product_cat":[184],"product_tag":[26,29,30,33],"class_list":{"0":"post-29708","1":"product","2":"type-product","3":"status-publish","4":"has-post-thumbnail","6":"product_cat-vitamina-d3-y-b12","7":"product_tag-acousto","8":"product_tag-clock","9":"product_tag-electronics","10":"product_tag-mega","12":"first","13":"instock","14":"featured","15":"taxable","16":"shipping-taxable","17":"purchasable","18":"product-type-simple"},"_links":{"self":[{"href":"https:\/\/vroteina.com\/de\/wp-json\/wp\/v2\/product\/29708","targetHints":{"allow":["GET"]}}],"collection":[{"href":"https:\/\/vroteina.com\/de\/wp-json\/wp\/v2\/product"}],"about":[{"href":"https:\/\/vroteina.com\/de\/wp-json\/wp\/v2\/types\/product"}],"replies":[{"embeddable":true,"href":"https:\/\/vroteina.com\/de\/wp-json\/wp\/v2\/comments?post=29708"}],"version-history":[{"count":5,"href":"https:\/\/vroteina.com\/de\/wp-json\/wp\/v2\/product\/29708\/revisions"}],"predecessor-version":[{"id":30650,"href":"https:\/\/vroteina.com\/de\/wp-json\/wp\/v2\/product\/29708\/revisions\/30650"}],"wp:featuredmedia":[{"embeddable":true,"href":"https:\/\/vroteina.com\/de\/wp-json\/wp\/v2\/media\/30492"}],"wp:attachment":[{"href":"https:\/\/vroteina.com\/de\/wp-json\/wp\/v2\/media?parent=29708"}],"wp:term":[{"taxonomy":"product_brand","embeddable":true,"href":"https:\/\/vroteina.com\/de\/wp-json\/wp\/v2\/product_brand?post=29708"},{"taxonomy":"product_cat","embeddable":true,"href":"https:\/\/vroteina.com\/de\/wp-json\/wp\/v2\/product_cat?post=29708"},{"taxonomy":"product_tag","embeddable":true,"href":"https:\/\/vroteina.com\/de\/wp-json\/wp\/v2\/product_tag?post=29708"}],"curies":[{"name":"wp","href":"https:\/\/api.w.org\/{rel}","templated":true}]}}