{"id":29742,"date":"2025-04-21T08:44:05","date_gmt":"2025-04-21T08:44:05","guid":{"rendered":"https:\/\/vroteina.com\/?post_type=product&#038;p=29742"},"modified":"2026-04-15T18:05:56","modified_gmt":"2026-04-15T18:05:56","slug":"proteina-85-al-natural-copy","status":"publish","type":"product","link":"https:\/\/vroteina.com\/de\/product\/proteina-85-al-natural-copy\/","title":{"rendered":"EIWEISS+MORINGA 100%VEGAN"},"content":{"rendered":"<div data-elementor-type=\"wp-post\" data-elementor-id=\"29742\" class=\"elementor elementor-29742\" data-elementor-post-type=\"product\">\n\t\t\t\t<div class=\"elementor-element elementor-element-507a4d82 e-flex e-con-boxed e-con e-parent\" data-id=\"507a4d82\" data-element_type=\"container\">\n\t\t\t\t\t<div class=\"e-con-inner\">\n\t\t\t\t<div class=\"elementor-element elementor-element-1d5b73af elementor-widget elementor-widget-text-editor\" data-id=\"1d5b73af\" data-element_type=\"widget\" data-widget_type=\"text-editor.default\">\n\t\t\t\t\t\t\t\t\t<div class=\"row\"><div class=\"vc_tta-container woocommerce-tabs wc-tabs-wrapper gem-woocommerce-tabs\" data-vc-action=\"collapse\"><div class=\"vc_general vc_tta vc_tta-tabs vc_tta-color-thegem vc_tta-style-classic vc_tta-shape-square vc_tta-spacing-5 vc_tta-tabs-position-top vc_tta-controls-align-left\"><div class=\"vc_tta-panels-container\"><div class=\"vc_tta-panels\"><div id=\"tab-description\" class=\"vc_tta-panel vc_active\" data-vc-content=\".vc_tta-panel-body\"><div class=\"vc_tta-panel-body\"><div class=\"wpb_text_column wpb_content_element\"><div class=\"wpb_wrapper\">\u00a0<\/div><\/div><div class=\"wpb_text_column wpb_content_element\"><div class=\"wpb_wrapper\"><div class=\"styled-subtitle\"><div class=\"title-h5\"><div class=\"title-h6\"><div class=\"wpb_text_column wpb_content_element\"><div class=\"wpb_wrapper\"><p><span class=\"letter-spacing\">VEGGIE STYLE<\/span><\/p><\/div><\/div><div class=\"wpb_text_column wpb_content_element\"><div class=\"wpb_wrapper title-h3\">EIWEISS+MORINGA<\/div><\/div><div class=\"wpb_text_column wpb_content_element\"><div class=\"wpb_wrapper\"><div class=\"styled-subtitle\"><span class=\"tlid-translation translation\" lang=\"es\"><span title=\"\">W\u00c4HLEN SIE AUS UNSEREN 3 VERSCHIEDENEN GESCHMACKSRICHTUNGEN:<\/span><br \/><span class=\"\" title=\"\">ERDBEERE, VANILLE UND SCHOKOLADE:<\/span><\/span><\/div><div class=\"styled-subtitle\"><p><img fetchpriority=\"high\" decoding=\"async\" class=\"alignnone wp-image-30963 size-full\" src=\"https:\/\/vroteina.com\/wp-content\/uploads\/2026\/02\/VROTEINIA-WEB-FOTOS-proteina-y-moringa-1.png\" alt=\"\" width=\"735\" height=\"478\" srcset=\"https:\/\/vroteina.com\/wp-content\/uploads\/2026\/02\/VROTEINIA-WEB-FOTOS-proteina-y-moringa-1.png 735w, https:\/\/vroteina.com\/wp-content\/uploads\/2026\/02\/VROTEINIA-WEB-FOTOS-proteina-y-moringa-1-300x195.png 300w, https:\/\/vroteina.com\/wp-content\/uploads\/2026\/02\/VROTEINIA-WEB-FOTOS-proteina-y-moringa-1-18x12.png 18w, https:\/\/vroteina.com\/wp-content\/uploads\/2026\/02\/VROTEINIA-WEB-FOTOS-proteina-y-moringa-1-600x390.png 600w\" sizes=\"(max-width: 735px) 100vw, 735px\" \/><\/p><p><img decoding=\"async\" src=\"\/images\/vegan-protein-shakemoringa-strawberryjarr.PNG\" alt=\"\" \/><img decoding=\"async\" src=\"\/images\/vegan-protein-shakemoringa-chocolatejarr.PNG\" alt=\"\" \/><\/p><div class=\"title-h5\">pROTEIN+mORINGA<\/div><div><div class=\"title-h5\">Power Greens<\/div><div><div><h5><strong>Nahrungserg\u00e4nzungsmittel hergestellt von:<\/strong><\/h5><p>VROTEINA VEGGIE STYLE S.L.<br \/>B75845693<br \/>Camino de los Colmenares 100<br \/>03114 Alicante<br \/>Tel.: 665033362<br \/>www.wheat-hummingbird-185042.hostingersite.com<br \/>Nahrungserg\u00e4nzungsmittel sollten nicht als Ersatz f\u00fcr eine ausgewogene Ern\u00e4hrung verwendet werden. Es ist wichtig, sich abwechslungsreich und ausgewogen zu ern\u00e4hren und eine gesunde Lebensweise zu pflegen. Au\u00dferhalb der Reichweite von Kindern aufbewahren. Lagerung: Nach dem \u00d6ffnen an einem k\u00fchlen, trockenen Ort aufbewahren.<br \/>WARNUNGEN: Die empfohlene Tagesdosis darf nicht \u00fcberschritten werden.<\/p><\/div><\/div><\/div><p><\/p><\/div><\/div><\/div><\/div><\/div><\/div><\/div><\/div><\/div><\/div><\/div><\/div><\/div><\/div><\/div><\/div><\/div><\/div><\/div> <a href=\"https:\/\/vroteina.com\/de\/product\/proteina-85-al-natural-copy\/#more-29742\" class=\"more-link elementor-more-link\"><span aria-label=\"PROTE\u00cdNA+MORINGA 100%VEGAN weiterlesen\">(mehr &hellip;)<\/span><\/a>","protected":false},"excerpt":{"rendered":"<h5 class=\"wpb_text_column wpb_content_element\">EIWEISS + MORINGA<\/h5>\n<div class=\"wpb_text_column wpb_content_element\">\n<div class=\"wpb_wrapper\">\n<div class=\"styled-subtitle\">\n<div class=\"wpb_text_column wpb_content_element\">\n<div class=\"wpb_wrapper\">\n<div class=\"styled-subtitle\">\n<div class=\"wpb_text_column wpb_content_element\">\n<div class=\"wpb_wrapper\">\n<div>NAHRUNGSERG\u00c4NZUNGSMITTEL IN PULVERFORM<\/div>\n<div>auf Basis von pflanzlichem Eiwei\u00df, Inulin, Moringa und Zimt, nat\u00fcrlichem Aroma und Stevia-S\u00fc\u00dfstoff<br \/>\nNettogewicht: 1kg<\/div>\n<\/div>\n<\/div>\n<div class=\"wpb_text_column wpb_content_element\">\n<div class=\"wpb_wrapper\"><\/div>\n<\/div>\n<\/div>\n<\/div>\n<\/div>\n<h6><\/h6>\n<\/div>\n<\/div>\n<\/div>","protected":false},"featured_media":30934,"comment_status":"open","ping_status":"closed","template":"","meta":[],"product_brand":[],"product_cat":[15],"product_tag":[18,21,22],"class_list":{"0":"post-29742","1":"product","2":"type-product","3":"status-publish","4":"has-post-thumbnail","6":"product_cat-proteina","7":"product_tag-batido-proteina","8":"product_tag-proteina","9":"product_tag-proteina-vegana-en","11":"first","12":"instock","13":"featured","14":"taxable","15":"shipping-taxable","16":"purchasable","17":"product-type-variable"},"_links":{"self":[{"href":"https:\/\/vroteina.com\/de\/wp-json\/wp\/v2\/product\/29742","targetHints":{"allow":["GET"]}}],"collection":[{"href":"https:\/\/vroteina.com\/de\/wp-json\/wp\/v2\/product"}],"about":[{"href":"https:\/\/vroteina.com\/de\/wp-json\/wp\/v2\/types\/product"}],"replies":[{"embeddable":true,"href":"https:\/\/vroteina.com\/de\/wp-json\/wp\/v2\/comments?post=29742"}],"version-history":[{"count":21,"href":"https:\/\/vroteina.com\/de\/wp-json\/wp\/v2\/product\/29742\/revisions"}],"predecessor-version":[{"id":31002,"href":"https:\/\/vroteina.com\/de\/wp-json\/wp\/v2\/product\/29742\/revisions\/31002"}],"wp:featuredmedia":[{"embeddable":true,"href":"https:\/\/vroteina.com\/de\/wp-json\/wp\/v2\/media\/30934"}],"wp:attachment":[{"href":"https:\/\/vroteina.com\/de\/wp-json\/wp\/v2\/media?parent=29742"}],"wp:term":[{"taxonomy":"product_brand","embeddable":true,"href":"https:\/\/vroteina.com\/de\/wp-json\/wp\/v2\/product_brand?post=29742"},{"taxonomy":"product_cat","embeddable":true,"href":"https:\/\/vroteina.com\/de\/wp-json\/wp\/v2\/product_cat?post=29742"},{"taxonomy":"product_tag","embeddable":true,"href":"https:\/\/vroteina.com\/de\/wp-json\/wp\/v2\/product_tag?post=29742"}],"curies":[{"name":"wp","href":"https:\/\/api.w.org\/{rel}","templated":true}]}}