{"id":29771,"date":"2025-04-21T15:36:17","date_gmt":"2025-04-21T15:36:17","guid":{"rendered":"https:\/\/vroteina.com\/?post_type=product&#038;p=29771"},"modified":"2026-03-01T14:27:46","modified_gmt":"2026-03-01T14:27:46","slug":"natur-burn","status":"publish","type":"product","link":"https:\/\/vroteina.com\/de\/product\/natur-burn\/","title":{"rendered":"Natur-Burn"},"content":{"rendered":"<p>&nbsp;<\/p>\n<figure>VEGGIE STYLE FOR EVERYONENATUR-BURNASTRALAGUSCELPPORHODIOLA ROSEATEE GREENFOOD SUPPLEMENT100 Kapseln \u00e1 350mgNettogewicht: 35g<\/p>\n<h5><strong>Nahrungserg\u00e4nzungsmittel hergestellt von:<\/strong><\/h5>\n<p>VROTEINA VEGGIE STYLE S.L.<br \/>\nB75845693<br \/>\nCamino de los Colmenares 100<br \/>\n03114 Alicante<br \/>\nTel.: 665033362<br \/>\nwww.vroteina.com<\/p>\n<p>Nahrungserg\u00e4nzungsmittel sollten nicht als Ersatz f\u00fcr eine ausgewogene Ern\u00e4hrung verwendet werden. Es ist wichtig, sich abwechslungsreich und ausgewogen zu ern\u00e4hren und eine gesunde Lebensweise zu pflegen. Au\u00dferhalb der Reichweite von Kindern aufbewahren. Lagerung: Nach dem \u00d6ffnen an einem k\u00fchlen, trockenen Ort aufbewahren.<br \/>\nWARNUNGEN: Die empfohlene Tagesdosis darf nicht \u00fcberschritten werden.<\/p>\n<p>&nbsp;<\/p>\n<p><img decoding=\"async\" src=\"https:\/\/veggie-style.com\/vegan-shop\/index.php\/es\/product\/natur-burn\/images\/vegan-protein-shakemoringa-strawberryjarr.PNG\" alt=\"\" \/><img decoding=\"async\" src=\"https:\/\/veggie-style.com\/vegan-shop\/index.php\/es\/product\/natur-burn\/images\/vegan-protein-shakemoringa-chocolatejarr.PNG\" alt=\"\" \/><img fetchpriority=\"high\" decoding=\"async\" class=\"alignnone wp-image-30527 size-large\" src=\"https:\/\/vroteina.com\/wp-content\/uploads\/2025\/04\/ETIQUETA-VROTEINA-NATURBURN-1024x348.png\" alt=\"\" width=\"800\" height=\"272\" srcset=\"https:\/\/vroteina.com\/wp-content\/uploads\/2025\/04\/ETIQUETA-VROTEINA-NATURBURN-1024x348.png 1024w, https:\/\/vroteina.com\/wp-content\/uploads\/2025\/04\/ETIQUETA-VROTEINA-NATURBURN-300x102.png 300w, https:\/\/vroteina.com\/wp-content\/uploads\/2025\/04\/ETIQUETA-VROTEINA-NATURBURN-768x261.png 768w, https:\/\/vroteina.com\/wp-content\/uploads\/2025\/04\/ETIQUETA-VROTEINA-NATURBURN-18x6.png 18w, https:\/\/vroteina.com\/wp-content\/uploads\/2025\/04\/ETIQUETA-VROTEINA-NATURBURN-600x204.png 600w, https:\/\/vroteina.com\/wp-content\/uploads\/2025\/04\/ETIQUETA-VROTEINA-NATURBURN.png 1174w\" sizes=\"(max-width: 800px) 100vw, 800px\" \/><\/p>\n<p><img decoding=\"async\" src=\"https:\/\/veggie-style.com\/vegan-shop\/index.php\/es\/product\/natur-burn\/images\/vegan-protein-shakemoringa-strawberryjarr.PNG\" alt=\"\" \/><img decoding=\"async\" src=\"https:\/\/veggie-style.com\/vegan-shop\/index.php\/es\/product\/natur-burn\/images\/vegan-protein-shakemoringa-chocolatejarr.PNG\" alt=\"\" \/><\/p>\n<p>Seit unserem Start im Jahr 2011 sind wir das erste vegane 100%-Supplement-Unternehmen in Europa mit eigenen Einrichtungen und eigener Produktion, das sicherstellt, dass keines unserer Ger\u00e4te mit nicht-veganen Inhaltsstoffen in Ber\u00fchrung kommt.Der Gr\u00fcnder selbst, Carlos Barbon, ist ein veganer Tierrechtsaktivist und Vegetarier seit 1985, was ihn zu einem der Pioniere des veganen Lebensstils und auch zu einem der st\u00e4rksten Natursportler macht.<\/p>\n<p><img decoding=\"async\" src=\"http:\/\/veggie-style.com\/vegan-shop\/wp-content\/uploads\/2019\/03\/vegancompany.png\" alt=\"\" width=\"264\" height=\"412\" \/><\/p>\n<p><a href=\"https:\/\/veggie-style.com\/vegan-shop\/index.php\/es\/product\/bcaa-vegano\/\" target=\"_self\">Ant.<\/a><a href=\"https:\/\/veggie-style.com\/vegan-shop\/index.php\/es\/product\/cla-clarinol\/\" target=\"_self\">Sig.<\/a>StoffwechselrateUnsere Formel besteht ausschlie\u00dflich aus nat\u00fcrlichen Kr\u00e4utern. Wenn wir darauf achten, uns gesund und nicht \u00fcberm\u00e4\u00dfig zu ern\u00e4hren und frittierte Speisen und Zucker zu vermeiden, sorgen wir daf\u00fcr, dass unser K\u00f6rper die in den Fettzellen gespeicherten Kalorien verbrennt. Um die gew\u00fcnschte Gewichtsabnahme auf gesunde Weise zu erreichen.<\/p>\n<figure><img decoding=\"async\" class=\"alignnone wp-image-30528 size-full\" src=\"https:\/\/vroteina.com\/wp-content\/uploads\/2025\/04\/vitamax-gold-edition-NATUR-BURNB.png\" alt=\"\" width=\"660\" height=\"522\" srcset=\"https:\/\/vroteina.com\/wp-content\/uploads\/2025\/04\/vitamax-gold-edition-NATUR-BURNB.png 660w, https:\/\/vroteina.com\/wp-content\/uploads\/2025\/04\/vitamax-gold-edition-NATUR-BURNB-300x237.png 300w, https:\/\/vroteina.com\/wp-content\/uploads\/2025\/04\/vitamax-gold-edition-NATUR-BURNB-15x12.png 15w, https:\/\/vroteina.com\/wp-content\/uploads\/2025\/04\/vitamax-gold-edition-NATUR-BURNB-600x475.png 600w\" sizes=\"(max-width: 660px) 100vw, 660px\" \/><\/figure>\n<figure><img loading=\"lazy\" decoding=\"async\" class=\"alignnone wp-image-30529 size-full\" src=\"https:\/\/vroteina.com\/wp-content\/uploads\/2025\/04\/vitamax-gold-edition-NATUR-BURN2.png\" alt=\"\" width=\"612\" height=\"542\" srcset=\"https:\/\/vroteina.com\/wp-content\/uploads\/2025\/04\/vitamax-gold-edition-NATUR-BURN2.png 612w, https:\/\/vroteina.com\/wp-content\/uploads\/2025\/04\/vitamax-gold-edition-NATUR-BURN2-300x266.png 300w, https:\/\/vroteina.com\/wp-content\/uploads\/2025\/04\/vitamax-gold-edition-NATUR-BURN2-14x12.png 14w, https:\/\/vroteina.com\/wp-content\/uploads\/2025\/04\/vitamax-gold-edition-NATUR-BURN2-600x531.png 600w\" sizes=\"(max-width: 612px) 100vw, 612px\" \/><\/figure>\n<p>Unterst\u00fctzung des Stoffwechsels<\/p>\n<p>Natur-Burn ist eine kleine Hilfe, aber gleichzeitig m\u00fcssen wir die Menge und Art der Kalorien, die wir zu uns nehmen, kontrollieren; schlie\u00dflich hat unsere Formel keine Chance gegen 3 gro\u00dfe Portionen Chips \ud83d\ude09.<\/p>\n<p>Unsere Formel enth\u00e4lt die folgenden Kr\u00e4uter:<\/p>\n<p>Gr\u00fcner Tee-Extrakt<\/p>\n<p>Gr\u00fcner Tee - wird aus der Camellia Sinensis Pflanze gewonnen. Einige seiner gesundheitlichen Vorteile beruhen auf dem hohen Gehalt an Polyphenolen, auch bekannt als<\/p>\n<p>wie EGCG.<\/p>\n<p><img loading=\"lazy\" decoding=\"async\" src=\"https:\/\/veggie-style.com\/vegan-shop\/wp-content\/uploads\/2019\/05\/circel-green-tea-1-300x253.png\" sizes=\"(max-width: 300px) 100vw, 300px\" srcset=\"https:\/\/veggie-style.com\/vegan-shop\/wp-content\/uploads\/2019\/05\/circel-green-tea-1-300x253.png 300w, https:\/\/veggie-style.com\/vegan-shop\/wp-content\/uploads\/2019\/05\/circel-green-tea-1-768x647.png 768w, https:\/\/veggie-style.com\/vegan-shop\/wp-content\/uploads\/2019\/05\/circel-green-tea-1-600x506.png 600w, https:\/\/veggie-style.com\/vegan-shop\/wp-content\/uploads\/2019\/05\/circel-green-tea-1.png 841w\" alt=\"\" width=\"300\" height=\"253\" \/><\/p>\n<figure><img loading=\"lazy\" decoding=\"async\" class=\"alignnone wp-image-30530 size-full\" src=\"https:\/\/vroteina.com\/wp-content\/uploads\/2025\/04\/vitamax-gold-edition-NATUR-BURN3.png\" alt=\"\" width=\"732\" height=\"507\" srcset=\"https:\/\/vroteina.com\/wp-content\/uploads\/2025\/04\/vitamax-gold-edition-NATUR-BURN3.png 732w, https:\/\/vroteina.com\/wp-content\/uploads\/2025\/04\/vitamax-gold-edition-NATUR-BURN3-300x208.png 300w, https:\/\/vroteina.com\/wp-content\/uploads\/2025\/04\/vitamax-gold-edition-NATUR-BURN3-18x12.png 18w, https:\/\/vroteina.com\/wp-content\/uploads\/2025\/04\/vitamax-gold-edition-NATUR-BURN3-600x416.png 600w\" sizes=\"(max-width: 732px) 100vw, 732px\" \/><\/figure>\n<p><img loading=\"lazy\" decoding=\"async\" class=\"alignnone wp-image-30531 size-full\" src=\"https:\/\/vroteina.com\/wp-content\/uploads\/2025\/04\/vitamax-gold-edition-NATUR-BURN4.png\" alt=\"\" width=\"761\" height=\"576\" srcset=\"https:\/\/vroteina.com\/wp-content\/uploads\/2025\/04\/vitamax-gold-edition-NATUR-BURN4.png 761w, https:\/\/vroteina.com\/wp-content\/uploads\/2025\/04\/vitamax-gold-edition-NATUR-BURN4-300x227.png 300w, https:\/\/vroteina.com\/wp-content\/uploads\/2025\/04\/vitamax-gold-edition-NATUR-BURN4-16x12.png 16w, https:\/\/vroteina.com\/wp-content\/uploads\/2025\/04\/vitamax-gold-edition-NATUR-BURN4-600x454.png 600w\" sizes=\"(max-width: 761px) 100vw, 761px\" \/><\/p>\n<figure><img loading=\"lazy\" decoding=\"async\" class=\"alignnone wp-image-30532 size-full\" src=\"https:\/\/vroteina.com\/wp-content\/uploads\/2025\/04\/vitamax-gold-edition-NATUR-BURN5.png\" alt=\"\" width=\"658\" height=\"438\" srcset=\"https:\/\/vroteina.com\/wp-content\/uploads\/2025\/04\/vitamax-gold-edition-NATUR-BURN5.png 658w, https:\/\/vroteina.com\/wp-content\/uploads\/2025\/04\/vitamax-gold-edition-NATUR-BURN5-300x200.png 300w, https:\/\/vroteina.com\/wp-content\/uploads\/2025\/04\/vitamax-gold-edition-NATUR-BURN5-18x12.png 18w, https:\/\/vroteina.com\/wp-content\/uploads\/2025\/04\/vitamax-gold-edition-NATUR-BURN5-600x399.png 600w\" sizes=\"(max-width: 658px) 100vw, 658px\" \/><\/figure>\n<p>Astralagus<\/p>\n<p>Wissenschaftler entdecken, dass die Wurzeln der Astralagus-Pflanze auch eine positive Wirkung auf unseren Stoffwechsel haben.<br \/>\n<img loading=\"lazy\" decoding=\"async\" src=\"https:\/\/veggie-style.com\/vegan-shop\/wp-content\/uploads\/2019\/05\/circel-astralagus-1-251x300.png\" sizes=\"(max-width: 251px) 100vw, 251px\" srcset=\"https:\/\/veggie-style.com\/vegan-shop\/wp-content\/uploads\/2019\/05\/circel-astralagus-1-251x300.png 251w, https:\/\/veggie-style.com\/vegan-shop\/wp-content\/uploads\/2019\/05\/circel-astralagus-1-600x717.png 600w, https:\/\/veggie-style.com\/vegan-shop\/wp-content\/uploads\/2019\/05\/circel-astralagus-1.png 709w\" alt=\"\" width=\"251\" height=\"300\" \/><\/p>\n<p>Kelp<\/p>\n<p>Diese Algen haben einen hohen Jodgehalt, ein wesentlicher N\u00e4hrstoff f\u00fcr eine optimale Schilddr\u00fcsenfunktion. Die Schilddr\u00fcse ist f\u00fcr die Energieproduktion verantwortlich und optimiert den Stoffwechsel.<\/p>\n<p><img loading=\"lazy\" decoding=\"async\" src=\"https:\/\/veggie-style.com\/vegan-shop\/wp-content\/uploads\/2019\/05\/natur-burn-kelp-2-267x300.png\" sizes=\"(max-width: 267px) 100vw, 267px\" srcset=\"https:\/\/veggie-style.com\/vegan-shop\/wp-content\/uploads\/2019\/05\/natur-burn-kelp-2-267x300.png 267w, https:\/\/veggie-style.com\/vegan-shop\/wp-content\/uploads\/2019\/05\/natur-burn-kelp-2-768x864.png 768w, https:\/\/veggie-style.com\/vegan-shop\/wp-content\/uploads\/2019\/05\/natur-burn-kelp-2-600x675.png 600w, https:\/\/veggie-style.com\/vegan-shop\/wp-content\/uploads\/2019\/05\/natur-burn-kelp-2.png 769w\" alt=\"\" width=\"267\" height=\"300\" \/><\/p>\n<p>Je besser und h\u00f6her unsere Stoffwechselrate ist, desto mehr Kalorien verbrennt unser K\u00f6rper. Vor allem Menschen mit einem langsamen Stoffwechsel sp\u00fcren nach der Einnahme von Seetang eine deutliche Verbesserung. Eine weitere interessante Tatsache: 80% der Menschen leiden an einem Jodmangel, der ihre F\u00e4higkeit zur Fettverbrennung stark einschr\u00e4nkt. Wenn Sie sich gesund ern\u00e4hren, weniger Kalorien zu sich nehmen und trotzdem kein Fett verbrennen, sollten Sie Ihren Jodspiegel testen lassen.<\/p>\n<figure><\/figure>\n<figure><\/figure>\n<p>Rhosiola Rosea<\/p>\n<p>Rhodiola Rosea hat mehrere positive Wirkungen<img loading=\"lazy\" decoding=\"async\" src=\"https:\/\/veggie-style.com\/vegan-shop\/wp-content\/uploads\/2019\/05\/NATUR-BURN-Fat-Burner-RhosiolaRosea-2-300x294.png\" sizes=\"(max-width: 300px) 100vw, 300px\" srcset=\"https:\/\/veggie-style.com\/vegan-shop\/wp-content\/uploads\/2019\/05\/NATUR-BURN-Fat-Burner-RhosiolaRosea-2-300x294.png 300w, https:\/\/veggie-style.com\/vegan-shop\/wp-content\/uploads\/2019\/05\/NATUR-BURN-Fat-Burner-RhosiolaRosea-2-600x589.png 600w, https:\/\/veggie-style.com\/vegan-shop\/wp-content\/uploads\/2019\/05\/NATUR-BURN-Fat-Burner-RhosiolaRosea-2.png 679w\" alt=\"\" width=\"300\" height=\"294\" \/><\/p>\n<p>Und schlie\u00dflich enth\u00e4lt es die folgenden nat\u00fcrlichen Substanzen: Rosavin, Rosarin, Kolophonium, Kolophonium und Salidrosid; sie alle geh\u00f6ren zu den Adaptogenen, die die F\u00e4higkeit haben, Stresshormone zu bek\u00e4mpfen und somit Stress abzubauen. Dies ist wichtig f\u00fcr eine gute Erholung nach dem Training.<\/p>\n<p>Nat\u00fcrliche InhaltsstoffeWir verwenden nur getrocknete und pulverisierte Kr\u00e4uter, die in vegane Kapseln aus Zellulose gef\u00fcllt werden.<\/p>\n<figure><a href=\"https:\/\/veggie-style.com\/vegan-shop\/wp-content\/uploads\/2019\/09\/vroteina-testomax-3.png\" target=\"_self\" data-rel=\"prettyPhoto[rel-26207-619537785]\"><img loading=\"lazy\" decoding=\"async\" src=\"https:\/\/veggie-style.com\/vegan-shop\/wp-content\/uploads\/2019\/09\/vroteina-testomax-3.png\" sizes=\"(max-width: 639px) 100vw, 639px\" srcset=\"https:\/\/veggie-style.com\/vegan-shop\/wp-content\/uploads\/2019\/09\/vroteina-testomax-3.png 639w, https:\/\/veggie-style.com\/vegan-shop\/wp-content\/uploads\/2019\/09\/vroteina-testomax-3-263x300.png 263w, https:\/\/veggie-style.com\/vegan-shop\/wp-content\/uploads\/2019\/09\/vroteina-testomax-3-600x685.png 600w\" alt=\"\" width=\"639\" height=\"730\" \/><\/a><\/figure>\n<figure><a href=\"https:\/\/veggie-style.com\/vegan-shop\/wp-content\/uploads\/2019\/05\/Green_Tea_Leaves.jpg\" target=\"_self\" data-rel=\"prettyPhoto[rel-26207-3257487152]\"><img loading=\"lazy\" decoding=\"async\" src=\"https:\/\/veggie-style.com\/vegan-shop\/wp-content\/uploads\/2019\/05\/Green_Tea_Leaves.jpg\" sizes=\"(max-width: 560px) 100vw, 560px\" srcset=\"https:\/\/veggie-style.com\/vegan-shop\/wp-content\/uploads\/2019\/05\/Green_Tea_Leaves.jpg 560w, https:\/\/veggie-style.com\/vegan-shop\/wp-content\/uploads\/2019\/05\/Green_Tea_Leaves-300x200.jpg 300w\" alt=\"\" width=\"560\" height=\"373\" \/><\/a><\/figure>\n<p>Biologischer AnbauUnsere NaturBurn-Zutaten werden alle biologisch angebaut und mit Mineralien aus biologischem Anbau gef\u00fcttert. Der Anbau wird nach den deutschen Richtlinien f\u00fcr den \u00f6kologischen Landbau kontrolliert.<\/p>\n<figure><\/figure>\n<figure><\/figure>\n<figure><a href=\"https:\/\/veggie-style.com\/vegan-shop\/wp-content\/uploads\/2019\/09\/Top-serviceio-al-cliente-whatsapp-veggie-style-1.png\" target=\"_self\" data-rel=\"prettyPhoto[rel-26207-3124314760]\"><img loading=\"lazy\" decoding=\"async\" src=\"https:\/\/veggie-style.com\/vegan-shop\/wp-content\/uploads\/2019\/09\/Top-serviceio-al-cliente-whatsapp-veggie-style-1.png\" sizes=\"(max-width: 352px) 100vw, 352px\" srcset=\"https:\/\/veggie-style.com\/vegan-shop\/wp-content\/uploads\/2019\/09\/Top-serviceio-al-cliente-whatsapp-veggie-style-1.png 352w, https:\/\/veggie-style.com\/vegan-shop\/wp-content\/uploads\/2019\/09\/Top-serviceio-al-cliente-whatsapp-veggie-style-1-300x273.png 300w\" alt=\"\" width=\"352\" height=\"320\" \/><\/a><\/figure>\n<figure><\/figure>\n<figure><\/figure>\n<figure><\/figure>\n<figure><\/figure>\n<p>VEGGIE STYLE FOUNDED 2011VEGGIE STYLE 100% veganes Unternehmen gegr\u00fcndet von Carlos Barbon - veganer Kraftsportler und Tierrechtsaktivist<\/p>\n<figure><img loading=\"lazy\" decoding=\"async\" src=\"https:\/\/veggie-style.com\/vegan-shop\/wp-content\/uploads\/2019\/05\/carlos-barbon-meat-free-zone.png\" sizes=\"(max-width: 928px) 100vw, 928px\" srcset=\"https:\/\/veggie-style.com\/vegan-shop\/wp-content\/uploads\/2019\/05\/carlos-barbon-meat-free-zone.png 928w, https:\/\/veggie-style.com\/vegan-shop\/wp-content\/uploads\/2019\/05\/carlos-barbon-meat-free-zone-300x196.png 300w, https:\/\/veggie-style.com\/vegan-shop\/wp-content\/uploads\/2019\/05\/carlos-barbon-meat-free-zone-768x501.png 768w, https:\/\/veggie-style.com\/vegan-shop\/wp-content\/uploads\/2019\/05\/carlos-barbon-meat-free-zone-600x391.png 600w\" alt=\"\" width=\"928\" height=\"605\" \/><\/figure>\n<p>NATUR-BURN \uf13f\uf13fNature-Burn ist unsere nat\u00fcrliche pflanzliche Fettverbrennungsformel auf der Basis von 4 Kr\u00e4utern, die die F\u00e4higkeit haben, unseren Stoffwechsel zu maximieren. Ein beschleunigter Stoffwechsel f\u00fchrt zu einem erh\u00f6hten Kalorienverbrauch, der hilft, K\u00f6rperfett zu reduzieren.ASTRALAGUSKELPRHODIOLA ROSEAGREEN TEAGREEN TEA100 VEGGIE- KAPSELN A 350MG<\/p>\n<figure><img loading=\"lazy\" decoding=\"async\" src=\"https:\/\/veggie-style.com\/vegan-shop\/wp-content\/uploads\/2019\/09\/vroteina-natur-burn-6.png\" sizes=\"(max-width: 988px) 100vw, 988px\" srcset=\"https:\/\/veggie-style.com\/vegan-shop\/wp-content\/uploads\/2019\/09\/vroteina-natur-burn-6.png 988w, https:\/\/veggie-style.com\/vegan-shop\/wp-content\/uploads\/2019\/09\/vroteina-natur-burn-6-300x223.png 300w, https:\/\/veggie-style.com\/vegan-shop\/wp-content\/uploads\/2019\/09\/vroteina-natur-burn-6-768x571.png 768w, https:\/\/veggie-style.com\/vegan-shop\/wp-content\/uploads\/2019\/09\/vroteina-natur-burn-6-600x446.png 600w\" alt=\"\" width=\"988\" height=\"735\" \/><\/figure>\n<\/figure>","protected":false},"excerpt":{"rendered":"<p>Natur-Burn<\/p>\n<p>NAHRUNGSERG\u00c4NZUNGSMITTEL<br \/>\nnat\u00fcrliche pflanzliche Produkte<br \/>\n100 Veggie-Kapseln<br \/>\nNetto-Menge: 35g<\/p>","protected":false},"featured_media":30525,"comment_status":"open","ping_status":"closed","template":"","meta":[],"product_brand":[],"product_cat":[24,25],"product_tag":[46,47,48],"class_list":{"0":"post-29771","1":"product","2":"type-product","3":"status-publish","4":"has-post-thumbnail","6":"product_cat-adelgazar","7":"product_cat-complementos","8":"product_tag-dieta","9":"product_tag-kelp","10":"product_tag-perdida-peso","12":"first","13":"instock","14":"featured","15":"taxable","16":"shipping-taxable","17":"purchasable","18":"product-type-simple"},"_links":{"self":[{"href":"https:\/\/vroteina.com\/de\/wp-json\/wp\/v2\/product\/29771","targetHints":{"allow":["GET"]}}],"collection":[{"href":"https:\/\/vroteina.com\/de\/wp-json\/wp\/v2\/product"}],"about":[{"href":"https:\/\/vroteina.com\/de\/wp-json\/wp\/v2\/types\/product"}],"replies":[{"embeddable":true,"href":"https:\/\/vroteina.com\/de\/wp-json\/wp\/v2\/comments?post=29771"}],"version-history":[{"count":4,"href":"https:\/\/vroteina.com\/de\/wp-json\/wp\/v2\/product\/29771\/revisions"}],"predecessor-version":[{"id":30735,"href":"https:\/\/vroteina.com\/de\/wp-json\/wp\/v2\/product\/29771\/revisions\/30735"}],"wp:featuredmedia":[{"embeddable":true,"href":"https:\/\/vroteina.com\/de\/wp-json\/wp\/v2\/media\/30525"}],"wp:attachment":[{"href":"https:\/\/vroteina.com\/de\/wp-json\/wp\/v2\/media?parent=29771"}],"wp:term":[{"taxonomy":"product_brand","embeddable":true,"href":"https:\/\/vroteina.com\/de\/wp-json\/wp\/v2\/product_brand?post=29771"},{"taxonomy":"product_cat","embeddable":true,"href":"https:\/\/vroteina.com\/de\/wp-json\/wp\/v2\/product_cat?post=29771"},{"taxonomy":"product_tag","embeddable":true,"href":"https:\/\/vroteina.com\/de\/wp-json\/wp\/v2\/product_tag?post=29771"}],"curies":[{"name":"wp","href":"https:\/\/api.w.org\/{rel}","templated":true}]}}