{"id":29708,"date":"2025-04-18T08:20:53","date_gmt":"2025-04-18T08:20:53","guid":{"rendered":"https:\/\/vroteina.com\/?post_type=product&#038;p=29708"},"modified":"2026-02-05T18:59:53","modified_gmt":"2026-02-05T18:59:53","slug":"vitamina-b12-en-spray","status":"publish","type":"product","link":"https:\/\/vroteina.com\/fr\/product\/vitamina-b12-en-spray\/","title":{"rendered":"VITAMINE B12 EN SPRAY"},"content":{"rendered":"<div class=\"row\">\n<div class=\"product-content entry-content\">\n<div id=\"vc_row-67f388c2d8b59\" class=\"vc_row wpb_row vc_row-fluid\">\n<div class=\"wpb_column vc_column_container vc_col-sm-6\">\n<div class=\"vc_column-inner\">\n<div class=\"wpb_wrapper\">\n<div class=\"wpb_single_image wpb_content_element vc_align_center\">\n<figure class=\"wpb_wrapper vc_figure\">\n<div class=\"vc_tta-container woocommerce-tabs wc-tabs-wrapper gem-woocommerce-tabs\" data-vc-action=\"collapse\">\n<div class=\"vc_general vc_tta vc_tta-tabs vc_tta-color-thegem vc_tta-style-classic vc_tta-shape-square vc_tta-spacing-5 vc_tta-tabs-position-top vc_tta-controls-align-left\">\n<div class=\"vc_tta-panels-container\">\n<div class=\"vc_tta-panels\">\n<div id=\"tab-description\" class=\"vc_tta-panel vc_active\" data-vc-content=\".vc_tta-panel-body\">\n<div class=\"vc_tta-panel-body\">\n<div class=\"wpb_text_column wpb_content_element\">\n<div class=\"wpb_wrapper\">\n<p><span class=\"light\"><span class=\"tlid-translation translation\" lang=\"es\"><span class=\"\" title=\"\">Vitamine B12<\/span><\/span><\/span><\/p>\n<\/div>\n<\/div>\n<div class=\"wpb_text_column wpb_content_element\">\n<p>Compl\u00e9ment alimentaire liquide pr\u00eat \u00e0 l'emploi<br \/>\n\u00e0 base de vitamine B12.<\/p>\n<p>Pulv\u00e9risation de liquide<br \/>\n175 doses de 0,28 ml<br \/>\nQuantit\u00e9 nette : 50 ml<\/p>\n<\/div>\n<div class=\"wpb_text_column wpb_content_element\">\n<div class=\"wpb_wrapper\">La vitamine B12 contribue \u00e0 un m\u00e9tabolisme \u00e9nerg\u00e9tique normal.<\/div>\n<div class=\"wpb_wrapper\">La vitamine B12 contribue au fonctionnement normal du syst\u00e8me nerveux.<\/div>\n<div class=\"wpb_wrapper\">La vitamine B12 contribue au m\u00e9tabolisme normal de l'homocyst\u00e9ine.<\/div>\n<div class=\"wpb_wrapper\">La vitamine B12 contribue \u00e0 une fonction psychologique normale.<\/div>\n<div class=\"wpb_wrapper\">La vitamine B12 contribue \u00e0 la formation normale des globules rouges.<\/div>\n<div class=\"wpb_wrapper\">La vitamine B12 contribue au fonctionnement normal du syst\u00e8me immunitaire.<\/div>\n<div class=\"wpb_wrapper\">La vitamine B12 contribue \u00e0 r\u00e9duire la fatigue.<\/div>\n<div class=\"wpb_wrapper\">La vitamine B12 contribue au processus de division cellulaire.<\/div>\n<\/div>\n<div class=\"vc_tta-container woocommerce-tabs wc-tabs-wrapper gem-woocommerce-tabs\" data-vc-action=\"collapse\">\n<div class=\"vc_general vc_tta vc_tta-tabs vc_tta-color-thegem vc_tta-style-classic vc_tta-shape-square vc_tta-spacing-5 vc_tta-tabs-position-top vc_tta-controls-align-left\">\n<div class=\"vc_tta-panels-container\">\n<div class=\"vc_tta-panels\">\n<div id=\"tab-description\" class=\"vc_tta-panel vc_active\" data-vc-content=\".vc_tta-panel-body\">\n<div class=\"vc_tta-panel-body\">\n<p><img fetchpriority=\"high\" decoding=\"async\" class=\"alignnone wp-image-30645 size-full\" src=\"https:\/\/vroteina.com\/wp-content\/uploads\/2025\/04\/vroteina-gold-edition-B12-1.png\" alt=\"\" width=\"684\" height=\"609\" srcset=\"https:\/\/vroteina.com\/wp-content\/uploads\/2025\/04\/vroteina-gold-edition-B12-1.png 684w, https:\/\/vroteina.com\/wp-content\/uploads\/2025\/04\/vroteina-gold-edition-B12-1-300x267.png 300w, https:\/\/vroteina.com\/wp-content\/uploads\/2025\/04\/vroteina-gold-edition-B12-1-13x12.png 13w, https:\/\/vroteina.com\/wp-content\/uploads\/2025\/04\/vroteina-gold-edition-B12-1-600x534.png 600w\" sizes=\"(max-width: 684px) 100vw, 684px\" \/><\/p>\n<div class=\"vc_tta-container woocommerce-tabs wc-tabs-wrapper gem-woocommerce-tabs\" data-vc-action=\"collapse\">\n<div class=\"vc_general vc_tta vc_tta-tabs vc_tta-color-thegem vc_tta-style-classic vc_tta-shape-square vc_tta-spacing-5 vc_tta-tabs-position-top vc_tta-controls-align-left\">\n<div class=\"vc_tta-panels-container\">\n<div class=\"vc_tta-panels\">\n<div id=\"tab-description\" class=\"vc_tta-panel vc_active\" data-vc-content=\".vc_tta-panel-body\">\n<div class=\"vc_tta-panel-body\">\n<div class=\"wpb_text_column wpb_content_element\">\n<div class=\"wpb_wrapper\"><img decoding=\"async\" class=\"alignnone wp-image-30651 size-large\" src=\"https:\/\/vroteina.com\/wp-content\/uploads\/2025\/04\/vroteina-gold-edition-B12-6-1024x468.png\" alt=\"\" width=\"800\" height=\"366\" srcset=\"https:\/\/vroteina.com\/wp-content\/uploads\/2025\/04\/vroteina-gold-edition-B12-6-1024x468.png 1024w, https:\/\/vroteina.com\/wp-content\/uploads\/2025\/04\/vroteina-gold-edition-B12-6-300x137.png 300w, https:\/\/vroteina.com\/wp-content\/uploads\/2025\/04\/vroteina-gold-edition-B12-6-768x351.png 768w, https:\/\/vroteina.com\/wp-content\/uploads\/2025\/04\/vroteina-gold-edition-B12-6-18x8.png 18w, https:\/\/vroteina.com\/wp-content\/uploads\/2025\/04\/vroteina-gold-edition-B12-6-600x274.png 600w, https:\/\/vroteina.com\/wp-content\/uploads\/2025\/04\/vroteina-gold-edition-B12-6.png 1125w\" sizes=\"(max-width: 800px) 100vw, 800px\" \/><\/div>\n<\/div>\n<\/div>\n<\/div>\n<\/div>\n<\/div>\n<\/div>\n<\/div>\n<div class=\"wpb_text_column wpb_content_element\">\n<div class=\"wpb_wrapper\"><\/div>\n<\/div>\n<div class=\"wpb_text_column wpb_content_element\">\n<div class=\"wpb_wrapper\">\n<h5><\/h5>\n<\/div>\n<\/div>\n<p>&nbsp;<\/p>\n<\/div>\n<\/div>\n<\/div>\n<\/div>\n<\/div>\n<\/div>\n<div class=\"product-content entry-content\">\n<div id=\"vc_row-680a7063a5964\" class=\"vc_row wpb_row vc_row-fluid\">\n<div class=\"wpb_column vc_column_container vc_col-sm-6\">\n<div class=\"vc_column-inner\">\n<div class=\"wpb_wrapper\">\n<div class=\"wpb_text_column wpb_content_element\">\n<div class=\"wpb_wrapper\">\n<div class=\"title-h3\"><span class=\"light\"><span class=\"letter-spacing\">Vitamine B12<br \/>\n<\/span><\/span><\/div>\n<\/div>\n<\/div>\n<div class=\"wpb_text_column wpb_content_element\">\n<div class=\"wpb_wrapper\">\n<p>LES COMPL\u00c9MENTS ALIMENTAIRES NE DOIVENT PAS SE SUBSTITUER \u00c0 UN R\u00c9GIME ALIMENTAIRE \u00c9QUILIBR\u00c9 ET VARI\u00c9 ET \u00c0 UN MODE DE VIE SAIN.<\/p>\n<p>IL EST IMPORTANT D'AVOIR UNE ALIMENTATION VARI\u00c9E ET \u00c9QUILIBR\u00c9E ET UN MODE DE VIE SAIN. <span class=\"markv28i6eoti\" data-markjs=\"true\" data-ogac=\"\" data-ogab=\"\" data-ogsc=\"\" data-ogsb=\"\">SANT\u00c9<\/span>.<\/p>\n<p>AVERTISSEMENTS : NE PAS D\u00c9PASSER LA DOSE JOURNALI\u00c8RE RECOMMAND\u00c9E. TENIR HORS DE PORT\u00c9E DES ENFANTS. CONSERVATION : UNE FOIS OUVERT, CONSERVER DANS UN ENDROIT FRAIS ET SEC.<\/p>\n<\/div>\n<\/div>\n<\/div>\n<\/div>\n<\/div>\n<div class=\"wpb_column vc_column_container vc_col-sm-6\">\n<div class=\"vc_column-inner\">\n<div class=\"wpb_wrapper\">\n<div class=\"wpb_single_image wpb_content_element vc_align_center\">\n<figure class=\"wpb_wrapper vc_figure\"><img decoding=\"async\" class=\"alignnone wp-image-30653 size-full\" src=\"https:\/\/vroteina.com\/wp-content\/uploads\/2025\/04\/vroteina-gold-edition-B12-8.png\" alt=\"\" width=\"675\" height=\"492\" srcset=\"https:\/\/vroteina.com\/wp-content\/uploads\/2025\/04\/vroteina-gold-edition-B12-8.png 675w, https:\/\/vroteina.com\/wp-content\/uploads\/2025\/04\/vroteina-gold-edition-B12-8-300x219.png 300w, https:\/\/vroteina.com\/wp-content\/uploads\/2025\/04\/vroteina-gold-edition-B12-8-16x12.png 16w, https:\/\/vroteina.com\/wp-content\/uploads\/2025\/04\/vroteina-gold-edition-B12-8-600x437.png 600w\" sizes=\"(max-width: 675px) 100vw, 675px\" \/><\/figure>\n<\/div>\n<div class=\"wpb_text_column wpb_content_element\">\n<div class=\"wpb_wrapper\">\n<h6 class=\"title-h5\">La forme physique est le r\u00e9sultat d'ann\u00e9es d'entra\u00eenement assidu et d'une alimentation saine - elle n'est PAS le r\u00e9sultat de la prise d'un compl\u00e9ment alimentaire.<\/h6>\n<\/div>\n<\/div>\n<\/div>\n<\/div>\n<\/div>\n<\/div>\n<div id=\"vc_row-680a7063a9a8c\" class=\"vc_row wpb_row vc_row-fluid\">\n<div class=\"wpb_column vc_column_container vc_col-sm-6\">\n<div class=\"vc_column-inner\">\n<div class=\"wpb_wrapper\">\n<div class=\"wpb_single_image wpb_content_element vc_align_center\">\n<figure class=\"wpb_wrapper vc_figure\"><img loading=\"lazy\" decoding=\"async\" class=\"alignnone wp-image-30652 size-full\" src=\"https:\/\/vroteina.com\/wp-content\/uploads\/2025\/04\/vroteina-gold-edition-B12-7.png\" alt=\"\" width=\"629\" height=\"511\" srcset=\"https:\/\/vroteina.com\/wp-content\/uploads\/2025\/04\/vroteina-gold-edition-B12-7.png 629w, https:\/\/vroteina.com\/wp-content\/uploads\/2025\/04\/vroteina-gold-edition-B12-7-300x244.png 300w, https:\/\/vroteina.com\/wp-content\/uploads\/2025\/04\/vroteina-gold-edition-B12-7-15x12.png 15w, https:\/\/vroteina.com\/wp-content\/uploads\/2025\/04\/vroteina-gold-edition-B12-7-600x487.png 600w\" sizes=\"(max-width: 629px) 100vw, 629px\" \/><\/figure>\n<\/div>\n<\/div>\n<\/div>\n<\/div>\n<div class=\"wpb_column vc_column_container vc_col-sm-6\">\n<div class=\"vc_column-inner\">\n<div class=\"wpb_wrapper\">\n<div class=\"wpb_text_column wpb_content_element\">\n<div class=\"wpb_wrapper\">\n<div class=\"wpb_text_column wpb_content_element\">\n<div class=\"wpb_wrapper\"><\/div>\n<\/div>\n<div class=\"wpb_text_column wpb_content_element\">\n<div class=\"wpb_wrapper title-h3\"><span class=\"light\"><span class=\"tlid-translation translation\" lang=\"es\"><span class=\"\" title=\"\">POURQUOI PRENDRE UN SUPPL\u00c9MENT DE VITAMINE B12 ?<\/span><\/span><\/span><\/div>\n<\/div>\n<\/div>\n<\/div>\n<div class=\"wpb_text_column wpb_content_element\">\n<div class=\"wpb_wrapper\">\n<div class=\"title-h5\">\n<div class=\"wpb_text_column wpb_content_element\">\n<div class=\"wpb_wrapper\">\n<div class=\"styled-subtitle\"><span class=\"tlid-translation translation\" lang=\"es\"><span title=\"\">Dans les r\u00e9gimes \u00e0 base de plantes, tels que les v\u00e9g\u00e9taliens et les v\u00e9g\u00e9tariens, il peut \u00eatre difficile d'obtenir de la vitamine B12, car tr\u00e8s peu de plantes contiennent cette vitamine. Certaines algues, comme la spiruline, contiennent de la B12, mais sous une forme que notre organisme ne peut pas utiliser.<\/span><\/span><\/div>\n<\/div>\n<\/div>\n<\/div>\n<\/div>\n<\/div>\n<\/div>\n<\/div>\n<\/div>\n<\/div>\n<div id=\"vc_row-680a7063abf7b\" class=\"vc_row wpb_row vc_row-fluid\">\n<div class=\"wpb_column vc_column_container vc_col-sm-6\">\n<div class=\"vc_column-inner\">\n<div class=\"wpb_wrapper\">\n<div class=\"wpb_text_column wpb_content_element\">\n<div class=\"wpb_wrapper\">\n<h3><span class=\"light\"><span class=\"tlid-translation translation\" lang=\"es\"><span class=\"\" title=\"\">LA B12 DANS L'ALIMENTATION V\u00c9G\u00c9TALIENNE<\/span><\/span><\/span><\/h3>\n<\/div>\n<\/div>\n<\/div>\n<\/div>\n<\/div>\n<div class=\"wpb_column vc_column_container vc_col-sm-6\">\n<div class=\"vc_column-inner\">\n<div class=\"wpb_wrapper\">\n<div class=\"wpb_single_image wpb_content_element vc_align_center\"><\/div>\n<\/div>\n<\/div>\n<\/div>\n<\/div>\n<div id=\"vc_row-680a7063ae3b2\" class=\"vc_row wpb_row vc_row-fluid\">\n<div class=\"wpb_column vc_column_container vc_col-sm-6\">\n<div class=\"vc_column-inner\">\n<div class=\"wpb_wrapper\">\n<div class=\"wpb_single_image wpb_content_element vc_align_center\">\n<figure class=\"wpb_wrapper vc_figure\"><a class=\"vc_single_image-wrapper vc_box_border_grey prettyphoto\" href=\"https:\/\/veggie-style.com\/vegan-shop\/wp-content\/uploads\/2019\/09\/vitamin-b12.jpg\" target=\"_self\" data-rel=\"prettyPhoto[rel-26018-2480336512]\"><img loading=\"lazy\" decoding=\"async\" class=\"vc_single_image-img attachment-large\" src=\"https:\/\/veggie-style.com\/vegan-shop\/wp-content\/uploads\/2019\/09\/vitamin-b12.jpg\" alt=\"\" width=\"200\" height=\"177\" \/><\/a><\/figure>\n<\/div>\n<\/div>\n<\/div>\n<\/div>\n<div class=\"wpb_column vc_column_container vc_col-sm-6\">\n<div class=\"vc_column-inner\">\n<div class=\"wpb_wrapper\">\n<div class=\"wpb_text_column wpb_content_element\">\n<div class=\"wpb_wrapper\">\n<div class=\"title-h3\"><span class=\"light\"><span class=\"tlid-translation translation\" lang=\"es\"><span class=\"\" title=\"\">Nous utilisons la m\u00e9thylcobalamine<\/span><\/span><\/span><\/div>\n<\/div>\n<\/div>\n<div class=\"wpb_text_column wpb_content_element\">\n<div class=\"wpb_wrapper\">\n<div class=\"title-h5\">\n<div class=\"gem-divider\"><\/div>\n<div class=\"wpb_text_column wpb_content_element\">\n<div class=\"wpb_wrapper\">\n<div class=\"styled-subtitle\">\n<p><span class=\"tlid-translation translation\" lang=\"es\"><span title=\"\">Il existe 4 types de vitamine B12 :<\/span><br \/>\n<span title=\"\">M\u00e9thylcobalamine<\/span><br \/>\n<span title=\"\">Ad\u00e9nosylcobalamine<\/span><br \/>\n<span title=\"\">Hydroxocobalamine<\/span><br \/>\n<span title=\"\">et la forme synth\u00e9tique : cyanocobalamine<\/span><br \/>\n<span class=\"\" title=\"\">Nous utilisons la version m\u00e9thylcobalamine dans notre compl\u00e9ment alimentaire.<\/span><\/span><\/p>\n<\/div>\n<\/div>\n<\/div>\n<\/div>\n<\/div>\n<\/div>\n<\/div>\n<\/div>\n<\/div>\n<\/div>\n<div id=\"vc_row-680a7063b058d\" class=\"vc_row wpb_row vc_row-fluid\">\n<div class=\"wpb_column vc_column_container vc_col-sm-6\">\n<div class=\"vc_column-inner\">\n<div class=\"wpb_wrapper\">\n<div class=\"wpb_text_column wpb_content_element\">\n<div class=\"wpb_wrapper\">\n<h3><span class=\"light\"><span class=\"tlid-translation translation\" lang=\"es\"><span class=\"\" title=\"\">Effets de la vitamine B12 sur la sant\u00e9<br \/>\n<\/span><\/span><\/span><\/h3>\n<\/div>\n<\/div>\n<div class=\"wpb_text_column wpb_content_element\">\n<div class=\"wpb_wrapper\">\n<div class=\"title-h5\">\n<div class=\"styled-subtitle\">\n<div class=\"title-h6\">La vitamine B12 contribue \u00e0 r\u00e9duire la fatigue.<\/div>\n<div class=\"title-h6\">La vitamine B12 contribue au processus de division cellulaire.<\/div>\n<div class=\"title-h6\">La vitamine B12 contribue \u00e0 un m\u00e9tabolisme \u00e9nerg\u00e9tique normal.<\/div>\n<div class=\"title-h6\">La vitamine B12 contribue au fonctionnement normal du syst\u00e8me nerveux.<\/div>\n<p><span class=\"tlid-translation translation\" lang=\"es\"><span title=\"\">\u00a0<\/span><\/span><\/p>\n<\/div>\n<\/div>\n<\/div>\n<\/div>\n<\/div>\n<\/div>\n<\/div>\n<div class=\"wpb_column vc_column_container vc_col-sm-6\">\n<div class=\"vc_column-inner\">\n<div class=\"wpb_wrapper\">\n<div class=\"wpb_single_image wpb_content_element vc_align_center\"><\/div>\n<\/div>\n<\/div>\n<\/div>\n<\/div>\n<div id=\"vc_row-680a7063b2774\" class=\"vc_row wpb_row vc_row-fluid\">\n<div class=\"wpb_column vc_column_container vc_col-sm-6\">\n<div class=\"vc_column-inner\">\n<div class=\"wpb_wrapper\">\n<div class=\"wpb_single_image wpb_content_element vc_align_center\">\n<figure class=\"wpb_wrapper vc_figure\"><img loading=\"lazy\" decoding=\"async\" class=\"alignnone wp-image-30654 size-full\" src=\"https:\/\/vroteina.com\/wp-content\/uploads\/2025\/04\/vroteina-gold-edition-B12-9.png\" alt=\"\" width=\"640\" height=\"491\" srcset=\"https:\/\/vroteina.com\/wp-content\/uploads\/2025\/04\/vroteina-gold-edition-B12-9.png 640w, https:\/\/vroteina.com\/wp-content\/uploads\/2025\/04\/vroteina-gold-edition-B12-9-300x230.png 300w, https:\/\/vroteina.com\/wp-content\/uploads\/2025\/04\/vroteina-gold-edition-B12-9-16x12.png 16w, https:\/\/vroteina.com\/wp-content\/uploads\/2025\/04\/vroteina-gold-edition-B12-9-600x460.png 600w\" sizes=\"(max-width: 640px) 100vw, 640px\" \/><\/figure>\n<\/div>\n<\/div>\n<\/div>\n<\/div>\n<div class=\"wpb_column vc_column_container vc_col-sm-6\">\n<div class=\"vc_column-inner\">\n<div class=\"wpb_wrapper\">\n<div class=\"wpb_text_column wpb_content_element\">\n<div class=\"wpb_wrapper\">\n<div class=\"wpb_text_column wpb_content_element\">\n<div class=\"wpb_wrapper\"><\/div>\n<\/div>\n<div class=\"wpb_text_column wpb_content_element\">\n<div class=\"wpb_wrapper title-h3\"><span class=\"light\"><span class=\"tlid-translation translation\" lang=\"es\"><span class=\"\" title=\"\">COMMENT PRENDRE<\/span><\/span><\/span><\/div>\n<\/div>\n<\/div>\n<\/div>\n<div class=\"wpb_text_column wpb_content_element\">\n<div class=\"wpb_wrapper\">\n<div class=\"title-h5\">\n<div class=\"wpb_text_column wpb_content_element\">\n<div class=\"wpb_wrapper\">\n<div class=\"styled-subtitle\"><span class=\"tlid-translation translation\" lang=\"es\"><span class=\"\" title=\"\">Nous avons \u00e9labor\u00e9 une formule quotidienne.<\/span> <span class=\"\" title=\"\">Presser le spray une fois par jour 2 pulv\u00e9risations directement dans la bouche.<\/span> <span class=\"\" title=\"\">Laisser dans la bouche pendant quelques minutes avant d'avaler.<\/span><\/span><\/div>\n<\/div>\n<\/div>\n<\/div>\n<\/div>\n<\/div>\n<\/div>\n<\/div>\n<\/div>\n<\/div>\n<div id=\"vc_row-680a7063b48f2\" class=\"vc_row wpb_row vc_row-fluid\">\n<div class=\"wpb_column vc_column_container vc_col-sm-6\">\n<div class=\"vc_column-inner\">\n<div class=\"wpb_wrapper\">\n<div class=\"wpb_text_column wpb_content_element\">\n<div class=\"wpb_wrapper\">\n<div class=\"title-h5\">\n<div class=\"styled-subtitle\">\n<div class=\"wpb_text_column wpb_content_element\">\n<div class=\"wpb_wrapper\">\n<div class=\"styled-subtitle\"><span class=\"tlid-translation translation\" lang=\"es\"><span title=\"\">Nous produisons une version liquide en a\u00e9rosol, pour la simple raison que cela assure une meilleure absorption.<\/span>\u00a0<\/span><\/div>\n<\/div>\n<\/div>\n<\/div>\n<\/div>\n<\/div>\n<\/div>\n<\/div>\n<\/div>\n<\/div>\n<div class=\"wpb_column vc_column_container vc_col-sm-6\">\n<div class=\"vc_column-inner\">\n<div class=\"wpb_wrapper\">\n<div class=\"wpb_single_image wpb_content_element vc_align_center\"><\/div>\n<div class=\"wpb_text_column wpb_content_element\">\n<div class=\"wpb_wrapper\">\n<div class=\"title-h6\">La forme physique est le r\u00e9sultat d'ann\u00e9es d'entra\u00eenement assidu et d'une alimentation saine - elle n'est PAS le r\u00e9sultat de la prise d'un compl\u00e9ment alimentaire.<\/div>\n<\/div>\n<\/div>\n<\/div>\n<\/div>\n<\/div>\n<\/div>\n<div id=\"vc_row-680a7063b6e6c\" class=\"vc_row wpb_row vc_row-fluid\">\n<div class=\"wpb_column vc_column_container vc_col-sm-12\">\n<div class=\"vc_column-inner\">\n<div class=\"wpb_wrapper\">\n<div class=\"wpb_single_image wpb_content_element vc_align_center\">\n<figure class=\"wpb_wrapper vc_figure\"><img loading=\"lazy\" decoding=\"async\" class=\"alignnone wp-image-30656 size-full\" src=\"https:\/\/vroteina.com\/wp-content\/uploads\/2025\/04\/ChatGPT-Image-20-ene-2026-22_20_54.png\" alt=\"\" width=\"1024\" height=\"1024\" srcset=\"https:\/\/vroteina.com\/wp-content\/uploads\/2025\/04\/ChatGPT-Image-20-ene-2026-22_20_54.png 1024w, https:\/\/vroteina.com\/wp-content\/uploads\/2025\/04\/ChatGPT-Image-20-ene-2026-22_20_54-300x300.png 300w, https:\/\/vroteina.com\/wp-content\/uploads\/2025\/04\/ChatGPT-Image-20-ene-2026-22_20_54-150x150.png 150w, https:\/\/vroteina.com\/wp-content\/uploads\/2025\/04\/ChatGPT-Image-20-ene-2026-22_20_54-768x768.png 768w, https:\/\/vroteina.com\/wp-content\/uploads\/2025\/04\/ChatGPT-Image-20-ene-2026-22_20_54-12x12.png 12w, https:\/\/vroteina.com\/wp-content\/uploads\/2025\/04\/ChatGPT-Image-20-ene-2026-22_20_54-600x600.png 600w, https:\/\/vroteina.com\/wp-content\/uploads\/2025\/04\/ChatGPT-Image-20-ene-2026-22_20_54-100x100.png 100w\" sizes=\"(max-width: 1024px) 100vw, 1024px\" \/><\/figure>\n<\/div>\n<div class=\"wpb_text_column wpb_content_element\">\n<div class=\"wpb_wrapper\">\n<div class=\"title-h6\">La vitamine B12 contribue au m\u00e9tabolisme normal de l'homocyst\u00e9ine.<\/div>\n<div class=\"title-h6\">La vitamine B12 contribue \u00e0 une fonction psychologique normale<\/div>\n<div class=\"title-h6\">La vitamine B12 contribue \u00e0 la formation normale des globules rouges.<\/div>\n<div class=\"title-h6\">La vitamine B12 contribue au fonctionnement normal du syst\u00e8me immunitaire.<\/div>\n<\/div>\n<\/div>\n<\/div>\n<\/div>\n<\/div>\n<\/div>\n<div id=\"vc_row-680a7063b8792\" class=\"vc_row wpb_row vc_row-fluid\">\n<div class=\"wpb_column vc_column_container vc_col-sm-12\">\n<div class=\"vc_column-inner\">\n<div class=\"wpb_wrapper\">\n<div class=\"wpb_single_image wpb_content_element vc_align_center\">\n<figure class=\"wpb_wrapper vc_figure\"><a class=\"vc_single_image-wrapper vc_box_border_grey prettyphoto\" href=\"https:\/\/veggie-style.com\/vegan-shop\/wp-content\/uploads\/2019\/09\/vroteina-vitamina-B12-post-A6.png\" target=\"_self\" data-rel=\"prettyPhoto[rel-26018-2699978538]\"><img loading=\"lazy\" decoding=\"async\" class=\"vc_single_image-img attachment-large\" src=\"https:\/\/veggie-style.com\/vegan-shop\/wp-content\/uploads\/2019\/09\/vroteina-vitamina-B12-post-A6.png\" sizes=\"(max-width: 687px) 100vw, 687px\" srcset=\"https:\/\/veggie-style.com\/vegan-shop\/wp-content\/uploads\/2019\/09\/vroteina-vitamina-B12-post-A6.png 687w, https:\/\/veggie-style.com\/vegan-shop\/wp-content\/uploads\/2019\/09\/vroteina-vitamina-B12-post-A6-300x223.png 300w, https:\/\/veggie-style.com\/vegan-shop\/wp-content\/uploads\/2019\/09\/vroteina-vitamina-B12-post-A6-600x446.png 600w\" alt=\"\" width=\"687\" height=\"511\" \/><\/a><\/figure>\n<\/div>\n<div class=\"wpb_single_image wpb_content_element vc_align_center\"><\/div>\n<div class=\"wpb_single_image wpb_content_element vc_align_center\"><\/div>\n<div class=\"wpb_text_column wpb_content_element\">\n<div class=\"wpb_wrapper\">\n<h6>La forme physique est le r\u00e9sultat d'ann\u00e9es d'entra\u00eenement assidu et d'une alimentation saine - elle n'est PAS le r\u00e9sultat de la prise d'un compl\u00e9ment alimentaire.<\/h6>\n<\/div>\n<\/div>\n<\/div>\n<\/div>\n<\/div>\n<\/div>\n<div id=\"vc_row-680a7063bbcbe\" class=\"vc_row wpb_row vc_row-fluid vc_custom_1455193841743\">\n<div class=\"wpb_column vc_column_container vc_col-sm-12\">\n<div class=\"vc_column-inner\">\n<div class=\"wpb_wrapper\">\n<div id=\"fullwidth-block-680a7063bc3b2\" class=\"fullwidth-block clearfix\">\n<div class=\"fullwidth-block-inner\">\n<div class=\"container\">\n<div class=\"wpb_text_column wpb_content_element\">\n<div class=\"wpb_wrapper\">\n<div class=\"title-h1\"><span class=\"tlid-translation translation\" lang=\"es\"><span class=\"\" title=\"\">VEGGIE STYLE FOND\u00c9 EN 2011<\/span><\/span><\/div>\n<\/div>\n<\/div>\n<div class=\"wpb_text_column wpb_content_element\">\n<div class=\"wpb_wrapper\">\n<div class=\"styled-subtitle\"><span class=\"tlid-translation translation\" lang=\"es\"><span class=\"\" title=\"\">Entreprise v\u00e9gane 100% fond\u00e9e par Carlos Barbon - athl\u00e8te de force v\u00e9gane et d\u00e9fenseur des droits des animaux<\/span><\/span><\/div>\n<\/div>\n<\/div>\n<div class=\"clearboth\"><\/div>\n<div class=\"gem-divider\"><\/div>\n<div class=\"vc_row wpb_row vc_inner vc_row-fluid\">\n<div class=\"wpb_column vc_column_container vc_col-sm-12 vc_col-lg-8 vc_col-md-12\">\n<div class=\"vc_column-inner vc_custom_1455191337501\">\n<div class=\"wpb_wrapper\">\n<div class=\"wpb_single_image wpb_content_element vc_align_center\">\n<figure class=\"wpb_wrapper vc_figure\">\n<div class=\"vc_single_image-wrapper vc_box_border_grey\"><\/div>\n<\/figure>\n<\/div>\n<\/div>\n<\/div>\n<\/div>\n<div class=\"wpb_column vc_column_container vc_col-sm-4 vc_col-lg-4 vc_hidden-md vc_hidden-sm vc_hidden-xs\">\n<div class=\"vc_column-inner\">\n<div class=\"wpb_wrapper\">\n<div class=\"clearboth\"><\/div>\n<div class=\"gem-divider\"><\/div>\n<div class=\"wpb_text_column wpb_content_element\">\n<div class=\"wpb_wrapper\">\n<div class=\"title-h4\">100% VEGAN<\/div>\n<p><span class=\"tlid-translation translation\" lang=\"es\"><span class=\"\" title=\"\">Entreprise v\u00e9gane 100% fond\u00e9e par Carlos Barbon - athl\u00e8te de force v\u00e9gane et d\u00e9fenseur des droits des animaux<\/span><\/span><\/p>\n<\/div>\n<\/div>\n<div class=\"gem-divider\"><\/div>\n<div class=\"wpb_text_column wpb_content_element\">\n<div class=\"wpb_wrapper\">\n<div class=\"title-h4\"><span class=\"tlid-translation translation\" lang=\"es\"><span class=\"\" title=\"\">Sans allerg\u00e8nes<\/span><\/span><\/div>\n<p><span class=\"tlid-translation translation\" lang=\"es\"><span class=\"\" title=\"\">Dans nos propres installations de production \u00e0 Alicante, nous garantissons que tous les \u00e9quipements ne sont jamais en contact avec des allerg\u00e8nes tels que le gluten, le lait, les \u0153ufs, les fruits \u00e0 coque, etc.<\/span><\/span><\/p>\n<\/div>\n<\/div>\n<div class=\"gem-divider\"><\/div>\n<\/div>\n<\/div>\n<\/div>\n<\/div>\n<\/div>\n<\/div>\n<\/div>\n<\/div>\n<\/div>\n<\/div>\n<\/div>\n<\/div>\n<p>&nbsp;<\/p>\n<\/div>\n<\/div>\n<\/div>\n<\/div>\n<\/div>\n<\/div>\n<div class=\"product-content entry-content\">\n<div id=\"vc_row-680207d90e565\" class=\"vc_row wpb_row vc_row-fluid\">\n<div class=\"wpb_column vc_column_container vc_col-sm-12\">\n<div class=\"vc_column-inner\">\n<div class=\"wpb_wrapper\">\n<div class=\"wpb_single_image wpb_content_element vc_align_center\"><\/div>\n<\/div>\n<\/div>\n<\/div>\n<\/div>\n<\/div>\n<\/figure>\n<\/div>\n<\/div>\n<\/div>\n<\/div>\n<\/div>\n<\/div>\n<\/div>","protected":false},"excerpt":{"rendered":"<h5 class=\"wpb_text_column wpb_content_element\">VITAMINE B12 V\u00c9G\u00c9TALIENNE<\/h5>\n<div class=\"wpb_text_column wpb_content_element\">\n<div class=\"wpb_wrapper\">\n<div class=\"styled-subtitle\">\n<p>Compl\u00e9ment alimentaire liquide pr\u00eat \u00e0 l'emploi \u00e0 base de vitamine B12<br \/>\nPulv\u00e9risation de liquide<br \/>\n175 doses de 0,28 ml<br \/>\nQuantit\u00e9 nette : 50 ml<\/p>\n<\/div>\n<\/div>\n<\/div>","protected":false},"featured_media":30492,"comment_status":"open","ping_status":"closed","template":"","meta":[],"product_brand":[],"product_cat":[184],"product_tag":[26,29,30,33],"class_list":{"0":"post-29708","1":"product","2":"type-product","3":"status-publish","4":"has-post-thumbnail","6":"product_cat-vitamina-d3-y-b12","7":"product_tag-acousto","8":"product_tag-clock","9":"product_tag-electronics","10":"product_tag-mega","12":"first","13":"instock","14":"featured","15":"taxable","16":"shipping-taxable","17":"purchasable","18":"product-type-simple"},"_links":{"self":[{"href":"https:\/\/vroteina.com\/fr\/wp-json\/wp\/v2\/product\/29708","targetHints":{"allow":["GET"]}}],"collection":[{"href":"https:\/\/vroteina.com\/fr\/wp-json\/wp\/v2\/product"}],"about":[{"href":"https:\/\/vroteina.com\/fr\/wp-json\/wp\/v2\/types\/product"}],"replies":[{"embeddable":true,"href":"https:\/\/vroteina.com\/fr\/wp-json\/wp\/v2\/comments?post=29708"}],"version-history":[{"count":5,"href":"https:\/\/vroteina.com\/fr\/wp-json\/wp\/v2\/product\/29708\/revisions"}],"predecessor-version":[{"id":30650,"href":"https:\/\/vroteina.com\/fr\/wp-json\/wp\/v2\/product\/29708\/revisions\/30650"}],"wp:featuredmedia":[{"embeddable":true,"href":"https:\/\/vroteina.com\/fr\/wp-json\/wp\/v2\/media\/30492"}],"wp:attachment":[{"href":"https:\/\/vroteina.com\/fr\/wp-json\/wp\/v2\/media?parent=29708"}],"wp:term":[{"taxonomy":"product_brand","embeddable":true,"href":"https:\/\/vroteina.com\/fr\/wp-json\/wp\/v2\/product_brand?post=29708"},{"taxonomy":"product_cat","embeddable":true,"href":"https:\/\/vroteina.com\/fr\/wp-json\/wp\/v2\/product_cat?post=29708"},{"taxonomy":"product_tag","embeddable":true,"href":"https:\/\/vroteina.com\/fr\/wp-json\/wp\/v2\/product_tag?post=29708"}],"curies":[{"name":"wp","href":"https:\/\/api.w.org\/{rel}","templated":true}]}}