{"id":29771,"date":"2025-04-21T15:36:17","date_gmt":"2025-04-21T15:36:17","guid":{"rendered":"https:\/\/vroteina.com\/?post_type=product&#038;p=29771"},"modified":"2026-03-01T14:27:46","modified_gmt":"2026-03-01T14:27:46","slug":"natur-burn","status":"publish","type":"product","link":"https:\/\/vroteina.com\/fr\/product\/natur-burn\/","title":{"rendered":"Natur-Burn"},"content":{"rendered":"<p>&nbsp;<\/p>\n<figure>VEGGIE STYLE FOR EVERYONENATUR-BURNASTRALAGUSCELPPORHODIOLA ROSEATEE GREENFOOD SUPPLEMENT100 Capsules \u00e1 350mgPoids net : 35g<\/p>\n<h5><strong>Compl\u00e9ments alimentaires produits par :<\/strong><\/h5>\n<p>VROTEINA VEGGIE STYLE S.L.<br \/>\nB75845693<br \/>\nCamino de los Colmenares 100<br \/>\n03114 Alicante<br \/>\nT\u00e9l. : 665033362<br \/>\nwww.vroteina.com<\/p>\n<p>Les compl\u00e9ments alimentaires ne doivent pas \u00eatre utilis\u00e9s comme substitut \u00e0 un r\u00e9gime alimentaire \u00e9quilibr\u00e9. Il est important de suivre un r\u00e9gime alimentaire vari\u00e9 et \u00e9quilibr\u00e9 et un mode de vie sain. Tenir hors de port\u00e9e des enfants. Conservation : Apr\u00e8s ouverture, conserver dans un endroit frais et sec.<br \/>\nAVERTISSEMENTS : Ne pas d\u00e9passer la dose journali\u00e8re recommand\u00e9e.<\/p>\n<p>&nbsp;<\/p>\n<p><img decoding=\"async\" src=\"https:\/\/veggie-style.com\/vegan-shop\/index.php\/es\/product\/natur-burn\/images\/vegan-protein-shakemoringa-strawberryjarr.PNG\" alt=\"\" \/><img decoding=\"async\" src=\"https:\/\/veggie-style.com\/vegan-shop\/index.php\/es\/product\/natur-burn\/images\/vegan-protein-shakemoringa-chocolatejarr.PNG\" alt=\"\" \/><img fetchpriority=\"high\" decoding=\"async\" class=\"alignnone wp-image-30527 size-large\" src=\"https:\/\/vroteina.com\/wp-content\/uploads\/2025\/04\/ETIQUETA-VROTEINA-NATURBURN-1024x348.png\" alt=\"\" width=\"800\" height=\"272\" srcset=\"https:\/\/vroteina.com\/wp-content\/uploads\/2025\/04\/ETIQUETA-VROTEINA-NATURBURN-1024x348.png 1024w, https:\/\/vroteina.com\/wp-content\/uploads\/2025\/04\/ETIQUETA-VROTEINA-NATURBURN-300x102.png 300w, https:\/\/vroteina.com\/wp-content\/uploads\/2025\/04\/ETIQUETA-VROTEINA-NATURBURN-768x261.png 768w, https:\/\/vroteina.com\/wp-content\/uploads\/2025\/04\/ETIQUETA-VROTEINA-NATURBURN-18x6.png 18w, https:\/\/vroteina.com\/wp-content\/uploads\/2025\/04\/ETIQUETA-VROTEINA-NATURBURN-600x204.png 600w, https:\/\/vroteina.com\/wp-content\/uploads\/2025\/04\/ETIQUETA-VROTEINA-NATURBURN.png 1174w\" sizes=\"(max-width: 800px) 100vw, 800px\" \/><\/p>\n<p><img decoding=\"async\" src=\"https:\/\/veggie-style.com\/vegan-shop\/index.php\/es\/product\/natur-burn\/images\/vegan-protein-shakemoringa-strawberryjarr.PNG\" alt=\"\" \/><img decoding=\"async\" src=\"https:\/\/veggie-style.com\/vegan-shop\/index.php\/es\/product\/natur-burn\/images\/vegan-protein-shakemoringa-chocolatejarr.PNG\" alt=\"\" \/><\/p>\n<p>Depuis que nous avons commenc\u00e9 en 2011, nous avons \u00e9t\u00e9 la premi\u00e8re entreprise de suppl\u00e9ments v\u00e9g\u00e9taliens 100% en Europe avec nos propres installations et production, garantissant qu'aucun de nos \u00e9quipements n'a \u00e9t\u00e9 en contact avec des ingr\u00e9dients non v\u00e9g\u00e9taliens.Le fondateur lui-m\u00eame, Carlos Barbon, est un militant des droits des animaux v\u00e9g\u00e9talien et v\u00e9g\u00e9tarien depuis 1985, ce qui en fait l'un des pionniers du mode de vie v\u00e9g\u00e9talien et aussi l'un des athl\u00e8tes naturels les plus forts.<\/p>\n<p><img decoding=\"async\" src=\"http:\/\/veggie-style.com\/vegan-shop\/wp-content\/uploads\/2019\/03\/vegancompany.png\" alt=\"\" width=\"264\" height=\"412\" \/><\/p>\n<p><a href=\"https:\/\/veggie-style.com\/vegan-shop\/index.php\/es\/product\/bcaa-vegano\/\" target=\"_self\">Fourmi.<\/a><a href=\"https:\/\/veggie-style.com\/vegan-shop\/index.php\/es\/product\/cla-clarinol\/\" target=\"_self\">Sig.<\/a>Taux m\u00e9taboliqueNotre formule est compos\u00e9e exclusivement d'herbes naturelles. Si nous veillons \u00e0 manger sainement, sans exc\u00e8s et en \u00e9vitant les fritures et les sucres, nous nous assurons que notre corps br\u00fble les calories stock\u00e9es dans les cellules graisseuses. Pour atteindre la perte de poids souhait\u00e9e de mani\u00e8re saine.<\/p>\n<figure><img decoding=\"async\" class=\"alignnone wp-image-30528 size-full\" src=\"https:\/\/vroteina.com\/wp-content\/uploads\/2025\/04\/vitamax-gold-edition-NATUR-BURNB.png\" alt=\"\" width=\"660\" height=\"522\" srcset=\"https:\/\/vroteina.com\/wp-content\/uploads\/2025\/04\/vitamax-gold-edition-NATUR-BURNB.png 660w, https:\/\/vroteina.com\/wp-content\/uploads\/2025\/04\/vitamax-gold-edition-NATUR-BURNB-300x237.png 300w, https:\/\/vroteina.com\/wp-content\/uploads\/2025\/04\/vitamax-gold-edition-NATUR-BURNB-15x12.png 15w, https:\/\/vroteina.com\/wp-content\/uploads\/2025\/04\/vitamax-gold-edition-NATUR-BURNB-600x475.png 600w\" sizes=\"(max-width: 660px) 100vw, 660px\" \/><\/figure>\n<figure><img loading=\"lazy\" decoding=\"async\" class=\"alignnone wp-image-30529 size-full\" src=\"https:\/\/vroteina.com\/wp-content\/uploads\/2025\/04\/vitamax-gold-edition-NATUR-BURN2.png\" alt=\"\" width=\"612\" height=\"542\" srcset=\"https:\/\/vroteina.com\/wp-content\/uploads\/2025\/04\/vitamax-gold-edition-NATUR-BURN2.png 612w, https:\/\/vroteina.com\/wp-content\/uploads\/2025\/04\/vitamax-gold-edition-NATUR-BURN2-300x266.png 300w, https:\/\/vroteina.com\/wp-content\/uploads\/2025\/04\/vitamax-gold-edition-NATUR-BURN2-14x12.png 14w, https:\/\/vroteina.com\/wp-content\/uploads\/2025\/04\/vitamax-gold-edition-NATUR-BURN2-600x531.png 600w\" sizes=\"(max-width: 612px) 100vw, 612px\" \/><\/figure>\n<p>Soutien m\u00e9tabolique<\/p>\n<p>Natur-Burn est un petit coup de pouce, mais en m\u00eame temps nous devons contr\u00f4ler la quantit\u00e9 et le type de calories que nous mangeons ; apr\u00e8s tout, notre formule n'aura aucune chance contre 3 grandes portions de Chips \ud83d\ude09.<\/p>\n<p>Notre formule contient les plantes suivantes<\/p>\n<p>Extrait de th\u00e9 vert<\/p>\n<p>Le th\u00e9 vert - provient de la plante Camellia Sinensis. Certains de ses bienfaits pour la sant\u00e9 reposent sur sa teneur \u00e9lev\u00e9e en polyph\u00e9nols, \u00e9galement connus sous le nom d'acides gras om\u00e9ga-3.<\/p>\n<p>comme l'EGCG.<\/p>\n<p><img loading=\"lazy\" decoding=\"async\" src=\"https:\/\/veggie-style.com\/vegan-shop\/wp-content\/uploads\/2019\/05\/circel-green-tea-1-300x253.png\" sizes=\"(max-width: 300px) 100vw, 300px\" srcset=\"https:\/\/veggie-style.com\/vegan-shop\/wp-content\/uploads\/2019\/05\/circel-green-tea-1-300x253.png 300w, https:\/\/veggie-style.com\/vegan-shop\/wp-content\/uploads\/2019\/05\/circel-green-tea-1-768x647.png 768w, https:\/\/veggie-style.com\/vegan-shop\/wp-content\/uploads\/2019\/05\/circel-green-tea-1-600x506.png 600w, https:\/\/veggie-style.com\/vegan-shop\/wp-content\/uploads\/2019\/05\/circel-green-tea-1.png 841w\" alt=\"\" width=\"300\" height=\"253\" \/><\/p>\n<figure><img loading=\"lazy\" decoding=\"async\" class=\"alignnone wp-image-30530 size-full\" src=\"https:\/\/vroteina.com\/wp-content\/uploads\/2025\/04\/vitamax-gold-edition-NATUR-BURN3.png\" alt=\"\" width=\"732\" height=\"507\" srcset=\"https:\/\/vroteina.com\/wp-content\/uploads\/2025\/04\/vitamax-gold-edition-NATUR-BURN3.png 732w, https:\/\/vroteina.com\/wp-content\/uploads\/2025\/04\/vitamax-gold-edition-NATUR-BURN3-300x208.png 300w, https:\/\/vroteina.com\/wp-content\/uploads\/2025\/04\/vitamax-gold-edition-NATUR-BURN3-18x12.png 18w, https:\/\/vroteina.com\/wp-content\/uploads\/2025\/04\/vitamax-gold-edition-NATUR-BURN3-600x416.png 600w\" sizes=\"(max-width: 732px) 100vw, 732px\" \/><\/figure>\n<p><img loading=\"lazy\" decoding=\"async\" class=\"alignnone wp-image-30531 size-full\" src=\"https:\/\/vroteina.com\/wp-content\/uploads\/2025\/04\/vitamax-gold-edition-NATUR-BURN4.png\" alt=\"\" width=\"761\" height=\"576\" srcset=\"https:\/\/vroteina.com\/wp-content\/uploads\/2025\/04\/vitamax-gold-edition-NATUR-BURN4.png 761w, https:\/\/vroteina.com\/wp-content\/uploads\/2025\/04\/vitamax-gold-edition-NATUR-BURN4-300x227.png 300w, https:\/\/vroteina.com\/wp-content\/uploads\/2025\/04\/vitamax-gold-edition-NATUR-BURN4-16x12.png 16w, https:\/\/vroteina.com\/wp-content\/uploads\/2025\/04\/vitamax-gold-edition-NATUR-BURN4-600x454.png 600w\" sizes=\"(max-width: 761px) 100vw, 761px\" \/><\/p>\n<figure><img loading=\"lazy\" decoding=\"async\" class=\"alignnone wp-image-30532 size-full\" src=\"https:\/\/vroteina.com\/wp-content\/uploads\/2025\/04\/vitamax-gold-edition-NATUR-BURN5.png\" alt=\"\" width=\"658\" height=\"438\" srcset=\"https:\/\/vroteina.com\/wp-content\/uploads\/2025\/04\/vitamax-gold-edition-NATUR-BURN5.png 658w, https:\/\/vroteina.com\/wp-content\/uploads\/2025\/04\/vitamax-gold-edition-NATUR-BURN5-300x200.png 300w, https:\/\/vroteina.com\/wp-content\/uploads\/2025\/04\/vitamax-gold-edition-NATUR-BURN5-18x12.png 18w, https:\/\/vroteina.com\/wp-content\/uploads\/2025\/04\/vitamax-gold-edition-NATUR-BURN5-600x399.png 600w\" sizes=\"(max-width: 658px) 100vw, 658px\" \/><\/figure>\n<p>Astralagus<\/p>\n<p>Les scientifiques ont d\u00e9couvert que les racines de la plante Astralagus ont \u00e9galement un effet positif sur notre m\u00e9tabolisme.<br \/>\n<img loading=\"lazy\" decoding=\"async\" src=\"https:\/\/veggie-style.com\/vegan-shop\/wp-content\/uploads\/2019\/05\/circel-astralagus-1-251x300.png\" sizes=\"(max-width: 251px) 100vw, 251px\" srcset=\"https:\/\/veggie-style.com\/vegan-shop\/wp-content\/uploads\/2019\/05\/circel-astralagus-1-251x300.png 251w, https:\/\/veggie-style.com\/vegan-shop\/wp-content\/uploads\/2019\/05\/circel-astralagus-1-600x717.png 600w, https:\/\/veggie-style.com\/vegan-shop\/wp-content\/uploads\/2019\/05\/circel-astralagus-1.png 709w\" alt=\"\" width=\"251\" height=\"300\" \/><\/p>\n<p>Varech<\/p>\n<p>Ces algues ont une teneur \u00e9lev\u00e9e en iode, un nutriment essentiel pour un fonctionnement optimal de la thyro\u00efde. La glande thyro\u00efde est responsable de la production d'\u00e9nergie et optimise le m\u00e9tabolisme.<\/p>\n<p><img loading=\"lazy\" decoding=\"async\" src=\"https:\/\/veggie-style.com\/vegan-shop\/wp-content\/uploads\/2019\/05\/natur-burn-kelp-2-267x300.png\" sizes=\"(max-width: 267px) 100vw, 267px\" srcset=\"https:\/\/veggie-style.com\/vegan-shop\/wp-content\/uploads\/2019\/05\/natur-burn-kelp-2-267x300.png 267w, https:\/\/veggie-style.com\/vegan-shop\/wp-content\/uploads\/2019\/05\/natur-burn-kelp-2-768x864.png 768w, https:\/\/veggie-style.com\/vegan-shop\/wp-content\/uploads\/2019\/05\/natur-burn-kelp-2-600x675.png 600w, https:\/\/veggie-style.com\/vegan-shop\/wp-content\/uploads\/2019\/05\/natur-burn-kelp-2.png 769w\" alt=\"\" width=\"267\" height=\"300\" \/><\/p>\n<p>Plus notre taux m\u00e9tabolique est \u00e9lev\u00e9, plus notre corps br\u00fble de calories. Les personnes dont le m\u00e9tabolisme est lent, en particulier, ressentent une am\u00e9lioration significative apr\u00e8s avoir consomm\u00e9 des algues. Autre fait int\u00e9ressant : 80% des personnes souffrent d'une carence en iode, ce qui limite consid\u00e9rablement leur capacit\u00e9 \u00e0 br\u00fbler des graisses. Si vous mangez bien, que vous r\u00e9duisez les calories et que vous ne br\u00fblez toujours pas de graisses, vous devriez faire tester votre taux d'iode.<\/p>\n<figure><\/figure>\n<figure><\/figure>\n<p>Rhosiola Rosea<\/p>\n<p>La Rhodiola Rosea a plusieurs effets positifs<img loading=\"lazy\" decoding=\"async\" src=\"https:\/\/veggie-style.com\/vegan-shop\/wp-content\/uploads\/2019\/05\/NATUR-BURN-Fat-Burner-RhosiolaRosea-2-300x294.png\" sizes=\"(max-width: 300px) 100vw, 300px\" srcset=\"https:\/\/veggie-style.com\/vegan-shop\/wp-content\/uploads\/2019\/05\/NATUR-BURN-Fat-Burner-RhosiolaRosea-2-300x294.png 300w, https:\/\/veggie-style.com\/vegan-shop\/wp-content\/uploads\/2019\/05\/NATUR-BURN-Fat-Burner-RhosiolaRosea-2-600x589.png 600w, https:\/\/veggie-style.com\/vegan-shop\/wp-content\/uploads\/2019\/05\/NATUR-BURN-Fat-Burner-RhosiolaRosea-2.png 679w\" alt=\"\" width=\"300\" height=\"294\" \/><\/p>\n<p>Enfin, il contient les substances naturelles suivantes : rosavine, rosarine, rosine, rosine et salidroside ; toutes ces substances font partie des adaptog\u00e8nes, qui ont la capacit\u00e9 de combattre les hormones de stress et donc de r\u00e9duire le stress. Ceci est essentiel pour une bonne r\u00e9cup\u00e9ration apr\u00e8s l'entra\u00eenement.<\/p>\n<p>Ingr\u00e9dients naturelsNous n'utilisons que des herbes s\u00e9ch\u00e9es et pulv\u00e9ris\u00e9es, qui sont ensuite introduites dans des g\u00e9lules v\u00e9g\u00e9taliennes en cellulose.<\/p>\n<figure><a href=\"https:\/\/veggie-style.com\/vegan-shop\/wp-content\/uploads\/2019\/09\/vroteina-testomax-3.png\" target=\"_self\" data-rel=\"prettyPhoto[rel-26207-619537785]\"><img loading=\"lazy\" decoding=\"async\" src=\"https:\/\/veggie-style.com\/vegan-shop\/wp-content\/uploads\/2019\/09\/vroteina-testomax-3.png\" sizes=\"(max-width: 639px) 100vw, 639px\" srcset=\"https:\/\/veggie-style.com\/vegan-shop\/wp-content\/uploads\/2019\/09\/vroteina-testomax-3.png 639w, https:\/\/veggie-style.com\/vegan-shop\/wp-content\/uploads\/2019\/09\/vroteina-testomax-3-263x300.png 263w, https:\/\/veggie-style.com\/vegan-shop\/wp-content\/uploads\/2019\/09\/vroteina-testomax-3-600x685.png 600w\" alt=\"\" width=\"639\" height=\"730\" \/><\/a><\/figure>\n<figure><a href=\"https:\/\/veggie-style.com\/vegan-shop\/wp-content\/uploads\/2019\/05\/Green_Tea_Leaves.jpg\" target=\"_self\" data-rel=\"prettyPhoto[rel-26207-3257487152]\"><img loading=\"lazy\" decoding=\"async\" src=\"https:\/\/veggie-style.com\/vegan-shop\/wp-content\/uploads\/2019\/05\/Green_Tea_Leaves.jpg\" sizes=\"(max-width: 560px) 100vw, 560px\" srcset=\"https:\/\/veggie-style.com\/vegan-shop\/wp-content\/uploads\/2019\/05\/Green_Tea_Leaves.jpg 560w, https:\/\/veggie-style.com\/vegan-shop\/wp-content\/uploads\/2019\/05\/Green_Tea_Leaves-300x200.jpg 300w\" alt=\"\" width=\"560\" height=\"373\" \/><\/a><\/figure>\n<p>Agriculture biologiqueNos ingr\u00e9dients NaturBurn sont tous cultiv\u00e9s de mani\u00e8re biologique dans un environnement s\u00fbr et nourris avec des min\u00e9raux issus de l'agriculture biologique. La culture est contr\u00f4l\u00e9e conform\u00e9ment aux r\u00e8gles allemandes en mati\u00e8re d'agriculture biologique.<\/p>\n<figure><\/figure>\n<figure><\/figure>\n<figure><a href=\"https:\/\/veggie-style.com\/vegan-shop\/wp-content\/uploads\/2019\/09\/Top-serviceio-al-cliente-whatsapp-veggie-style-1.png\" target=\"_self\" data-rel=\"prettyPhoto[rel-26207-3124314760]\"><img loading=\"lazy\" decoding=\"async\" src=\"https:\/\/veggie-style.com\/vegan-shop\/wp-content\/uploads\/2019\/09\/Top-serviceio-al-cliente-whatsapp-veggie-style-1.png\" sizes=\"(max-width: 352px) 100vw, 352px\" srcset=\"https:\/\/veggie-style.com\/vegan-shop\/wp-content\/uploads\/2019\/09\/Top-serviceio-al-cliente-whatsapp-veggie-style-1.png 352w, https:\/\/veggie-style.com\/vegan-shop\/wp-content\/uploads\/2019\/09\/Top-serviceio-al-cliente-whatsapp-veggie-style-1-300x273.png 300w\" alt=\"\" width=\"352\" height=\"320\" \/><\/a><\/figure>\n<figure><\/figure>\n<figure><\/figure>\n<figure><\/figure>\n<figure><\/figure>\n<p>VEGGIE STYLE FOUNDED 2011VEGGIE STYLE 100% entreprise v\u00e9gane fond\u00e9e par Carlos Barbon - athl\u00e8te de force v\u00e9gane et militant pour les droits des animaux<\/p>\n<figure><img loading=\"lazy\" decoding=\"async\" src=\"https:\/\/veggie-style.com\/vegan-shop\/wp-content\/uploads\/2019\/05\/carlos-barbon-meat-free-zone.png\" sizes=\"(max-width: 928px) 100vw, 928px\" srcset=\"https:\/\/veggie-style.com\/vegan-shop\/wp-content\/uploads\/2019\/05\/carlos-barbon-meat-free-zone.png 928w, https:\/\/veggie-style.com\/vegan-shop\/wp-content\/uploads\/2019\/05\/carlos-barbon-meat-free-zone-300x196.png 300w, https:\/\/veggie-style.com\/vegan-shop\/wp-content\/uploads\/2019\/05\/carlos-barbon-meat-free-zone-768x501.png 768w, https:\/\/veggie-style.com\/vegan-shop\/wp-content\/uploads\/2019\/05\/carlos-barbon-meat-free-zone-600x391.png 600w\" alt=\"\" width=\"928\" height=\"605\" \/><\/figure>\n<p>NATUR-BURN \uf13f\uf13fNature-Burn est notre formule naturelle \u00e0 base de plantes pour br\u00fbler les graisses, bas\u00e9e sur 4 plantes qui ont la capacit\u00e9 de maximiser notre m\u00e9tabolisme. Un m\u00e9tabolisme acc\u00e9l\u00e9r\u00e9 conduit \u00e0 une consommation accrue de calories, ce qui aide \u00e0 r\u00e9duire la graisse corporelle.ASTRALAGUSKELPRHODIOLA ROSEAGREEN TEAGREEN TEA100 VEGGIE- CAPSULES A 350MG<\/p>\n<figure><img loading=\"lazy\" decoding=\"async\" src=\"https:\/\/veggie-style.com\/vegan-shop\/wp-content\/uploads\/2019\/09\/vroteina-natur-burn-6.png\" sizes=\"(max-width: 988px) 100vw, 988px\" srcset=\"https:\/\/veggie-style.com\/vegan-shop\/wp-content\/uploads\/2019\/09\/vroteina-natur-burn-6.png 988w, https:\/\/veggie-style.com\/vegan-shop\/wp-content\/uploads\/2019\/09\/vroteina-natur-burn-6-300x223.png 300w, https:\/\/veggie-style.com\/vegan-shop\/wp-content\/uploads\/2019\/09\/vroteina-natur-burn-6-768x571.png 768w, https:\/\/veggie-style.com\/vegan-shop\/wp-content\/uploads\/2019\/09\/vroteina-natur-burn-6-600x446.png 600w\" alt=\"\" width=\"988\" height=\"735\" \/><\/figure>\n<\/figure>","protected":false},"excerpt":{"rendered":"<p>Natur-Burn<\/p>\n<p>COMPL\u00c9MENT ALIMENTAIRE<br \/>\nproduits naturels \u00e0 base de plantes<br \/>\n100 g\u00e9lules v\u00e9g\u00e9tales<br \/>\nQuantit\u00e9 nette : 35g<\/p>","protected":false},"featured_media":30525,"comment_status":"open","ping_status":"closed","template":"","meta":[],"product_brand":[],"product_cat":[24,25],"product_tag":[46,47,48],"class_list":{"0":"post-29771","1":"product","2":"type-product","3":"status-publish","4":"has-post-thumbnail","6":"product_cat-adelgazar","7":"product_cat-complementos","8":"product_tag-dieta","9":"product_tag-kelp","10":"product_tag-perdida-peso","12":"first","13":"instock","14":"featured","15":"taxable","16":"shipping-taxable","17":"purchasable","18":"product-type-simple"},"_links":{"self":[{"href":"https:\/\/vroteina.com\/fr\/wp-json\/wp\/v2\/product\/29771","targetHints":{"allow":["GET"]}}],"collection":[{"href":"https:\/\/vroteina.com\/fr\/wp-json\/wp\/v2\/product"}],"about":[{"href":"https:\/\/vroteina.com\/fr\/wp-json\/wp\/v2\/types\/product"}],"replies":[{"embeddable":true,"href":"https:\/\/vroteina.com\/fr\/wp-json\/wp\/v2\/comments?post=29771"}],"version-history":[{"count":4,"href":"https:\/\/vroteina.com\/fr\/wp-json\/wp\/v2\/product\/29771\/revisions"}],"predecessor-version":[{"id":30735,"href":"https:\/\/vroteina.com\/fr\/wp-json\/wp\/v2\/product\/29771\/revisions\/30735"}],"wp:featuredmedia":[{"embeddable":true,"href":"https:\/\/vroteina.com\/fr\/wp-json\/wp\/v2\/media\/30525"}],"wp:attachment":[{"href":"https:\/\/vroteina.com\/fr\/wp-json\/wp\/v2\/media?parent=29771"}],"wp:term":[{"taxonomy":"product_brand","embeddable":true,"href":"https:\/\/vroteina.com\/fr\/wp-json\/wp\/v2\/product_brand?post=29771"},{"taxonomy":"product_cat","embeddable":true,"href":"https:\/\/vroteina.com\/fr\/wp-json\/wp\/v2\/product_cat?post=29771"},{"taxonomy":"product_tag","embeddable":true,"href":"https:\/\/vroteina.com\/fr\/wp-json\/wp\/v2\/product_tag?post=29771"}],"curies":[{"name":"wp","href":"https:\/\/api.w.org\/{rel}","templated":true}]}}