{"id":29904,"date":"2025-04-30T15:42:47","date_gmt":"2025-04-30T15:42:47","guid":{"rendered":"https:\/\/vroteina.com\/?post_type=product&#038;p=29904"},"modified":"2026-04-03T08:02:14","modified_gmt":"2026-04-03T08:02:14","slug":"shaker","status":"publish","type":"product","link":"https:\/\/vroteina.com\/fr\/product\/shaker\/","title":{"rendered":"SHAKER"},"content":{"rendered":"<div class=\"row\">\n<div class=\"vc_tta-container woocommerce-tabs wc-tabs-wrapper gem-woocommerce-tabs\" data-vc-action=\"collapse\">\n<div class=\"vc_general vc_tta vc_tta-tabs vc_tta-color-thegem vc_tta-style-classic vc_tta-shape-square vc_tta-spacing-5 vc_tta-tabs-position-top vc_tta-controls-align-left\">\n<div class=\"vc_tta-panels-container\">\n<div class=\"vc_tta-panels\">\n<div id=\"tab-description\" class=\"vc_tta-panel vc_active\" data-vc-content=\".vc_tta-panel-body\">\n<div class=\"vc_tta-panel-body\">\n<div class=\"wpb_text_column wpb_content_element\">\n<div class=\"wpb_wrapper\"><\/div>\n<\/div>\n<\/div>\n<\/div>\n<\/div>\n<\/div>\n<\/div>\n<\/div>\n<div class=\"product-content entry-content\">\n<div id=\"vc_row-67f388c2d8b59\" class=\"vc_row wpb_row vc_row-fluid\">\n<div class=\"wpb_column vc_column_container vc_col-sm-6\">\n<div class=\"vc_column-inner\">\n<div class=\"wpb_wrapper\">\n<div class=\"wpb_single_image wpb_content_element vc_align_center\">\n<figure class=\"wpb_wrapper vc_figure\">\n<div class=\"vc_tta-container woocommerce-tabs wc-tabs-wrapper gem-woocommerce-tabs\" data-vc-action=\"collapse\">\n<div class=\"vc_general vc_tta vc_tta-tabs vc_tta-color-thegem vc_tta-style-classic vc_tta-shape-square vc_tta-spacing-5 vc_tta-tabs-position-top vc_tta-controls-align-left\">\n<div class=\"vc_tta-panels-container\">\n<div class=\"vc_tta-panels\">\n<div id=\"tab-description\" class=\"vc_tta-panel vc_active\" data-vc-content=\".vc_tta-panel-body\">\n<div class=\"vc_tta-panel-body\"><\/div>\n<\/div>\n<\/div>\n<\/div>\n<\/div>\n<\/div>\n<div class=\"product-content entry-content\">\n<div id=\"vc_row-68122c1b4963c\" class=\"vc_row wpb_row vc_row-fluid vc_custom_1455196557199\">\n<div class=\"wpb_column vc_column_container vc_col-sm-12\">\n<div class=\"vc_column-inner vc_custom_1455193944569\">\n<div class=\"wpb_wrapper\">\n<div id=\"fullwidth-block-68122c1b49d0c\" class=\"fullwidth-block clearfix\">\n<div class=\"fullwidth-block-inner\">\n<div class=\"container\">\n<div class=\"vc_row wpb_row vc_inner vc_row-fluid\">\n<div class=\"wpb_column vc_column_container vc_col-sm-6\">\n<div class=\"vc_column-inner\">\n<div class=\"wpb_wrapper\">\n<div class=\"wpb_single_image wpb_content_element vc_align_center\">\n<figure class=\"wpb_wrapper vc_figure\">\n<div class=\"vc_single_image-wrapper vc_box_border_grey\">\n<div class=\"product-content entry-content\">\n<div id=\"vc_row-6812321b00cb6\" class=\"vc_row wpb_row vc_row-fluid vc_custom_1455196557199\">\n<div class=\"wpb_column vc_column_container vc_col-sm-12\">\n<div class=\"vc_column-inner vc_custom_1455193944569\">\n<div class=\"wpb_wrapper\">\n<div id=\"fullwidth-block-6812321b01421\" class=\"fullwidth-block clearfix\">\n<div class=\"fullwidth-block-inner\">\n<div class=\"container\">\n<div class=\"vc_row wpb_row vc_inner vc_row-fluid\">\n<div class=\"wpb_column vc_column_container vc_col-sm-6\">\n<div class=\"vc_column-inner\">\n<div class=\"wpb_wrapper\">\n<div class=\"wpb_single_image wpb_content_element vc_align_center\">\n<figure class=\"wpb_wrapper vc_figure\">\n<div class=\"vc_single_image-wrapper vc_box_border_grey\">\n<div class=\"product-content entry-content\">\n<div id=\"vc_row-68123d0148cc5\" class=\"vc_row wpb_row vc_row-fluid vc_custom_1455196557199\">\n<div class=\"wpb_column vc_column_container vc_col-sm-12\">\n<div class=\"vc_column-inner vc_custom_1455193944569\">\n<div class=\"wpb_wrapper\">\n<div id=\"fullwidth-block-68123d0149398\" class=\"fullwidth-block clearfix\">\n<div class=\"fullwidth-block-inner\">\n<div class=\"container\">\n<div class=\"vc_row wpb_row vc_inner vc_row-fluid\">\n<div class=\"wpb_column vc_column_container vc_col-sm-6\">\n<div class=\"vc_column-inner\">\n<div class=\"wpb_wrapper\">\n<div class=\"wpb_single_image wpb_content_element vc_align_center\">\n<figure class=\"wpb_wrapper vc_figure\">\n<div class=\"vc_single_image-wrapper vc_box_border_grey\">\n<div class=\"vc_tta-container woocommerce-tabs wc-tabs-wrapper gem-woocommerce-tabs\" data-vc-action=\"collapse\">\n<div class=\"vc_general vc_tta vc_tta-tabs vc_tta-color-thegem vc_tta-style-classic vc_tta-shape-square vc_tta-spacing-5 vc_tta-tabs-position-top vc_tta-controls-align-left\">\n<div class=\"vc_tta-panels-container\">\n<div class=\"vc_tta-panels\">\n<div id=\"tab-description\" class=\"vc_tta-panel vc_active\" data-vc-content=\".vc_tta-panel-body\">\n<div class=\"vc_tta-panel-body\">\n<div class=\"title-h5\">\n<p><span class=\"tlid-translation translation\" lang=\"es\"><span title=\"\">PR\u00c9PAREZ VOS PROT\u00c9INES V\u00c9G\u00c9TALIENNES<\/span><\/span><\/p>\n<p><span class=\"\" title=\"\">savourez vos prot\u00e9ines v\u00e9g\u00e9taliennes sur le pouce gr\u00e2ce \u00e0 notre shaker de macs au style v\u00e9g\u00e9talien\u00a0<\/span><\/p>\n<\/div>\n<p><img fetchpriority=\"high\" decoding=\"async\" class=\"alignnone wp-image-30534 size-large\" src=\"https:\/\/vroteina.com\/wp-content\/uploads\/2025\/04\/ChatGPT-Image-20-ene-2026-17_00_31-1024x683.png\" alt=\"\" width=\"800\" height=\"534\" srcset=\"https:\/\/vroteina.com\/wp-content\/uploads\/2025\/04\/ChatGPT-Image-20-ene-2026-17_00_31-1024x683.png 1024w, https:\/\/vroteina.com\/wp-content\/uploads\/2025\/04\/ChatGPT-Image-20-ene-2026-17_00_31-300x200.png 300w, https:\/\/vroteina.com\/wp-content\/uploads\/2025\/04\/ChatGPT-Image-20-ene-2026-17_00_31-768x512.png 768w, https:\/\/vroteina.com\/wp-content\/uploads\/2025\/04\/ChatGPT-Image-20-ene-2026-17_00_31-18x12.png 18w, https:\/\/vroteina.com\/wp-content\/uploads\/2025\/04\/ChatGPT-Image-20-ene-2026-17_00_31-600x400.png 600w, https:\/\/vroteina.com\/wp-content\/uploads\/2025\/04\/ChatGPT-Image-20-ene-2026-17_00_31.png 1536w\" sizes=\"(max-width: 800px) 100vw, 800px\" \/><\/p>\n<div class=\"wpb_text_column wpb_content_element\">\n<div class=\"wpb_wrapper\">\n<div class=\"styled-subtitle\">\n<div class=\"title-h5\">\n<div class=\"title-h5\">\n<p>&nbsp;<\/p>\n<\/div>\n<div class=\"title-h6\"><\/div>\n<\/div>\n<p><img decoding=\"async\" class=\"alignnone size-medium wp-image-30752\" src=\"https:\/\/vroteina.com\/wp-content\/uploads\/2025\/04\/vroteina-shaker-5-300x267.png\" alt=\"\" width=\"300\" height=\"267\" srcset=\"https:\/\/vroteina.com\/wp-content\/uploads\/2025\/04\/vroteina-shaker-5-300x267.png 300w, https:\/\/vroteina.com\/wp-content\/uploads\/2025\/04\/vroteina-shaker-5-14x12.png 14w, https:\/\/vroteina.com\/wp-content\/uploads\/2025\/04\/vroteina-shaker-5-600x533.png 600w, https:\/\/vroteina.com\/wp-content\/uploads\/2025\/04\/vroteina-shaker-5.png 612w\" sizes=\"(max-width: 300px) 100vw, 300px\" \/><img decoding=\"async\" class=\"alignnone size-medium wp-image-30753\" src=\"https:\/\/vroteina.com\/wp-content\/uploads\/2025\/04\/vroteina-shaker-4-300x286.png\" alt=\"\" width=\"300\" height=\"286\" srcset=\"https:\/\/vroteina.com\/wp-content\/uploads\/2025\/04\/vroteina-shaker-4-300x286.png 300w, https:\/\/vroteina.com\/wp-content\/uploads\/2025\/04\/vroteina-shaker-4-13x12.png 13w, https:\/\/vroteina.com\/wp-content\/uploads\/2025\/04\/vroteina-shaker-4-600x573.png 600w, https:\/\/vroteina.com\/wp-content\/uploads\/2025\/04\/vroteina-shaker-4.png 641w\" sizes=\"(max-width: 300px) 100vw, 300px\" \/><img loading=\"lazy\" decoding=\"async\" class=\"alignnone size-medium wp-image-30754\" src=\"https:\/\/vroteina.com\/wp-content\/uploads\/2025\/04\/vroteina-shaker-fertig-138x300.png\" alt=\"\" width=\"138\" height=\"300\" srcset=\"https:\/\/vroteina.com\/wp-content\/uploads\/2025\/04\/vroteina-shaker-fertig-138x300.png 138w, https:\/\/vroteina.com\/wp-content\/uploads\/2025\/04\/vroteina-shaker-fertig-6x12.png 6w, https:\/\/vroteina.com\/wp-content\/uploads\/2025\/04\/vroteina-shaker-fertig.png 312w\" sizes=\"(max-width: 138px) 100vw, 138px\" \/><img loading=\"lazy\" decoding=\"async\" class=\"alignnone size-medium wp-image-30755\" src=\"https:\/\/vroteina.com\/wp-content\/uploads\/2025\/04\/vroteina-shaker-6-300x254.png\" alt=\"\" width=\"300\" height=\"254\" srcset=\"https:\/\/vroteina.com\/wp-content\/uploads\/2025\/04\/vroteina-shaker-6-300x254.png 300w, https:\/\/vroteina.com\/wp-content\/uploads\/2025\/04\/vroteina-shaker-6-14x12.png 14w, https:\/\/vroteina.com\/wp-content\/uploads\/2025\/04\/vroteina-shaker-6-600x507.png 600w, https:\/\/vroteina.com\/wp-content\/uploads\/2025\/04\/vroteina-shaker-6.png 737w\" sizes=\"(max-width: 300px) 100vw, 300px\" \/><\/p>\n<\/div>\n<\/div>\n<\/div>\n<\/div>\n<\/div>\n<div id=\"tab-additional_information\" class=\"vc_tta-panel\" data-vc-content=\".vc_tta-panel-body\"><\/div>\n<\/div>\n<\/div>\n<\/div>\n<\/div>\n<div class=\"product-content entry-content\">\n<div id=\"vc_row-681244a89392e\" class=\"vc_row wpb_row vc_row-fluid\">\n<div class=\"wpb_column vc_column_container vc_col-sm-6\">\n<div class=\"vc_column-inner\">\n<div class=\"wpb_wrapper\">\n<div class=\"wpb_single_image wpb_content_element vc_align_center\">\n<figure class=\"wpb_wrapper vc_figure\"><img loading=\"lazy\" decoding=\"async\" class=\"alignnone wp-image-30535 size-large\" src=\"https:\/\/vroteina.com\/wp-content\/uploads\/2025\/04\/ChatGPT-Image-20-ene-2026-17_03_48-1024x683.png\" alt=\"\" width=\"800\" height=\"534\" srcset=\"https:\/\/vroteina.com\/wp-content\/uploads\/2025\/04\/ChatGPT-Image-20-ene-2026-17_03_48-1024x683.png 1024w, https:\/\/vroteina.com\/wp-content\/uploads\/2025\/04\/ChatGPT-Image-20-ene-2026-17_03_48-300x200.png 300w, https:\/\/vroteina.com\/wp-content\/uploads\/2025\/04\/ChatGPT-Image-20-ene-2026-17_03_48-768x512.png 768w, https:\/\/vroteina.com\/wp-content\/uploads\/2025\/04\/ChatGPT-Image-20-ene-2026-17_03_48-18x12.png 18w, https:\/\/vroteina.com\/wp-content\/uploads\/2025\/04\/ChatGPT-Image-20-ene-2026-17_03_48-600x400.png 600w, https:\/\/vroteina.com\/wp-content\/uploads\/2025\/04\/ChatGPT-Image-20-ene-2026-17_03_48.png 1536w\" sizes=\"(max-width: 800px) 100vw, 800px\" \/><\/figure>\n<\/div>\n<\/div>\n<\/div>\n<\/div>\n<\/div>\n<div id=\"vc_row-681244a897ff6\" class=\"vc_row wpb_row vc_row-fluid\">\n<div class=\"wpb_column vc_column_container vc_col-sm-6\">\n<div class=\"vc_column-inner\">\n<div class=\"wpb_wrapper\">\n<div class=\"wpb_single_image wpb_content_element vc_align_center\">\n<figure class=\"wpb_wrapper vc_figure\"><img loading=\"lazy\" decoding=\"async\" class=\"alignnone wp-image-30536 size-large\" src=\"https:\/\/vroteina.com\/wp-content\/uploads\/2025\/04\/ChatGPT-Image-20-ene-2026-17_09_04-683x1024.png\" alt=\"\" width=\"683\" height=\"1024\" srcset=\"https:\/\/vroteina.com\/wp-content\/uploads\/2025\/04\/ChatGPT-Image-20-ene-2026-17_09_04-683x1024.png 683w, https:\/\/vroteina.com\/wp-content\/uploads\/2025\/04\/ChatGPT-Image-20-ene-2026-17_09_04-200x300.png 200w, https:\/\/vroteina.com\/wp-content\/uploads\/2025\/04\/ChatGPT-Image-20-ene-2026-17_09_04-768x1152.png 768w, https:\/\/vroteina.com\/wp-content\/uploads\/2025\/04\/ChatGPT-Image-20-ene-2026-17_09_04-8x12.png 8w, https:\/\/vroteina.com\/wp-content\/uploads\/2025\/04\/ChatGPT-Image-20-ene-2026-17_09_04-600x900.png 600w, https:\/\/vroteina.com\/wp-content\/uploads\/2025\/04\/ChatGPT-Image-20-ene-2026-17_09_04.png 1024w\" sizes=\"(max-width: 683px) 100vw, 683px\" \/><\/figure>\n<\/div>\n<\/div>\n<\/div>\n<\/div>\n<div class=\"wpb_column vc_column_container vc_col-sm-6\">\n<div class=\"vc_column-inner\">\n<div class=\"wpb_wrapper\">\n<div class=\"wpb_text_column wpb_content_element\">\n<div class=\"wpb_wrapper\">\n<div class=\"wpb_text_column wpb_content_element\">\n<div class=\"wpb_wrapper\"><\/div>\n<\/div>\n<div class=\"wpb_text_column wpb_content_element\">\n<div class=\"wpb_wrapper title-h1\"><span class=\"light\">Gianluca Sirrago<\/span><\/div>\n<\/div>\n<\/div>\n<\/div>\n<div class=\"wpb_text_column wpb_content_element\">\n<div class=\"wpb_wrapper\">\n<div class=\"title-h5\"><span class=\"letter-spacing\">dans le gymnase avec veggie style<\/span><\/div>\n<\/div>\n<\/div>\n<\/div>\n<\/div>\n<\/div>\n<\/div>\n<div id=\"vc_row-681244a89ab6c\" class=\"vc_row wpb_row vc_row-fluid\">\n<div class=\"wpb_column vc_column_container vc_col-sm-6\">\n<div class=\"vc_column-inner\">\n<div class=\"wpb_wrapper\">\n<div class=\"wpb_text_column wpb_content_element\">\n<div class=\"wpb_wrapper\">\n<div><\/div>\n<div class=\"title-h1\"><span class=\"light\">Carlos Barbon<\/span><\/div>\n<\/div>\n<\/div>\n<div class=\"wpb_text_column wpb_content_element\">\n<div class=\"wpb_wrapper\">\n<div class=\"title-h5\"><span class=\"letter-spacing\"><span class=\"tlid-translation translation\" lang=\"es\"><span class=\"\" title=\"\">\u00a0<\/span><\/span><\/span><\/div>\n<\/div>\n<\/div>\n<\/div>\n<\/div>\n<\/div>\n<div class=\"wpb_column vc_column_container vc_col-sm-6\">\n<div class=\"vc_column-inner\">\n<div class=\"wpb_wrapper\">\n<div class=\"wpb_single_image wpb_content_element vc_align_center\"><\/div>\n<\/div>\n<\/div>\n<\/div>\n<\/div>\n<div id=\"vc_row-681244a89c42c\" class=\"vc_row wpb_row vc_row-fluid\">\n<div class=\"wpb_column vc_column_container vc_col-sm-6\">\n<div class=\"vc_column-inner\">\n<div class=\"wpb_wrapper\">\n<div class=\"wpb_single_image wpb_content_element vc_align_center\">\n<figure class=\"wpb_wrapper vc_figure\"><a class=\"vc_single_image-wrapper vc_box_border_grey prettyphoto\" href=\"https:\/\/veggie-style.com\/vegan-shop\/wp-content\/uploads\/2019\/10\/vroteina-post-proteina-moringa-A1-1.png\" target=\"_self\" data-rel=\"prettyPhoto[rel-26258-1665462520]\"><img loading=\"lazy\" decoding=\"async\" class=\"vc_single_image-img attachment-large\" src=\"https:\/\/veggie-style.com\/vegan-shop\/wp-content\/uploads\/2019\/10\/vroteina-post-proteina-moringa-A1-1.png\" sizes=\"(max-width: 811px) 100vw, 811px\" srcset=\"https:\/\/veggie-style.com\/vegan-shop\/wp-content\/uploads\/2019\/10\/vroteina-post-proteina-moringa-A1-1.png 811w, https:\/\/veggie-style.com\/vegan-shop\/wp-content\/uploads\/2019\/10\/vroteina-post-proteina-moringa-A1-1-300x293.png 300w, https:\/\/veggie-style.com\/vegan-shop\/wp-content\/uploads\/2019\/10\/vroteina-post-proteina-moringa-A1-1-768x751.png 768w, https:\/\/veggie-style.com\/vegan-shop\/wp-content\/uploads\/2019\/10\/vroteina-post-proteina-moringa-A1-1-600x587.png 600w\" alt=\"\" width=\"811\" height=\"793\" \/><\/a><\/figure>\n<\/div>\n<\/div>\n<\/div>\n<\/div>\n<div class=\"wpb_column vc_column_container vc_col-sm-6\">\n<div class=\"vc_column-inner\">\n<div class=\"wpb_wrapper\">\n<div class=\"wpb_text_column wpb_content_element\">\n<div class=\"wpb_wrapper\">\n<div class=\"title-h1\"><span class=\"light\">Graziella<\/span><\/div>\n<\/div>\n<\/div>\n<div class=\"wpb_text_column wpb_content_element\">\n<div class=\"wpb_wrapper\">\n<div class=\"styled-subtitle title-h5\">\n<p><span class=\"letter-spacing\"><span class=\"tlid-translation translation\" lang=\"es\"><span class=\"\" title=\"\">\u00a0<\/span><\/span><\/span><\/p>\n<\/div>\n<\/div>\n<\/div>\n<\/div>\n<\/div>\n<\/div>\n<\/div>\n<div id=\"vc_row-681244a89e36b\" class=\"vc_row wpb_row vc_row-fluid\">\n<div class=\"wpb_column vc_column_container vc_col-sm-6\">\n<div class=\"vc_column-inner\">\n<div class=\"wpb_wrapper\">\n<div class=\"wpb_text_column wpb_content_element\">\n<div class=\"wpb_wrapper\">\n<div class=\"title-h1\">VEGAN COMMANDER XXL<\/div>\n<\/div>\n<\/div>\n<div class=\"wpb_text_column wpb_content_element\">\n<div class=\"wpb_wrapper\">\n<div class=\"title-h5\"><span class=\"letter-spacing\"><span class=\"tlid-translation translation\" lang=\"es\"><span class=\"\" title=\"\">La pyramide de boissons prot\u00e9in\u00e9es v\u00e9g\u00e9taliennes de Veggie Style vous pla\u00eet ?<\/span><\/span><\/span><\/div>\n<\/div>\n<\/div>\n<\/div>\n<\/div>\n<\/div>\n<div class=\"wpb_column vc_column_container vc_col-sm-6\">\n<div class=\"vc_column-inner\">\n<div class=\"wpb_wrapper\">\n<div class=\"wpb_single_image wpb_content_element vc_align_center\">\n<figure class=\"wpb_wrapper vc_figure\"><a class=\"vc_single_image-wrapper vc_box_border_grey prettyphoto\" href=\"https:\/\/veggie-style.com\/vegan-shop\/wp-content\/uploads\/2019\/09\/vroteina-shaker-5-1024x806.png\" target=\"_self\" data-rel=\"prettyPhoto[rel-26258-3375750115]\"><img loading=\"lazy\" decoding=\"async\" class=\"vc_single_image-img attachment-large\" src=\"https:\/\/veggie-style.com\/vegan-shop\/wp-content\/uploads\/2019\/09\/vroteina-shaker-5-1024x806.png\" sizes=\"(max-width: 1024px) 100vw, 1024px\" srcset=\"https:\/\/veggie-style.com\/vegan-shop\/wp-content\/uploads\/2019\/09\/vroteina-shaker-5-1024x806.png 1024w, https:\/\/veggie-style.com\/vegan-shop\/wp-content\/uploads\/2019\/09\/vroteina-shaker-5-300x236.png 300w, https:\/\/veggie-style.com\/vegan-shop\/wp-content\/uploads\/2019\/09\/vroteina-shaker-5-768x605.png 768w, https:\/\/veggie-style.com\/vegan-shop\/wp-content\/uploads\/2019\/09\/vroteina-shaker-5-600x472.png 600w, https:\/\/veggie-style.com\/vegan-shop\/wp-content\/uploads\/2019\/09\/vroteina-shaker-5.png 1068w\" alt=\"\" width=\"1024\" height=\"806\" \/><\/a><\/figure>\n<\/div>\n<\/div>\n<\/div>\n<\/div>\n<\/div>\n<div id=\"vc_row-681244a8a0682\" class=\"vc_row wpb_row vc_row-fluid\">\n<div class=\"wpb_column vc_column_container vc_col-sm-6\">\n<div class=\"vc_column-inner\">\n<div class=\"wpb_wrapper\">\n<div class=\"wpb_single_image wpb_content_element vc_align_center\">\n<figure class=\"wpb_wrapper vc_figure\"><img loading=\"lazy\" decoding=\"async\" class=\"alignnone wp-image-30537 size-large\" src=\"https:\/\/vroteina.com\/wp-content\/uploads\/2025\/04\/ChatGPT-Image-20-ene-2026-17_12_27-1024x683.png\" alt=\"\" width=\"800\" height=\"534\" srcset=\"https:\/\/vroteina.com\/wp-content\/uploads\/2025\/04\/ChatGPT-Image-20-ene-2026-17_12_27-1024x683.png 1024w, https:\/\/vroteina.com\/wp-content\/uploads\/2025\/04\/ChatGPT-Image-20-ene-2026-17_12_27-300x200.png 300w, https:\/\/vroteina.com\/wp-content\/uploads\/2025\/04\/ChatGPT-Image-20-ene-2026-17_12_27-768x512.png 768w, https:\/\/vroteina.com\/wp-content\/uploads\/2025\/04\/ChatGPT-Image-20-ene-2026-17_12_27-18x12.png 18w, https:\/\/vroteina.com\/wp-content\/uploads\/2025\/04\/ChatGPT-Image-20-ene-2026-17_12_27-600x400.png 600w, https:\/\/vroteina.com\/wp-content\/uploads\/2025\/04\/ChatGPT-Image-20-ene-2026-17_12_27.png 1536w\" sizes=\"(max-width: 800px) 100vw, 800px\" \/><\/figure>\n<\/div>\n<\/div>\n<\/div>\n<\/div>\n<div class=\"wpb_column vc_column_container vc_col-sm-6\">\n<div class=\"vc_column-inner\">\n<div class=\"wpb_wrapper\">\n<div class=\"wpb_text_column wpb_content_element\">\n<div class=\"wpb_wrapper\">\n<div class=\"wpb_text_column wpb_content_element\">\n<div class=\"wpb_wrapper\"><\/div>\n<\/div>\n<div class=\"wpb_text_column wpb_content_element\">\n<div class=\"wpb_wrapper title-h1\"><span class=\"light\">Jaquelina Gutierrez<br \/>\n<\/span><\/div>\n<\/div>\n<\/div>\n<\/div>\n<\/div>\n<div class=\"title-h5\">Ginger Ariyeh<\/div>\n<\/div>\n<\/div>\n<\/div>\n<div id=\"vc_row-681244a8a21c5\" class=\"vc_row wpb_row vc_row-fluid\">\n<div class=\"wpb_column vc_column_container vc_col-sm-12\">\n<div class=\"vc_column-inner\">\n<div class=\"wpb_wrapper\">\n<div class=\"wpb_single_image wpb_content_element vc_align_center\">\n<figure class=\"wpb_wrapper vc_figure\"><img loading=\"lazy\" decoding=\"async\" class=\"alignnone wp-image-30538 size-full\" src=\"https:\/\/vroteina.com\/wp-content\/uploads\/2025\/04\/ChatGPT-Image-20-ene-2026-17_23_19.png\" alt=\"\" width=\"1024\" height=\"1024\" srcset=\"https:\/\/vroteina.com\/wp-content\/uploads\/2025\/04\/ChatGPT-Image-20-ene-2026-17_23_19.png 1024w, https:\/\/vroteina.com\/wp-content\/uploads\/2025\/04\/ChatGPT-Image-20-ene-2026-17_23_19-300x300.png 300w, https:\/\/vroteina.com\/wp-content\/uploads\/2025\/04\/ChatGPT-Image-20-ene-2026-17_23_19-150x150.png 150w, https:\/\/vroteina.com\/wp-content\/uploads\/2025\/04\/ChatGPT-Image-20-ene-2026-17_23_19-768x768.png 768w, https:\/\/vroteina.com\/wp-content\/uploads\/2025\/04\/ChatGPT-Image-20-ene-2026-17_23_19-12x12.png 12w, https:\/\/vroteina.com\/wp-content\/uploads\/2025\/04\/ChatGPT-Image-20-ene-2026-17_23_19-600x600.png 600w, https:\/\/vroteina.com\/wp-content\/uploads\/2025\/04\/ChatGPT-Image-20-ene-2026-17_23_19-100x100.png 100w\" sizes=\"(max-width: 1024px) 100vw, 1024px\" \/><\/figure>\n<\/div>\n<\/div>\n<\/div>\n<\/div>\n<\/div>\n<div id=\"vc_row-681244a8a3304\" class=\"vc_row wpb_row vc_row-fluid\">\n<div class=\"wpb_column vc_column_container vc_col-sm-12\">\n<div class=\"vc_column-inner\">\n<div class=\"wpb_wrapper\">\n<div class=\"wpb_single_image wpb_content_element vc_align_center\"><\/div>\n<\/div>\n<\/div>\n<\/div>\n<\/div>\n<\/div>\n<\/div>\n<\/figure>\n<\/div>\n<\/div>\n<\/div>\n<\/div>\n<\/div>\n<\/div>\n<\/div>\n<\/div>\n<\/div>\n<\/div>\n<\/div>\n<\/div>\n<\/div>\n<\/div>\n<\/figure>\n<\/div>\n<\/div>\n<\/div>\n<\/div>\n<\/div>\n<\/div>\n<\/div>\n<\/div>\n<\/div>\n<\/div>\n<\/div>\n<\/div>\n<\/div>\n<\/div>\n<\/figure>\n<\/div>\n<\/div>\n<\/div>\n<\/div>\n<\/div>\n<\/div>\n<\/div>\n<\/div>\n<\/div>\n<\/div>\n<\/div>\n<\/div>\n<\/div>\n<\/figure>\n<\/div>\n<\/div>\n<\/div>\n<\/div>\n<\/div>\n<\/div>\n<\/div>","protected":false},"excerpt":{"rendered":"<div class=\"wpb_text_column wpb_content_element\">\n<div class=\"wpb_wrapper\">\n<div class=\"styled-subtitle\">\n<div class=\"wpb_text_column wpb_content_element\">\n<div class=\"wpb_wrapper\">\n<div class=\"styled-subtitle\">\n<div class=\"wpb_text_column wpb_content_element\">\n<div class=\"wpb_wrapper\">\n<div class=\"styled-subtitle\">AGITATEUR DE PROT\u00c9INES EN ACIER INOXYDABLE<\/div>\n<\/div>\n<\/div>\n<\/div>\n<\/div>\n<\/div>\n<p><span class=\"tlid-translation translation\" lang=\"es\"><span title=\"\">750ML<\/span><span class=\"\" title=\"\"><br \/>\n<\/span><\/span><\/p>\n<div class=\"styled-subtitle\"><\/div>\n<h6><\/h6>\n<\/div>\n<\/div>\n<\/div>","protected":false},"featured_media":30482,"comment_status":"open","ping_status":"closed","template":"","meta":[],"product_brand":[],"product_cat":[15],"product_tag":[26,29,30,33],"class_list":{"0":"post-29904","1":"product","2":"type-product","3":"status-publish","4":"has-post-thumbnail","6":"product_cat-proteina","7":"product_tag-acousto","8":"product_tag-clock","9":"product_tag-electronics","10":"product_tag-mega","12":"first","13":"instock","14":"featured","15":"taxable","16":"shipping-taxable","17":"purchasable","18":"product-type-simple"},"_links":{"self":[{"href":"https:\/\/vroteina.com\/fr\/wp-json\/wp\/v2\/product\/29904","targetHints":{"allow":["GET"]}}],"collection":[{"href":"https:\/\/vroteina.com\/fr\/wp-json\/wp\/v2\/product"}],"about":[{"href":"https:\/\/vroteina.com\/fr\/wp-json\/wp\/v2\/types\/product"}],"replies":[{"embeddable":true,"href":"https:\/\/vroteina.com\/fr\/wp-json\/wp\/v2\/comments?post=29904"}],"version-history":[{"count":5,"href":"https:\/\/vroteina.com\/fr\/wp-json\/wp\/v2\/product\/29904\/revisions"}],"predecessor-version":[{"id":30484,"href":"https:\/\/vroteina.com\/fr\/wp-json\/wp\/v2\/product\/29904\/revisions\/30484"}],"wp:featuredmedia":[{"embeddable":true,"href":"https:\/\/vroteina.com\/fr\/wp-json\/wp\/v2\/media\/30482"}],"wp:attachment":[{"href":"https:\/\/vroteina.com\/fr\/wp-json\/wp\/v2\/media?parent=29904"}],"wp:term":[{"taxonomy":"product_brand","embeddable":true,"href":"https:\/\/vroteina.com\/fr\/wp-json\/wp\/v2\/product_brand?post=29904"},{"taxonomy":"product_cat","embeddable":true,"href":"https:\/\/vroteina.com\/fr\/wp-json\/wp\/v2\/product_cat?post=29904"},{"taxonomy":"product_tag","embeddable":true,"href":"https:\/\/vroteina.com\/fr\/wp-json\/wp\/v2\/product_tag?post=29904"}],"curies":[{"name":"wp","href":"https:\/\/api.w.org\/{rel}","templated":true}]}}