{"id":29771,"date":"2025-04-21T15:36:17","date_gmt":"2025-04-21T15:36:17","guid":{"rendered":"https:\/\/vroteina.com\/?post_type=product&#038;p=29771"},"modified":"2026-03-01T14:27:46","modified_gmt":"2026-03-01T14:27:46","slug":"natur-burn","status":"publish","type":"product","link":"https:\/\/vroteina.com\/it\/product\/natur-burn\/","title":{"rendered":"Natur-Burn"},"content":{"rendered":"<p>&nbsp;<\/p>\n<figure>VEGGIE STYLE FOR EVERYONENATUR-BURNASTRALAGUSCELPPORHODIOLA ROSEATEE SUPPLEMENTO VERDE100 Capsule \u00e1 350mgPeso netto: 35g<\/p>\n<h5><strong>Integratori alimentari prodotti da:<\/strong><\/h5>\n<p>VROTEINA VEGGIE STYLE S.L.<br \/>\nB75845693<br \/>\nCammino dei Colmenari 100<br \/>\n03114 Alicante<br \/>\nTel.: 665033362<br \/>\nwww.vroteina.com<\/p>\n<p>Gli integratori alimentari non devono essere utilizzati come sostituti di una dieta equilibrata. \u00c8 importante seguire una dieta varia ed equilibrata e uno stile di vita sano. Tenere fuori dalla portata dei bambini. Conservazione: una volta aperto, conservare in un luogo fresco e asciutto.<br \/>\nAVVERTENZE: non superare la dose giornaliera raccomandata.<\/p>\n<p>&nbsp;<\/p>\n<p><img decoding=\"async\" src=\"https:\/\/veggie-style.com\/vegan-shop\/index.php\/es\/product\/natur-burn\/images\/vegan-protein-shakemoringa-strawberryjarr.PNG\" alt=\"\" \/><img decoding=\"async\" src=\"https:\/\/veggie-style.com\/vegan-shop\/index.php\/es\/product\/natur-burn\/images\/vegan-protein-shakemoringa-chocolatejarr.PNG\" alt=\"\" \/><img fetchpriority=\"high\" decoding=\"async\" class=\"alignnone wp-image-30527 size-large\" src=\"https:\/\/vroteina.com\/wp-content\/uploads\/2025\/04\/ETIQUETA-VROTEINA-NATURBURN-1024x348.png\" alt=\"\" width=\"800\" height=\"272\" srcset=\"https:\/\/vroteina.com\/wp-content\/uploads\/2025\/04\/ETIQUETA-VROTEINA-NATURBURN-1024x348.png 1024w, https:\/\/vroteina.com\/wp-content\/uploads\/2025\/04\/ETIQUETA-VROTEINA-NATURBURN-300x102.png 300w, https:\/\/vroteina.com\/wp-content\/uploads\/2025\/04\/ETIQUETA-VROTEINA-NATURBURN-768x261.png 768w, https:\/\/vroteina.com\/wp-content\/uploads\/2025\/04\/ETIQUETA-VROTEINA-NATURBURN-18x6.png 18w, https:\/\/vroteina.com\/wp-content\/uploads\/2025\/04\/ETIQUETA-VROTEINA-NATURBURN-600x204.png 600w, https:\/\/vroteina.com\/wp-content\/uploads\/2025\/04\/ETIQUETA-VROTEINA-NATURBURN.png 1174w\" sizes=\"(max-width: 800px) 100vw, 800px\" \/><\/p>\n<p><img decoding=\"async\" src=\"https:\/\/veggie-style.com\/vegan-shop\/index.php\/es\/product\/natur-burn\/images\/vegan-protein-shakemoringa-strawberryjarr.PNG\" alt=\"\" \/><img decoding=\"async\" src=\"https:\/\/veggie-style.com\/vegan-shop\/index.php\/es\/product\/natur-burn\/images\/vegan-protein-shakemoringa-chocolatejarr.PNG\" alt=\"\" \/><\/p>\n<p>Fin dall'inizio, nel 2011, siamo stati la prima azienda di integratori vegani 100% in Europa con strutture e produzione proprie, garantendo che nessuna delle nostre attrezzature sia stata a contatto con ingredienti non vegani. Il fondatore stesso, Carlos Barbon, \u00e8 un attivista vegano per i diritti degli animali e vegetariano dal 1985, il che lo rende uno dei pionieri dello stile di vita vegano e anche uno dei pi\u00f9 forti atleti naturali.<\/p>\n<p><img decoding=\"async\" src=\"http:\/\/veggie-style.com\/vegan-shop\/wp-content\/uploads\/2019\/03\/vegancompany.png\" alt=\"\" width=\"264\" height=\"412\" \/><\/p>\n<p><a href=\"https:\/\/veggie-style.com\/vegan-shop\/index.php\/es\/product\/bcaa-vegano\/\" target=\"_self\">Ant.<\/a><a href=\"https:\/\/veggie-style.com\/vegan-shop\/index.php\/es\/product\/cla-clarinol\/\" target=\"_self\">Sig.<\/a>Tasso metabolicoLa nostra formula \u00e8 composta esclusivamente da erbe naturali. Se prestiamo attenzione a mangiare sano, non eccessivamente e ad evitare cibi fritti e zuccheri, facciamo in modo che il nostro corpo bruci le calorie immagazzinate nelle cellule adipose. Per ottenere la perdita di peso desiderata in modo sano.<\/p>\n<figure><img decoding=\"async\" class=\"alignnone wp-image-30528 size-full\" src=\"https:\/\/vroteina.com\/wp-content\/uploads\/2025\/04\/vitamax-gold-edition-NATUR-BURNB.png\" alt=\"\" width=\"660\" height=\"522\" srcset=\"https:\/\/vroteina.com\/wp-content\/uploads\/2025\/04\/vitamax-gold-edition-NATUR-BURNB.png 660w, https:\/\/vroteina.com\/wp-content\/uploads\/2025\/04\/vitamax-gold-edition-NATUR-BURNB-300x237.png 300w, https:\/\/vroteina.com\/wp-content\/uploads\/2025\/04\/vitamax-gold-edition-NATUR-BURNB-15x12.png 15w, https:\/\/vroteina.com\/wp-content\/uploads\/2025\/04\/vitamax-gold-edition-NATUR-BURNB-600x475.png 600w\" sizes=\"(max-width: 660px) 100vw, 660px\" \/><\/figure>\n<figure><img loading=\"lazy\" decoding=\"async\" class=\"alignnone wp-image-30529 size-full\" src=\"https:\/\/vroteina.com\/wp-content\/uploads\/2025\/04\/vitamax-gold-edition-NATUR-BURN2.png\" alt=\"\" width=\"612\" height=\"542\" srcset=\"https:\/\/vroteina.com\/wp-content\/uploads\/2025\/04\/vitamax-gold-edition-NATUR-BURN2.png 612w, https:\/\/vroteina.com\/wp-content\/uploads\/2025\/04\/vitamax-gold-edition-NATUR-BURN2-300x266.png 300w, https:\/\/vroteina.com\/wp-content\/uploads\/2025\/04\/vitamax-gold-edition-NATUR-BURN2-14x12.png 14w, https:\/\/vroteina.com\/wp-content\/uploads\/2025\/04\/vitamax-gold-edition-NATUR-BURN2-600x531.png 600w\" sizes=\"(max-width: 612px) 100vw, 612px\" \/><\/figure>\n<p>Supporto metabolico<\/p>\n<p>Natur-Burn \u00e8 un piccolo aiuto, ma allo stesso tempo dobbiamo controllare la quantit\u00e0 e il tipo di calorie che mangiamo; dopotutto, la nostra formula non avr\u00e0 alcuna possibilit\u00e0 contro 3 grandi porzioni di patatine \ud83d\ude09.<\/p>\n<p>La nostra formula contiene le seguenti erbe:<\/p>\n<p>Estratto di t\u00e8 verde<\/p>\n<p>T\u00e8 verde - proviene dalla pianta Camellia Sinensis. Alcuni dei suoi benefici per la salute si basano sull'elevato contenuto di polifenoli, noti anche come<\/p>\n<p>come EGCG.<\/p>\n<p><img loading=\"lazy\" decoding=\"async\" src=\"https:\/\/veggie-style.com\/vegan-shop\/wp-content\/uploads\/2019\/05\/circel-green-tea-1-300x253.png\" sizes=\"(max-width: 300px) 100vw, 300px\" srcset=\"https:\/\/veggie-style.com\/vegan-shop\/wp-content\/uploads\/2019\/05\/circel-green-tea-1-300x253.png 300w, https:\/\/veggie-style.com\/vegan-shop\/wp-content\/uploads\/2019\/05\/circel-green-tea-1-768x647.png 768w, https:\/\/veggie-style.com\/vegan-shop\/wp-content\/uploads\/2019\/05\/circel-green-tea-1-600x506.png 600w, https:\/\/veggie-style.com\/vegan-shop\/wp-content\/uploads\/2019\/05\/circel-green-tea-1.png 841w\" alt=\"\" width=\"300\" height=\"253\" \/><\/p>\n<figure><img loading=\"lazy\" decoding=\"async\" class=\"alignnone wp-image-30530 size-full\" src=\"https:\/\/vroteina.com\/wp-content\/uploads\/2025\/04\/vitamax-gold-edition-NATUR-BURN3.png\" alt=\"\" width=\"732\" height=\"507\" srcset=\"https:\/\/vroteina.com\/wp-content\/uploads\/2025\/04\/vitamax-gold-edition-NATUR-BURN3.png 732w, https:\/\/vroteina.com\/wp-content\/uploads\/2025\/04\/vitamax-gold-edition-NATUR-BURN3-300x208.png 300w, https:\/\/vroteina.com\/wp-content\/uploads\/2025\/04\/vitamax-gold-edition-NATUR-BURN3-18x12.png 18w, https:\/\/vroteina.com\/wp-content\/uploads\/2025\/04\/vitamax-gold-edition-NATUR-BURN3-600x416.png 600w\" sizes=\"(max-width: 732px) 100vw, 732px\" \/><\/figure>\n<p><img loading=\"lazy\" decoding=\"async\" class=\"alignnone wp-image-30531 size-full\" src=\"https:\/\/vroteina.com\/wp-content\/uploads\/2025\/04\/vitamax-gold-edition-NATUR-BURN4.png\" alt=\"\" width=\"761\" height=\"576\" srcset=\"https:\/\/vroteina.com\/wp-content\/uploads\/2025\/04\/vitamax-gold-edition-NATUR-BURN4.png 761w, https:\/\/vroteina.com\/wp-content\/uploads\/2025\/04\/vitamax-gold-edition-NATUR-BURN4-300x227.png 300w, https:\/\/vroteina.com\/wp-content\/uploads\/2025\/04\/vitamax-gold-edition-NATUR-BURN4-16x12.png 16w, https:\/\/vroteina.com\/wp-content\/uploads\/2025\/04\/vitamax-gold-edition-NATUR-BURN4-600x454.png 600w\" sizes=\"(max-width: 761px) 100vw, 761px\" \/><\/p>\n<figure><img loading=\"lazy\" decoding=\"async\" class=\"alignnone wp-image-30532 size-full\" src=\"https:\/\/vroteina.com\/wp-content\/uploads\/2025\/04\/vitamax-gold-edition-NATUR-BURN5.png\" alt=\"\" width=\"658\" height=\"438\" srcset=\"https:\/\/vroteina.com\/wp-content\/uploads\/2025\/04\/vitamax-gold-edition-NATUR-BURN5.png 658w, https:\/\/vroteina.com\/wp-content\/uploads\/2025\/04\/vitamax-gold-edition-NATUR-BURN5-300x200.png 300w, https:\/\/vroteina.com\/wp-content\/uploads\/2025\/04\/vitamax-gold-edition-NATUR-BURN5-18x12.png 18w, https:\/\/vroteina.com\/wp-content\/uploads\/2025\/04\/vitamax-gold-edition-NATUR-BURN5-600x399.png 600w\" sizes=\"(max-width: 658px) 100vw, 658px\" \/><\/figure>\n<p>Astralago<\/p>\n<p>Gli scienziati hanno scoperto che le radici della pianta di Astralagus hanno anche un effetto positivo sul nostro metabolismo.<br \/>\n<img loading=\"lazy\" decoding=\"async\" src=\"https:\/\/veggie-style.com\/vegan-shop\/wp-content\/uploads\/2019\/05\/circel-astralagus-1-251x300.png\" sizes=\"(max-width: 251px) 100vw, 251px\" srcset=\"https:\/\/veggie-style.com\/vegan-shop\/wp-content\/uploads\/2019\/05\/circel-astralagus-1-251x300.png 251w, https:\/\/veggie-style.com\/vegan-shop\/wp-content\/uploads\/2019\/05\/circel-astralagus-1-600x717.png 600w, https:\/\/veggie-style.com\/vegan-shop\/wp-content\/uploads\/2019\/05\/circel-astralagus-1.png 709w\" alt=\"\" width=\"251\" height=\"300\" \/><\/p>\n<p>Alghe<\/p>\n<p>Queste alghe hanno un elevato contenuto di iodio, un nutriente essenziale per il funzionamento ottimale della tiroide. La tiroide \u00e8 responsabile della produzione di energia e ottimizza il metabolismo.<\/p>\n<p><img loading=\"lazy\" decoding=\"async\" src=\"https:\/\/veggie-style.com\/vegan-shop\/wp-content\/uploads\/2019\/05\/natur-burn-kelp-2-267x300.png\" sizes=\"(max-width: 267px) 100vw, 267px\" srcset=\"https:\/\/veggie-style.com\/vegan-shop\/wp-content\/uploads\/2019\/05\/natur-burn-kelp-2-267x300.png 267w, https:\/\/veggie-style.com\/vegan-shop\/wp-content\/uploads\/2019\/05\/natur-burn-kelp-2-768x864.png 768w, https:\/\/veggie-style.com\/vegan-shop\/wp-content\/uploads\/2019\/05\/natur-burn-kelp-2-600x675.png 600w, https:\/\/veggie-style.com\/vegan-shop\/wp-content\/uploads\/2019\/05\/natur-burn-kelp-2.png 769w\" alt=\"\" width=\"267\" height=\"300\" \/><\/p>\n<p>Quanto pi\u00f9 alto \u00e8 il nostro tasso metabolico, tanto pi\u00f9 calorie brucia il nostro corpo. Soprattutto le persone con un metabolismo lento sentono un miglioramento significativo dopo l'assunzione di alghe. Un altro dato interessante: 80% di persone soffrono di una carenza di iodio e questo limita fortemente la loro capacit\u00e0 di bruciare i grassi. Se mangiate bene, riducete le calorie e non riuscite ancora a bruciare i grassi, dovreste farvi controllare il livello di iodio.<\/p>\n<figure><\/figure>\n<figure><\/figure>\n<p>Rhosiola Rosea<\/p>\n<p>La rodiola rosea ha diversi effetti positivi<img loading=\"lazy\" decoding=\"async\" src=\"https:\/\/veggie-style.com\/vegan-shop\/wp-content\/uploads\/2019\/05\/NATUR-BURN-Fat-Burner-RhosiolaRosea-2-300x294.png\" sizes=\"(max-width: 300px) 100vw, 300px\" srcset=\"https:\/\/veggie-style.com\/vegan-shop\/wp-content\/uploads\/2019\/05\/NATUR-BURN-Fat-Burner-RhosiolaRosea-2-300x294.png 300w, https:\/\/veggie-style.com\/vegan-shop\/wp-content\/uploads\/2019\/05\/NATUR-BURN-Fat-Burner-RhosiolaRosea-2-600x589.png 600w, https:\/\/veggie-style.com\/vegan-shop\/wp-content\/uploads\/2019\/05\/NATUR-BURN-Fat-Burner-RhosiolaRosea-2.png 679w\" alt=\"\" width=\"300\" height=\"294\" \/><\/p>\n<p>Infine, contiene le seguenti sostanze naturali: rosavina, rosarina, colofonia e salidroside; tutte appartenenti agli adattogeni, che hanno la capacit\u00e0 di combattere gli ormoni dello stress e quindi di ridurre lo stress. Ci\u00f2 \u00e8 essenziale per un buon recupero dopo l'allenamento.<\/p>\n<p>Ingredienti naturaliUtilizziamo solo erbe essiccate e polverizzate, poi inserite in capsule vegane di cellulosa.<\/p>\n<figure><a href=\"https:\/\/veggie-style.com\/vegan-shop\/wp-content\/uploads\/2019\/09\/vroteina-testomax-3.png\" target=\"_self\" data-rel=\"prettyPhoto[rel-26207-619537785]\"><img loading=\"lazy\" decoding=\"async\" src=\"https:\/\/veggie-style.com\/vegan-shop\/wp-content\/uploads\/2019\/09\/vroteina-testomax-3.png\" sizes=\"(max-width: 639px) 100vw, 639px\" srcset=\"https:\/\/veggie-style.com\/vegan-shop\/wp-content\/uploads\/2019\/09\/vroteina-testomax-3.png 639w, https:\/\/veggie-style.com\/vegan-shop\/wp-content\/uploads\/2019\/09\/vroteina-testomax-3-263x300.png 263w, https:\/\/veggie-style.com\/vegan-shop\/wp-content\/uploads\/2019\/09\/vroteina-testomax-3-600x685.png 600w\" alt=\"\" width=\"639\" height=\"730\" \/><\/a><\/figure>\n<figure><a href=\"https:\/\/veggie-style.com\/vegan-shop\/wp-content\/uploads\/2019\/05\/Green_Tea_Leaves.jpg\" target=\"_self\" data-rel=\"prettyPhoto[rel-26207-3257487152]\"><img loading=\"lazy\" decoding=\"async\" src=\"https:\/\/veggie-style.com\/vegan-shop\/wp-content\/uploads\/2019\/05\/Green_Tea_Leaves.jpg\" sizes=\"(max-width: 560px) 100vw, 560px\" srcset=\"https:\/\/veggie-style.com\/vegan-shop\/wp-content\/uploads\/2019\/05\/Green_Tea_Leaves.jpg 560w, https:\/\/veggie-style.com\/vegan-shop\/wp-content\/uploads\/2019\/05\/Green_Tea_Leaves-300x200.jpg 300w\" alt=\"\" width=\"560\" height=\"373\" \/><\/a><\/figure>\n<p>Agricoltura biologicaI nostri ingredienti NaturBurn sono tutti coltivati biologicamente in un ambiente bio-sicuro e alimentati con minerali di origine biologica. La coltivazione \u00e8 controllata secondo le regole tedesche per l'agricoltura biologica.<\/p>\n<figure><\/figure>\n<figure><\/figure>\n<figure><a href=\"https:\/\/veggie-style.com\/vegan-shop\/wp-content\/uploads\/2019\/09\/Top-serviceio-al-cliente-whatsapp-veggie-style-1.png\" target=\"_self\" data-rel=\"prettyPhoto[rel-26207-3124314760]\"><img loading=\"lazy\" decoding=\"async\" src=\"https:\/\/veggie-style.com\/vegan-shop\/wp-content\/uploads\/2019\/09\/Top-serviceio-al-cliente-whatsapp-veggie-style-1.png\" sizes=\"(max-width: 352px) 100vw, 352px\" srcset=\"https:\/\/veggie-style.com\/vegan-shop\/wp-content\/uploads\/2019\/09\/Top-serviceio-al-cliente-whatsapp-veggie-style-1.png 352w, https:\/\/veggie-style.com\/vegan-shop\/wp-content\/uploads\/2019\/09\/Top-serviceio-al-cliente-whatsapp-veggie-style-1-300x273.png 300w\" alt=\"\" width=\"352\" height=\"320\" \/><\/a><\/figure>\n<figure><\/figure>\n<figure><\/figure>\n<figure><\/figure>\n<figure><\/figure>\n<p>VEGGIE STYLE FONDATA NEL 2011VEGGIE STYLE 100% azienda vegana fondata da Carlos Barbon - atleta di forza vegano e attivista per i diritti degli animali<\/p>\n<figure><img loading=\"lazy\" decoding=\"async\" src=\"https:\/\/veggie-style.com\/vegan-shop\/wp-content\/uploads\/2019\/05\/carlos-barbon-meat-free-zone.png\" sizes=\"(max-width: 928px) 100vw, 928px\" srcset=\"https:\/\/veggie-style.com\/vegan-shop\/wp-content\/uploads\/2019\/05\/carlos-barbon-meat-free-zone.png 928w, https:\/\/veggie-style.com\/vegan-shop\/wp-content\/uploads\/2019\/05\/carlos-barbon-meat-free-zone-300x196.png 300w, https:\/\/veggie-style.com\/vegan-shop\/wp-content\/uploads\/2019\/05\/carlos-barbon-meat-free-zone-768x501.png 768w, https:\/\/veggie-style.com\/vegan-shop\/wp-content\/uploads\/2019\/05\/carlos-barbon-meat-free-zone-600x391.png 600w\" alt=\"\" width=\"928\" height=\"605\" \/><\/figure>\n<p>NATUR-BURN \uf13f\uf13fNature-Burn \u00e8 la nostra formula naturale bruciagrassi a base di 4 erbe che hanno la capacit\u00e0 di massimizzare il nostro metabolismo. Un metabolismo accelerato porta a un maggiore consumo di calorie che aiuta a ridurre il grasso corporeo.ASTRALAGUSKELPRHODIOLA ROSEAGREEN TEAGREEN TEA100 VEGGIE- CAPSULE A 350MG<\/p>\n<figure><img loading=\"lazy\" decoding=\"async\" src=\"https:\/\/veggie-style.com\/vegan-shop\/wp-content\/uploads\/2019\/09\/vroteina-natur-burn-6.png\" sizes=\"(max-width: 988px) 100vw, 988px\" srcset=\"https:\/\/veggie-style.com\/vegan-shop\/wp-content\/uploads\/2019\/09\/vroteina-natur-burn-6.png 988w, https:\/\/veggie-style.com\/vegan-shop\/wp-content\/uploads\/2019\/09\/vroteina-natur-burn-6-300x223.png 300w, https:\/\/veggie-style.com\/vegan-shop\/wp-content\/uploads\/2019\/09\/vroteina-natur-burn-6-768x571.png 768w, https:\/\/veggie-style.com\/vegan-shop\/wp-content\/uploads\/2019\/09\/vroteina-natur-burn-6-600x446.png 600w\" alt=\"\" width=\"988\" height=\"735\" \/><\/figure>\n<\/figure>","protected":false},"excerpt":{"rendered":"<p>Natur-Burn<\/p>\n<p>INTEGRATORE ALIMENTARE<br \/>\nprodotti naturali a base di erbe<br \/>\n100 capsule vegetali<br \/>\nQuantit\u00e0 netta: 35 g<\/p>","protected":false},"featured_media":30525,"comment_status":"open","ping_status":"closed","template":"","meta":[],"product_brand":[],"product_cat":[24,25],"product_tag":[46,47,48],"class_list":{"0":"post-29771","1":"product","2":"type-product","3":"status-publish","4":"has-post-thumbnail","6":"product_cat-adelgazar","7":"product_cat-complementos","8":"product_tag-dieta","9":"product_tag-kelp","10":"product_tag-perdida-peso","12":"first","13":"instock","14":"featured","15":"taxable","16":"shipping-taxable","17":"purchasable","18":"product-type-simple"},"_links":{"self":[{"href":"https:\/\/vroteina.com\/it\/wp-json\/wp\/v2\/product\/29771","targetHints":{"allow":["GET"]}}],"collection":[{"href":"https:\/\/vroteina.com\/it\/wp-json\/wp\/v2\/product"}],"about":[{"href":"https:\/\/vroteina.com\/it\/wp-json\/wp\/v2\/types\/product"}],"replies":[{"embeddable":true,"href":"https:\/\/vroteina.com\/it\/wp-json\/wp\/v2\/comments?post=29771"}],"version-history":[{"count":4,"href":"https:\/\/vroteina.com\/it\/wp-json\/wp\/v2\/product\/29771\/revisions"}],"predecessor-version":[{"id":30735,"href":"https:\/\/vroteina.com\/it\/wp-json\/wp\/v2\/product\/29771\/revisions\/30735"}],"wp:featuredmedia":[{"embeddable":true,"href":"https:\/\/vroteina.com\/it\/wp-json\/wp\/v2\/media\/30525"}],"wp:attachment":[{"href":"https:\/\/vroteina.com\/it\/wp-json\/wp\/v2\/media?parent=29771"}],"wp:term":[{"taxonomy":"product_brand","embeddable":true,"href":"https:\/\/vroteina.com\/it\/wp-json\/wp\/v2\/product_brand?post=29771"},{"taxonomy":"product_cat","embeddable":true,"href":"https:\/\/vroteina.com\/it\/wp-json\/wp\/v2\/product_cat?post=29771"},{"taxonomy":"product_tag","embeddable":true,"href":"https:\/\/vroteina.com\/it\/wp-json\/wp\/v2\/product_tag?post=29771"}],"curies":[{"name":"wp","href":"https:\/\/api.w.org\/{rel}","templated":true}]}}