{"id":29771,"date":"2025-04-21T15:36:17","date_gmt":"2025-04-21T15:36:17","guid":{"rendered":"https:\/\/vroteina.com\/?post_type=product&#038;p=29771"},"modified":"2026-03-01T14:27:46","modified_gmt":"2026-03-01T14:27:46","slug":"natur-burn","status":"publish","type":"product","link":"https:\/\/vroteina.com\/pl\/product\/natur-burn\/","title":{"rendered":"Natur-Burn"},"content":{"rendered":"<p>&nbsp;<\/p>\n<figure>VEGGIE STYLE DLA KA\u017bDEGOENATUR-BURNASTRALAGUSCELPPORHODIOLA ROSEATEE GREENFOOD SUPPLEMENT100 kapsu\u0142ek \u00e1 350mgWaga netto: 35g<\/p>\n<h5><strong>Suplementy diety wyprodukowane przez:<\/strong><\/h5>\n<p>VROTEINA VEGGIE STYLE S.L.<br \/>\nB75845693<br \/>\nCamino de los Colmenares 100<br \/>\n03114 Alicante<br \/>\nTel.: 665033362<br \/>\nwww.vroteina.com<\/p>\n<p>Suplementy diety nie powinny by\u0107 stosowane jako substytut zbilansowanej diety. Wa\u017cne jest, aby stosowa\u0107 zr\u00f3\u017cnicowan\u0105 i zbilansowan\u0105 diet\u0119 oraz prowadzi\u0107 zdrowy tryb \u017cycia. Przechowywa\u0107 w miejscu niedost\u0119pnym dla dzieci. Przechowywanie: Po otwarciu przechowywa\u0107 w ch\u0142odnym, suchym miejscu.<br \/>\nOSTRZE\u017bENIA: Nie nale\u017cy przekracza\u0107 zalecanej dawki dziennej.<\/p>\n<p>&nbsp;<\/p>\n<p><img decoding=\"async\" src=\"https:\/\/veggie-style.com\/vegan-shop\/index.php\/es\/product\/natur-burn\/images\/vegan-protein-shakemoringa-strawberryjarr.PNG\" alt=\"\" \/><img decoding=\"async\" src=\"https:\/\/veggie-style.com\/vegan-shop\/index.php\/es\/product\/natur-burn\/images\/vegan-protein-shakemoringa-chocolatejarr.PNG\" alt=\"\" \/><img fetchpriority=\"high\" decoding=\"async\" class=\"alignnone wp-image-30527 size-large\" src=\"https:\/\/vroteina.com\/wp-content\/uploads\/2025\/04\/ETIQUETA-VROTEINA-NATURBURN-1024x348.png\" alt=\"\" width=\"800\" height=\"272\" srcset=\"https:\/\/vroteina.com\/wp-content\/uploads\/2025\/04\/ETIQUETA-VROTEINA-NATURBURN-1024x348.png 1024w, https:\/\/vroteina.com\/wp-content\/uploads\/2025\/04\/ETIQUETA-VROTEINA-NATURBURN-300x102.png 300w, https:\/\/vroteina.com\/wp-content\/uploads\/2025\/04\/ETIQUETA-VROTEINA-NATURBURN-768x261.png 768w, https:\/\/vroteina.com\/wp-content\/uploads\/2025\/04\/ETIQUETA-VROTEINA-NATURBURN-18x6.png 18w, https:\/\/vroteina.com\/wp-content\/uploads\/2025\/04\/ETIQUETA-VROTEINA-NATURBURN-600x204.png 600w, https:\/\/vroteina.com\/wp-content\/uploads\/2025\/04\/ETIQUETA-VROTEINA-NATURBURN.png 1174w\" sizes=\"(max-width: 800px) 100vw, 800px\" \/><\/p>\n<p><img decoding=\"async\" src=\"https:\/\/veggie-style.com\/vegan-shop\/index.php\/es\/product\/natur-burn\/images\/vegan-protein-shakemoringa-strawberryjarr.PNG\" alt=\"\" \/><img decoding=\"async\" src=\"https:\/\/veggie-style.com\/vegan-shop\/index.php\/es\/product\/natur-burn\/images\/vegan-protein-shakemoringa-chocolatejarr.PNG\" alt=\"\" \/><\/p>\n<p>Od momentu rozpocz\u0119cia naszej dzia\u0142alno\u015bci w 2011 roku, jeste\u015bmy pierwsz\u0105 wega\u0144sk\u0105 firm\u0105 produkuj\u0105c\u0105 suplementy 100% w Europie, posiadaj\u0105c\u0105 w\u0142asne zak\u0142ady i produkcj\u0119, co gwarantuje, \u017ce \u017caden z naszych sprz\u0119t\u00f3w nie mia\u0142 kontaktu z niewega\u0144skimi sk\u0142adnikami. Sam za\u0142o\u017cyciel, Carlos Barbon, jest wega\u0144skim dzia\u0142aczem na rzecz praw zwierz\u0105t i wegetarianinem od 1985 roku, co czyni go jednym z pionier\u00f3w wega\u0144skiego stylu \u017cycia, a tak\u017ce jednym z najsilniejszych naturalnych sportowc\u00f3w.<\/p>\n<p><img decoding=\"async\" src=\"http:\/\/veggie-style.com\/vegan-shop\/wp-content\/uploads\/2019\/03\/vegancompany.png\" alt=\"\" width=\"264\" height=\"412\" \/><\/p>\n<p><a href=\"https:\/\/veggie-style.com\/vegan-shop\/index.php\/es\/product\/bcaa-vegano\/\" target=\"_self\">Ant.<\/a><a href=\"https:\/\/veggie-style.com\/vegan-shop\/index.php\/es\/product\/cla-clarinol\/\" target=\"_self\">Sig.<\/a>Tempo metabolizmuNasza formu\u0142a sk\u0142ada si\u0119 wy\u0142\u0105cznie z naturalnych zi\u00f3\u0142. Je\u015bli zwracamy uwag\u0119 na zdrowe od\u017cywianie, nie przesadzamy i unikamy sma\u017conych potraw i cukr\u00f3w, zapewniamy, \u017ce nasz organizm spala kalorie zmagazynowane w kom\u00f3rkach t\u0142uszczowych. Aby osi\u0105gn\u0105\u0107 po\u017c\u0105dan\u0105 utrat\u0119 wagi w zdrowy spos\u00f3b.<\/p>\n<figure><img decoding=\"async\" class=\"alignnone wp-image-30528 size-full\" src=\"https:\/\/vroteina.com\/wp-content\/uploads\/2025\/04\/vitamax-gold-edition-NATUR-BURNB.png\" alt=\"\" width=\"660\" height=\"522\" srcset=\"https:\/\/vroteina.com\/wp-content\/uploads\/2025\/04\/vitamax-gold-edition-NATUR-BURNB.png 660w, https:\/\/vroteina.com\/wp-content\/uploads\/2025\/04\/vitamax-gold-edition-NATUR-BURNB-300x237.png 300w, https:\/\/vroteina.com\/wp-content\/uploads\/2025\/04\/vitamax-gold-edition-NATUR-BURNB-15x12.png 15w, https:\/\/vroteina.com\/wp-content\/uploads\/2025\/04\/vitamax-gold-edition-NATUR-BURNB-600x475.png 600w\" sizes=\"(max-width: 660px) 100vw, 660px\" \/><\/figure>\n<figure><img loading=\"lazy\" decoding=\"async\" class=\"alignnone wp-image-30529 size-full\" src=\"https:\/\/vroteina.com\/wp-content\/uploads\/2025\/04\/vitamax-gold-edition-NATUR-BURN2.png\" alt=\"\" width=\"612\" height=\"542\" srcset=\"https:\/\/vroteina.com\/wp-content\/uploads\/2025\/04\/vitamax-gold-edition-NATUR-BURN2.png 612w, https:\/\/vroteina.com\/wp-content\/uploads\/2025\/04\/vitamax-gold-edition-NATUR-BURN2-300x266.png 300w, https:\/\/vroteina.com\/wp-content\/uploads\/2025\/04\/vitamax-gold-edition-NATUR-BURN2-14x12.png 14w, https:\/\/vroteina.com\/wp-content\/uploads\/2025\/04\/vitamax-gold-edition-NATUR-BURN2-600x531.png 600w\" sizes=\"(max-width: 612px) 100vw, 612px\" \/><\/figure>\n<p>Wsparcie metaboliczne<\/p>\n<p>Natur-Burn to niewielka pomoc, ale jednocze\u015bnie musimy kontrolowa\u0107 ilo\u015b\u0107 i rodzaj spo\u017cywanych kalorii; w ko\u0144cu nasza formu\u0142a nie ma szans w starciu z 3 du\u017cymi porcjami chips\u00f3w \ud83d\ude09.<\/p>\n<p>Nasza formu\u0142a zawiera nast\u0119puj\u0105ce zio\u0142a:<\/p>\n<p>Ekstrakt z zielonej herbaty<\/p>\n<p>Zielona herbata - pochodzi z ro\u015bliny Camellia Sinensis. Niekt\u00f3re z jej korzy\u015bci zdrowotnych wynikaj\u0105 z wysokiej zawarto\u015bci polifenoli, znanych r\u00f3wnie\u017c jako<\/p>\n<p>jak EGCG.<\/p>\n<p><img loading=\"lazy\" decoding=\"async\" src=\"https:\/\/veggie-style.com\/vegan-shop\/wp-content\/uploads\/2019\/05\/circel-green-tea-1-300x253.png\" sizes=\"(max-width: 300px) 100vw, 300px\" srcset=\"https:\/\/veggie-style.com\/vegan-shop\/wp-content\/uploads\/2019\/05\/circel-green-tea-1-300x253.png 300w, https:\/\/veggie-style.com\/vegan-shop\/wp-content\/uploads\/2019\/05\/circel-green-tea-1-768x647.png 768w, https:\/\/veggie-style.com\/vegan-shop\/wp-content\/uploads\/2019\/05\/circel-green-tea-1-600x506.png 600w, https:\/\/veggie-style.com\/vegan-shop\/wp-content\/uploads\/2019\/05\/circel-green-tea-1.png 841w\" alt=\"\" width=\"300\" height=\"253\" \/><\/p>\n<figure><img loading=\"lazy\" decoding=\"async\" class=\"alignnone wp-image-30530 size-full\" src=\"https:\/\/vroteina.com\/wp-content\/uploads\/2025\/04\/vitamax-gold-edition-NATUR-BURN3.png\" alt=\"\" width=\"732\" height=\"507\" srcset=\"https:\/\/vroteina.com\/wp-content\/uploads\/2025\/04\/vitamax-gold-edition-NATUR-BURN3.png 732w, https:\/\/vroteina.com\/wp-content\/uploads\/2025\/04\/vitamax-gold-edition-NATUR-BURN3-300x208.png 300w, https:\/\/vroteina.com\/wp-content\/uploads\/2025\/04\/vitamax-gold-edition-NATUR-BURN3-18x12.png 18w, https:\/\/vroteina.com\/wp-content\/uploads\/2025\/04\/vitamax-gold-edition-NATUR-BURN3-600x416.png 600w\" sizes=\"(max-width: 732px) 100vw, 732px\" \/><\/figure>\n<p><img loading=\"lazy\" decoding=\"async\" class=\"alignnone wp-image-30531 size-full\" src=\"https:\/\/vroteina.com\/wp-content\/uploads\/2025\/04\/vitamax-gold-edition-NATUR-BURN4.png\" alt=\"\" width=\"761\" height=\"576\" srcset=\"https:\/\/vroteina.com\/wp-content\/uploads\/2025\/04\/vitamax-gold-edition-NATUR-BURN4.png 761w, https:\/\/vroteina.com\/wp-content\/uploads\/2025\/04\/vitamax-gold-edition-NATUR-BURN4-300x227.png 300w, https:\/\/vroteina.com\/wp-content\/uploads\/2025\/04\/vitamax-gold-edition-NATUR-BURN4-16x12.png 16w, https:\/\/vroteina.com\/wp-content\/uploads\/2025\/04\/vitamax-gold-edition-NATUR-BURN4-600x454.png 600w\" sizes=\"(max-width: 761px) 100vw, 761px\" \/><\/p>\n<figure><img loading=\"lazy\" decoding=\"async\" class=\"alignnone wp-image-30532 size-full\" src=\"https:\/\/vroteina.com\/wp-content\/uploads\/2025\/04\/vitamax-gold-edition-NATUR-BURN5.png\" alt=\"\" width=\"658\" height=\"438\" srcset=\"https:\/\/vroteina.com\/wp-content\/uploads\/2025\/04\/vitamax-gold-edition-NATUR-BURN5.png 658w, https:\/\/vroteina.com\/wp-content\/uploads\/2025\/04\/vitamax-gold-edition-NATUR-BURN5-300x200.png 300w, https:\/\/vroteina.com\/wp-content\/uploads\/2025\/04\/vitamax-gold-edition-NATUR-BURN5-18x12.png 18w, https:\/\/vroteina.com\/wp-content\/uploads\/2025\/04\/vitamax-gold-edition-NATUR-BURN5-600x399.png 600w\" sizes=\"(max-width: 658px) 100vw, 658px\" \/><\/figure>\n<p>Astralagus<\/p>\n<p>Naukowcy odkryli, \u017ce korzenie ro\u015bliny Astralagus maj\u0105 r\u00f3wnie\u017c pozytywny wp\u0142yw na nasz metabolizm.<br \/>\n<img loading=\"lazy\" decoding=\"async\" src=\"https:\/\/veggie-style.com\/vegan-shop\/wp-content\/uploads\/2019\/05\/circel-astralagus-1-251x300.png\" sizes=\"(max-width: 251px) 100vw, 251px\" srcset=\"https:\/\/veggie-style.com\/vegan-shop\/wp-content\/uploads\/2019\/05\/circel-astralagus-1-251x300.png 251w, https:\/\/veggie-style.com\/vegan-shop\/wp-content\/uploads\/2019\/05\/circel-astralagus-1-600x717.png 600w, https:\/\/veggie-style.com\/vegan-shop\/wp-content\/uploads\/2019\/05\/circel-astralagus-1.png 709w\" alt=\"\" width=\"251\" height=\"300\" \/><\/p>\n<p>Kelp<\/p>\n<p>Algi te maj\u0105 wysok\u0105 zawarto\u015b\u0107 jodu, niezb\u0119dnego sk\u0142adnika od\u017cywczego dla optymalnego funkcjonowania tarczycy. Tarczyca jest odpowiedzialna za produkcj\u0119 energii i optymalizuje metabolizm.<\/p>\n<p><img loading=\"lazy\" decoding=\"async\" src=\"https:\/\/veggie-style.com\/vegan-shop\/wp-content\/uploads\/2019\/05\/natur-burn-kelp-2-267x300.png\" sizes=\"(max-width: 267px) 100vw, 267px\" srcset=\"https:\/\/veggie-style.com\/vegan-shop\/wp-content\/uploads\/2019\/05\/natur-burn-kelp-2-267x300.png 267w, https:\/\/veggie-style.com\/vegan-shop\/wp-content\/uploads\/2019\/05\/natur-burn-kelp-2-768x864.png 768w, https:\/\/veggie-style.com\/vegan-shop\/wp-content\/uploads\/2019\/05\/natur-burn-kelp-2-600x675.png 600w, https:\/\/veggie-style.com\/vegan-shop\/wp-content\/uploads\/2019\/05\/natur-burn-kelp-2.png 769w\" alt=\"\" width=\"267\" height=\"300\" \/><\/p>\n<p>Im lepsze i wy\u017csze tempo metabolizmu, tym wi\u0119cej kalorii spala nasz organizm. Szczeg\u00f3lnie osoby z powolnym metabolizmem odczuwaj\u0105 znaczn\u0105 popraw\u0119 po za\u017cyciu wodorost\u00f3w. Kolejny interesuj\u0105cy fakt: 80% os\u00f3b cierpi na niedob\u00f3r jodu, co powa\u017cnie ogranicza ich zdolno\u015b\u0107 do spalania t\u0142uszczu. Je\u015bli dobrze si\u0119 od\u017cywiasz, ograniczasz kalorie i nadal nie spalasz t\u0142uszczu, powiniene\u015b zbada\u0107 poziom jodu.<\/p>\n<figure><\/figure>\n<figure><\/figure>\n<p>Rhosiola Rosea<\/p>\n<p>Rhodiola Rosea ma kilka pozytywnych efekt\u00f3w<img loading=\"lazy\" decoding=\"async\" src=\"https:\/\/veggie-style.com\/vegan-shop\/wp-content\/uploads\/2019\/05\/NATUR-BURN-Fat-Burner-RhosiolaRosea-2-300x294.png\" sizes=\"(max-width: 300px) 100vw, 300px\" srcset=\"https:\/\/veggie-style.com\/vegan-shop\/wp-content\/uploads\/2019\/05\/NATUR-BURN-Fat-Burner-RhosiolaRosea-2-300x294.png 300w, https:\/\/veggie-style.com\/vegan-shop\/wp-content\/uploads\/2019\/05\/NATUR-BURN-Fat-Burner-RhosiolaRosea-2-600x589.png 600w, https:\/\/veggie-style.com\/vegan-shop\/wp-content\/uploads\/2019\/05\/NATUR-BURN-Fat-Burner-RhosiolaRosea-2.png 679w\" alt=\"\" width=\"300\" height=\"294\" \/><\/p>\n<p>I wreszcie, zawiera nast\u0119puj\u0105ce naturalne substancje: rosavin, rosarin, rosin, rosin i salidroside; z kt\u00f3rych wszystkie nale\u017c\u0105 do adaptogen\u00f3w, kt\u00f3re maj\u0105 zdolno\u015b\u0107 zwalczania hormon\u00f3w stresu, a tym samym zmniejszania stresu. Jest to niezb\u0119dne dla dobrej regeneracji po treningu.<\/p>\n<p>Naturalne sk\u0142adnikiU\u017cywamy wy\u0142\u0105cznie zi\u00f3\u0142, kt\u00f3re s\u0105 suszone i sproszkowane, a nast\u0119pnie umieszczane w wega\u0144skich kapsu\u0142kach wykonanych z celulozy.<\/p>\n<figure><a href=\"https:\/\/veggie-style.com\/vegan-shop\/wp-content\/uploads\/2019\/09\/vroteina-testomax-3.png\" target=\"_self\" data-rel=\"prettyPhoto[rel-26207-619537785]\"><img loading=\"lazy\" decoding=\"async\" src=\"https:\/\/veggie-style.com\/vegan-shop\/wp-content\/uploads\/2019\/09\/vroteina-testomax-3.png\" sizes=\"(max-width: 639px) 100vw, 639px\" srcset=\"https:\/\/veggie-style.com\/vegan-shop\/wp-content\/uploads\/2019\/09\/vroteina-testomax-3.png 639w, https:\/\/veggie-style.com\/vegan-shop\/wp-content\/uploads\/2019\/09\/vroteina-testomax-3-263x300.png 263w, https:\/\/veggie-style.com\/vegan-shop\/wp-content\/uploads\/2019\/09\/vroteina-testomax-3-600x685.png 600w\" alt=\"\" width=\"639\" height=\"730\" \/><\/a><\/figure>\n<figure><a href=\"https:\/\/veggie-style.com\/vegan-shop\/wp-content\/uploads\/2019\/05\/Green_Tea_Leaves.jpg\" target=\"_self\" data-rel=\"prettyPhoto[rel-26207-3257487152]\"><img loading=\"lazy\" decoding=\"async\" src=\"https:\/\/veggie-style.com\/vegan-shop\/wp-content\/uploads\/2019\/05\/Green_Tea_Leaves.jpg\" sizes=\"(max-width: 560px) 100vw, 560px\" srcset=\"https:\/\/veggie-style.com\/vegan-shop\/wp-content\/uploads\/2019\/05\/Green_Tea_Leaves.jpg 560w, https:\/\/veggie-style.com\/vegan-shop\/wp-content\/uploads\/2019\/05\/Green_Tea_Leaves-300x200.jpg 300w\" alt=\"\" width=\"560\" height=\"373\" \/><\/a><\/figure>\n<p>Rolnictwo ekologiczneSk\u0142adniki NaturBurn s\u0105 uprawiane w spos\u00f3b ekologiczny w bezpiecznym biologicznie \u015brodowisku i karmione minera\u0142ami pochodz\u0105cymi z upraw ekologicznych. Uprawa jest kontrolowana zgodnie z niemieckimi przepisami dotycz\u0105cymi rolnictwa ekologicznego.<\/p>\n<figure><\/figure>\n<figure><\/figure>\n<figure><a href=\"https:\/\/veggie-style.com\/vegan-shop\/wp-content\/uploads\/2019\/09\/Top-serviceio-al-cliente-whatsapp-veggie-style-1.png\" target=\"_self\" data-rel=\"prettyPhoto[rel-26207-3124314760]\"><img loading=\"lazy\" decoding=\"async\" src=\"https:\/\/veggie-style.com\/vegan-shop\/wp-content\/uploads\/2019\/09\/Top-serviceio-al-cliente-whatsapp-veggie-style-1.png\" sizes=\"(max-width: 352px) 100vw, 352px\" srcset=\"https:\/\/veggie-style.com\/vegan-shop\/wp-content\/uploads\/2019\/09\/Top-serviceio-al-cliente-whatsapp-veggie-style-1.png 352w, https:\/\/veggie-style.com\/vegan-shop\/wp-content\/uploads\/2019\/09\/Top-serviceio-al-cliente-whatsapp-veggie-style-1-300x273.png 300w\" alt=\"\" width=\"352\" height=\"320\" \/><\/a><\/figure>\n<figure><\/figure>\n<figure><\/figure>\n<figure><\/figure>\n<figure><\/figure>\n<p>VEGGIE STYLE FOUNDED 2011VEGGIE STYLE 100% wega\u0144ska firma za\u0142o\u017cona przez Carlosa Barbona - wega\u0144skiego sportowca si\u0142owego i dzia\u0142acza na rzecz praw zwierz\u0105t.<\/p>\n<figure><img loading=\"lazy\" decoding=\"async\" src=\"https:\/\/veggie-style.com\/vegan-shop\/wp-content\/uploads\/2019\/05\/carlos-barbon-meat-free-zone.png\" sizes=\"(max-width: 928px) 100vw, 928px\" srcset=\"https:\/\/veggie-style.com\/vegan-shop\/wp-content\/uploads\/2019\/05\/carlos-barbon-meat-free-zone.png 928w, https:\/\/veggie-style.com\/vegan-shop\/wp-content\/uploads\/2019\/05\/carlos-barbon-meat-free-zone-300x196.png 300w, https:\/\/veggie-style.com\/vegan-shop\/wp-content\/uploads\/2019\/05\/carlos-barbon-meat-free-zone-768x501.png 768w, https:\/\/veggie-style.com\/vegan-shop\/wp-content\/uploads\/2019\/05\/carlos-barbon-meat-free-zone-600x391.png 600w\" alt=\"\" width=\"928\" height=\"605\" \/><\/figure>\n<p>NATUR-BURN \uf13f\uf13fNature-Burn to nasza naturalna zio\u0142owa formu\u0142a spalaj\u0105ca t\u0142uszcz oparta na 4 zio\u0142ach, kt\u00f3re maj\u0105 zdolno\u015b\u0107 do maksymalizacji naszego metabolizmu. Przyspieszony metabolizm prowadzi do zwi\u0119kszonego zu\u017cycia kalorii, co pomaga zredukowa\u0107 tkank\u0119 t\u0142uszczow\u0105.ASTRALAGUSKELPRHODIOLA ROSEAGREEN TEAGREEN TEA100 VEGGIE- CAPSULES A 350MG<\/p>\n<figure><img loading=\"lazy\" decoding=\"async\" src=\"https:\/\/veggie-style.com\/vegan-shop\/wp-content\/uploads\/2019\/09\/vroteina-natur-burn-6.png\" sizes=\"(max-width: 988px) 100vw, 988px\" srcset=\"https:\/\/veggie-style.com\/vegan-shop\/wp-content\/uploads\/2019\/09\/vroteina-natur-burn-6.png 988w, https:\/\/veggie-style.com\/vegan-shop\/wp-content\/uploads\/2019\/09\/vroteina-natur-burn-6-300x223.png 300w, https:\/\/veggie-style.com\/vegan-shop\/wp-content\/uploads\/2019\/09\/vroteina-natur-burn-6-768x571.png 768w, https:\/\/veggie-style.com\/vegan-shop\/wp-content\/uploads\/2019\/09\/vroteina-natur-burn-6-600x446.png 600w\" alt=\"\" width=\"988\" height=\"735\" \/><\/figure>\n<\/figure>","protected":false},"excerpt":{"rendered":"<p>Natur-Burn<\/p>\n<p>SUPLEMENT DIETY<br \/>\nnaturalne produkty zio\u0142owe<br \/>\n100 kapsu\u0142ek wegetaria\u0144skich<br \/>\nIlo\u015b\u0107 netto: 35 g<\/p>","protected":false},"featured_media":30525,"comment_status":"open","ping_status":"closed","template":"","meta":[],"product_brand":[],"product_cat":[24,25],"product_tag":[46,47,48],"class_list":{"0":"post-29771","1":"product","2":"type-product","3":"status-publish","4":"has-post-thumbnail","6":"product_cat-adelgazar","7":"product_cat-complementos","8":"product_tag-dieta","9":"product_tag-kelp","10":"product_tag-perdida-peso","12":"first","13":"instock","14":"featured","15":"taxable","16":"shipping-taxable","17":"purchasable","18":"product-type-simple"},"_links":{"self":[{"href":"https:\/\/vroteina.com\/pl\/wp-json\/wp\/v2\/product\/29771","targetHints":{"allow":["GET"]}}],"collection":[{"href":"https:\/\/vroteina.com\/pl\/wp-json\/wp\/v2\/product"}],"about":[{"href":"https:\/\/vroteina.com\/pl\/wp-json\/wp\/v2\/types\/product"}],"replies":[{"embeddable":true,"href":"https:\/\/vroteina.com\/pl\/wp-json\/wp\/v2\/comments?post=29771"}],"version-history":[{"count":4,"href":"https:\/\/vroteina.com\/pl\/wp-json\/wp\/v2\/product\/29771\/revisions"}],"predecessor-version":[{"id":30735,"href":"https:\/\/vroteina.com\/pl\/wp-json\/wp\/v2\/product\/29771\/revisions\/30735"}],"wp:featuredmedia":[{"embeddable":true,"href":"https:\/\/vroteina.com\/pl\/wp-json\/wp\/v2\/media\/30525"}],"wp:attachment":[{"href":"https:\/\/vroteina.com\/pl\/wp-json\/wp\/v2\/media?parent=29771"}],"wp:term":[{"taxonomy":"product_brand","embeddable":true,"href":"https:\/\/vroteina.com\/pl\/wp-json\/wp\/v2\/product_brand?post=29771"},{"taxonomy":"product_cat","embeddable":true,"href":"https:\/\/vroteina.com\/pl\/wp-json\/wp\/v2\/product_cat?post=29771"},{"taxonomy":"product_tag","embeddable":true,"href":"https:\/\/vroteina.com\/pl\/wp-json\/wp\/v2\/product_tag?post=29771"}],"curies":[{"name":"wp","href":"https:\/\/api.w.org\/{rel}","templated":true}]}}