{"id":29771,"date":"2025-04-21T15:36:17","date_gmt":"2025-04-21T15:36:17","guid":{"rendered":"https:\/\/vroteina.com\/?post_type=product&#038;p=29771"},"modified":"2026-03-01T14:27:46","modified_gmt":"2026-03-01T14:27:46","slug":"natur-burn","status":"publish","type":"product","link":"https:\/\/vroteina.com\/pt\/product\/natur-burn\/","title":{"rendered":"Natur-Burn"},"content":{"rendered":"<p>&nbsp;<\/p>\n<figure>VEGGIE STYLE FOR EVERYONENATUR-BURNASTRALAGUSCELPPORHODIOLA ROSEATEE SUPLEMENTO ALIMENTAR VERDE100 C\u00e1psulas \u00e1 350mgPeso l\u00edquido: 35g<\/p>\n<h5><strong>Suplementos alimentares produzidos por:<\/strong><\/h5>\n<p>VROTEINA VEGGIE STYLE S.L.<br \/>\nB75845693<br \/>\nCaminho de los Colmenares 100<br \/>\n03114 Alicante<br \/>\nTel.: 665033362<br \/>\nwww.vroteina.com<\/p>\n<p>Os suplementos alimentares n\u00e3o devem ser utilizados como substitutos de um regime alimentar equilibrado. \u00c9 importante seguir uma dieta variada e equilibrada e um estilo de vida saud\u00e1vel. Manter fora do alcance das crian\u00e7as. Conserva\u00e7\u00e3o: Depois de aberto, conservar num local fresco e seco.<br \/>\nAVISOS: N\u00e3o exceder a dose di\u00e1ria recomendada.<\/p>\n<p>&nbsp;<\/p>\n<p><img decoding=\"async\" src=\"https:\/\/veggie-style.com\/vegan-shop\/index.php\/es\/product\/natur-burn\/images\/vegan-protein-shakemoringa-strawberryjarr.PNG\" alt=\"\" \/><img decoding=\"async\" src=\"https:\/\/veggie-style.com\/vegan-shop\/index.php\/es\/product\/natur-burn\/images\/vegan-protein-shakemoringa-chocolatejarr.PNG\" alt=\"\" \/><img fetchpriority=\"high\" decoding=\"async\" class=\"alignnone wp-image-30527 size-large\" src=\"https:\/\/vroteina.com\/wp-content\/uploads\/2025\/04\/ETIQUETA-VROTEINA-NATURBURN-1024x348.png\" alt=\"\" width=\"800\" height=\"272\" srcset=\"https:\/\/vroteina.com\/wp-content\/uploads\/2025\/04\/ETIQUETA-VROTEINA-NATURBURN-1024x348.png 1024w, https:\/\/vroteina.com\/wp-content\/uploads\/2025\/04\/ETIQUETA-VROTEINA-NATURBURN-300x102.png 300w, https:\/\/vroteina.com\/wp-content\/uploads\/2025\/04\/ETIQUETA-VROTEINA-NATURBURN-768x261.png 768w, https:\/\/vroteina.com\/wp-content\/uploads\/2025\/04\/ETIQUETA-VROTEINA-NATURBURN-18x6.png 18w, https:\/\/vroteina.com\/wp-content\/uploads\/2025\/04\/ETIQUETA-VROTEINA-NATURBURN-600x204.png 600w, https:\/\/vroteina.com\/wp-content\/uploads\/2025\/04\/ETIQUETA-VROTEINA-NATURBURN.png 1174w\" sizes=\"(max-width: 800px) 100vw, 800px\" \/><\/p>\n<p><img decoding=\"async\" src=\"https:\/\/veggie-style.com\/vegan-shop\/index.php\/es\/product\/natur-burn\/images\/vegan-protein-shakemoringa-strawberryjarr.PNG\" alt=\"\" \/><img decoding=\"async\" src=\"https:\/\/veggie-style.com\/vegan-shop\/index.php\/es\/product\/natur-burn\/images\/vegan-protein-shakemoringa-chocolatejarr.PNG\" alt=\"\" \/><\/p>\n<p>Desde que come\u00e7\u00e1mos em 2011, fomos a primeira empresa de suplementos 100% veganos na Europa com instala\u00e7\u00f5es e produ\u00e7\u00e3o pr\u00f3prias, garantindo que nenhum dos nossos equipamentos esteve em contacto com ingredientes n\u00e3o veganos.O pr\u00f3prio fundador, Carlos Barbon, \u00e9 um ativista dos direitos dos animais e vegetariano desde 1985, o que faz dele um dos pioneiros do estilo de vida vegan e tamb\u00e9m um dos atletas naturais mais fortes.<\/p>\n<p><img decoding=\"async\" src=\"http:\/\/veggie-style.com\/vegan-shop\/wp-content\/uploads\/2019\/03\/vegancompany.png\" alt=\"\" width=\"264\" height=\"412\" \/><\/p>\n<p><a href=\"https:\/\/veggie-style.com\/vegan-shop\/index.php\/es\/product\/bcaa-vegano\/\" target=\"_self\">Ant.<\/a><a href=\"https:\/\/veggie-style.com\/vegan-shop\/index.php\/es\/product\/cla-clarinol\/\" target=\"_self\">Sig.<\/a>Taxa metab\u00f3licaA nossa f\u00f3rmula \u00e9 composta exclusivamente por ervas naturais. Se prestarmos aten\u00e7\u00e3o a uma alimenta\u00e7\u00e3o saud\u00e1vel, n\u00e3o excessiva e evitarmos os fritos e os a\u00e7\u00facares, garantimos que o nosso corpo queima as calorias armazenadas nas c\u00e9lulas adiposas. Para alcan\u00e7ar a perda de peso desejada de uma forma saud\u00e1vel.<\/p>\n<figure><img decoding=\"async\" class=\"alignnone wp-image-30528 size-full\" src=\"https:\/\/vroteina.com\/wp-content\/uploads\/2025\/04\/vitamax-gold-edition-NATUR-BURNB.png\" alt=\"\" width=\"660\" height=\"522\" srcset=\"https:\/\/vroteina.com\/wp-content\/uploads\/2025\/04\/vitamax-gold-edition-NATUR-BURNB.png 660w, https:\/\/vroteina.com\/wp-content\/uploads\/2025\/04\/vitamax-gold-edition-NATUR-BURNB-300x237.png 300w, https:\/\/vroteina.com\/wp-content\/uploads\/2025\/04\/vitamax-gold-edition-NATUR-BURNB-15x12.png 15w, https:\/\/vroteina.com\/wp-content\/uploads\/2025\/04\/vitamax-gold-edition-NATUR-BURNB-600x475.png 600w\" sizes=\"(max-width: 660px) 100vw, 660px\" \/><\/figure>\n<figure><img loading=\"lazy\" decoding=\"async\" class=\"alignnone wp-image-30529 size-full\" src=\"https:\/\/vroteina.com\/wp-content\/uploads\/2025\/04\/vitamax-gold-edition-NATUR-BURN2.png\" alt=\"\" width=\"612\" height=\"542\" srcset=\"https:\/\/vroteina.com\/wp-content\/uploads\/2025\/04\/vitamax-gold-edition-NATUR-BURN2.png 612w, https:\/\/vroteina.com\/wp-content\/uploads\/2025\/04\/vitamax-gold-edition-NATUR-BURN2-300x266.png 300w, https:\/\/vroteina.com\/wp-content\/uploads\/2025\/04\/vitamax-gold-edition-NATUR-BURN2-14x12.png 14w, https:\/\/vroteina.com\/wp-content\/uploads\/2025\/04\/vitamax-gold-edition-NATUR-BURN2-600x531.png 600w\" sizes=\"(max-width: 612px) 100vw, 612px\" \/><\/figure>\n<p>Apoio metab\u00f3lico<\/p>\n<p>O Natur-Burn \u00e9 uma pequena ajuda, mas ao mesmo tempo temos de controlar a quantidade e o tipo de calorias que ingerimos; afinal, a nossa f\u00f3rmula n\u00e3o ter\u00e1 hip\u00f3tese contra 3 grandes por\u00e7\u00f5es de Chips \ud83d\ude09.<\/p>\n<p>A nossa f\u00f3rmula cont\u00e9m as seguintes ervas:<\/p>\n<p>Extrato de ch\u00e1 verde<\/p>\n<p>Ch\u00e1 verde - prov\u00e9m da planta Camellia Sinensis. Alguns dos seus benef\u00edcios para a sa\u00fade baseiam-se no elevado teor de polifen\u00f3is, tamb\u00e9m conhecidos como<\/p>\n<p>como o EGCG.<\/p>\n<p><img loading=\"lazy\" decoding=\"async\" src=\"https:\/\/veggie-style.com\/vegan-shop\/wp-content\/uploads\/2019\/05\/circel-green-tea-1-300x253.png\" sizes=\"(max-width: 300px) 100vw, 300px\" srcset=\"https:\/\/veggie-style.com\/vegan-shop\/wp-content\/uploads\/2019\/05\/circel-green-tea-1-300x253.png 300w, https:\/\/veggie-style.com\/vegan-shop\/wp-content\/uploads\/2019\/05\/circel-green-tea-1-768x647.png 768w, https:\/\/veggie-style.com\/vegan-shop\/wp-content\/uploads\/2019\/05\/circel-green-tea-1-600x506.png 600w, https:\/\/veggie-style.com\/vegan-shop\/wp-content\/uploads\/2019\/05\/circel-green-tea-1.png 841w\" alt=\"\" width=\"300\" height=\"253\" \/><\/p>\n<figure><img loading=\"lazy\" decoding=\"async\" class=\"alignnone wp-image-30530 size-full\" src=\"https:\/\/vroteina.com\/wp-content\/uploads\/2025\/04\/vitamax-gold-edition-NATUR-BURN3.png\" alt=\"\" width=\"732\" height=\"507\" srcset=\"https:\/\/vroteina.com\/wp-content\/uploads\/2025\/04\/vitamax-gold-edition-NATUR-BURN3.png 732w, https:\/\/vroteina.com\/wp-content\/uploads\/2025\/04\/vitamax-gold-edition-NATUR-BURN3-300x208.png 300w, https:\/\/vroteina.com\/wp-content\/uploads\/2025\/04\/vitamax-gold-edition-NATUR-BURN3-18x12.png 18w, https:\/\/vroteina.com\/wp-content\/uploads\/2025\/04\/vitamax-gold-edition-NATUR-BURN3-600x416.png 600w\" sizes=\"(max-width: 732px) 100vw, 732px\" \/><\/figure>\n<p><img loading=\"lazy\" decoding=\"async\" class=\"alignnone wp-image-30531 size-full\" src=\"https:\/\/vroteina.com\/wp-content\/uploads\/2025\/04\/vitamax-gold-edition-NATUR-BURN4.png\" alt=\"\" width=\"761\" height=\"576\" srcset=\"https:\/\/vroteina.com\/wp-content\/uploads\/2025\/04\/vitamax-gold-edition-NATUR-BURN4.png 761w, https:\/\/vroteina.com\/wp-content\/uploads\/2025\/04\/vitamax-gold-edition-NATUR-BURN4-300x227.png 300w, https:\/\/vroteina.com\/wp-content\/uploads\/2025\/04\/vitamax-gold-edition-NATUR-BURN4-16x12.png 16w, https:\/\/vroteina.com\/wp-content\/uploads\/2025\/04\/vitamax-gold-edition-NATUR-BURN4-600x454.png 600w\" sizes=\"(max-width: 761px) 100vw, 761px\" \/><\/p>\n<figure><img loading=\"lazy\" decoding=\"async\" class=\"alignnone wp-image-30532 size-full\" src=\"https:\/\/vroteina.com\/wp-content\/uploads\/2025\/04\/vitamax-gold-edition-NATUR-BURN5.png\" alt=\"\" width=\"658\" height=\"438\" srcset=\"https:\/\/vroteina.com\/wp-content\/uploads\/2025\/04\/vitamax-gold-edition-NATUR-BURN5.png 658w, https:\/\/vroteina.com\/wp-content\/uploads\/2025\/04\/vitamax-gold-edition-NATUR-BURN5-300x200.png 300w, https:\/\/vroteina.com\/wp-content\/uploads\/2025\/04\/vitamax-gold-edition-NATUR-BURN5-18x12.png 18w, https:\/\/vroteina.com\/wp-content\/uploads\/2025\/04\/vitamax-gold-edition-NATUR-BURN5-600x399.png 600w\" sizes=\"(max-width: 658px) 100vw, 658px\" \/><\/figure>\n<p>Astralago<\/p>\n<p>Os cientistas descobriram que as ra\u00edzes da planta Astralagus tamb\u00e9m t\u00eam um efeito positivo no nosso metabolismo.<br \/>\n<img loading=\"lazy\" decoding=\"async\" src=\"https:\/\/veggie-style.com\/vegan-shop\/wp-content\/uploads\/2019\/05\/circel-astralagus-1-251x300.png\" sizes=\"(max-width: 251px) 100vw, 251px\" srcset=\"https:\/\/veggie-style.com\/vegan-shop\/wp-content\/uploads\/2019\/05\/circel-astralagus-1-251x300.png 251w, https:\/\/veggie-style.com\/vegan-shop\/wp-content\/uploads\/2019\/05\/circel-astralagus-1-600x717.png 600w, https:\/\/veggie-style.com\/vegan-shop\/wp-content\/uploads\/2019\/05\/circel-astralagus-1.png 709w\" alt=\"\" width=\"251\" height=\"300\" \/><\/p>\n<p>Algas<\/p>\n<p>Estas algas t\u00eam um elevado teor de iodo, um nutriente essencial para o bom funcionamento da tiroide. A gl\u00e2ndula tiroide \u00e9 respons\u00e1vel pela produ\u00e7\u00e3o de energia e optimiza o seu metabolismo.<\/p>\n<p><img loading=\"lazy\" decoding=\"async\" src=\"https:\/\/veggie-style.com\/vegan-shop\/wp-content\/uploads\/2019\/05\/natur-burn-kelp-2-267x300.png\" sizes=\"(max-width: 267px) 100vw, 267px\" srcset=\"https:\/\/veggie-style.com\/vegan-shop\/wp-content\/uploads\/2019\/05\/natur-burn-kelp-2-267x300.png 267w, https:\/\/veggie-style.com\/vegan-shop\/wp-content\/uploads\/2019\/05\/natur-burn-kelp-2-768x864.png 768w, https:\/\/veggie-style.com\/vegan-shop\/wp-content\/uploads\/2019\/05\/natur-burn-kelp-2-600x675.png 600w, https:\/\/veggie-style.com\/vegan-shop\/wp-content\/uploads\/2019\/05\/natur-burn-kelp-2.png 769w\" alt=\"\" width=\"267\" height=\"300\" \/><\/p>\n<p>Quanto melhor e mais elevada for a nossa taxa metab\u00f3lica, mais calorias o nosso corpo queima. Especialmente as pessoas com um metabolismo lento sentem uma melhoria significativa depois de tomarem algas marinhas. Outro facto interessante: 80% das pessoas sofrem de uma defici\u00eancia de iodo e isso limita severamente a sua capacidade de queimar gordura. Se come bem, reduz as calorias e continua a n\u00e3o queimar gordura, deve fazer um teste ao seu n\u00edvel de iodo.<\/p>\n<figure><\/figure>\n<figure><\/figure>\n<p>Rhosiola Rosea<\/p>\n<p>A Rhodiola Rosea tem v\u00e1rios efeitos positivos<img loading=\"lazy\" decoding=\"async\" src=\"https:\/\/veggie-style.com\/vegan-shop\/wp-content\/uploads\/2019\/05\/NATUR-BURN-Fat-Burner-RhosiolaRosea-2-300x294.png\" sizes=\"(max-width: 300px) 100vw, 300px\" srcset=\"https:\/\/veggie-style.com\/vegan-shop\/wp-content\/uploads\/2019\/05\/NATUR-BURN-Fat-Burner-RhosiolaRosea-2-300x294.png 300w, https:\/\/veggie-style.com\/vegan-shop\/wp-content\/uploads\/2019\/05\/NATUR-BURN-Fat-Burner-RhosiolaRosea-2-600x589.png 600w, https:\/\/veggie-style.com\/vegan-shop\/wp-content\/uploads\/2019\/05\/NATUR-BURN-Fat-Burner-RhosiolaRosea-2.png 679w\" alt=\"\" width=\"300\" height=\"294\" \/><\/p>\n<p>E, por fim, cont\u00e9m as seguintes subst\u00e2ncias naturais: rosavina, rosarina, colof\u00f3nia, colof\u00f3nia e salidros\u00eddeo; todas elas pertencentes aos adaptog\u00e9nios, que t\u00eam a capacidade de combater as hormonas do stress e, assim, reduzir o stress. Isto \u00e9 essencial para uma boa recupera\u00e7\u00e3o ap\u00f3s o treino.<\/p>\n<p>Ingredientes NaturaisUsamos apenas ervas secas e pulverizadas que s\u00e3o colocadas em c\u00e1psulas veganas feitas de celulose.<\/p>\n<figure><a href=\"https:\/\/veggie-style.com\/vegan-shop\/wp-content\/uploads\/2019\/09\/vroteina-testomax-3.png\" target=\"_self\" data-rel=\"prettyPhoto[rel-26207-619537785]\"><img loading=\"lazy\" decoding=\"async\" src=\"https:\/\/veggie-style.com\/vegan-shop\/wp-content\/uploads\/2019\/09\/vroteina-testomax-3.png\" sizes=\"(max-width: 639px) 100vw, 639px\" srcset=\"https:\/\/veggie-style.com\/vegan-shop\/wp-content\/uploads\/2019\/09\/vroteina-testomax-3.png 639w, https:\/\/veggie-style.com\/vegan-shop\/wp-content\/uploads\/2019\/09\/vroteina-testomax-3-263x300.png 263w, https:\/\/veggie-style.com\/vegan-shop\/wp-content\/uploads\/2019\/09\/vroteina-testomax-3-600x685.png 600w\" alt=\"\" width=\"639\" height=\"730\" \/><\/a><\/figure>\n<figure><a href=\"https:\/\/veggie-style.com\/vegan-shop\/wp-content\/uploads\/2019\/05\/Green_Tea_Leaves.jpg\" target=\"_self\" data-rel=\"prettyPhoto[rel-26207-3257487152]\"><img loading=\"lazy\" decoding=\"async\" src=\"https:\/\/veggie-style.com\/vegan-shop\/wp-content\/uploads\/2019\/05\/Green_Tea_Leaves.jpg\" sizes=\"(max-width: 560px) 100vw, 560px\" srcset=\"https:\/\/veggie-style.com\/vegan-shop\/wp-content\/uploads\/2019\/05\/Green_Tea_Leaves.jpg 560w, https:\/\/veggie-style.com\/vegan-shop\/wp-content\/uploads\/2019\/05\/Green_Tea_Leaves-300x200.jpg 300w\" alt=\"\" width=\"560\" height=\"373\" \/><\/a><\/figure>\n<p>Agricultura biol\u00f3gicaOs nossos ingredientes NaturBurn s\u00e3o todos cultivados organicamente num ambiente bio-seguro e alimentados com minerais cultivados organicamente. O cultivo \u00e9 controlado de acordo com as normas alem\u00e3s para a agricultura biol\u00f3gica.<\/p>\n<figure><\/figure>\n<figure><\/figure>\n<figure><a href=\"https:\/\/veggie-style.com\/vegan-shop\/wp-content\/uploads\/2019\/09\/Top-serviceio-al-cliente-whatsapp-veggie-style-1.png\" target=\"_self\" data-rel=\"prettyPhoto[rel-26207-3124314760]\"><img loading=\"lazy\" decoding=\"async\" src=\"https:\/\/veggie-style.com\/vegan-shop\/wp-content\/uploads\/2019\/09\/Top-serviceio-al-cliente-whatsapp-veggie-style-1.png\" sizes=\"(max-width: 352px) 100vw, 352px\" srcset=\"https:\/\/veggie-style.com\/vegan-shop\/wp-content\/uploads\/2019\/09\/Top-serviceio-al-cliente-whatsapp-veggie-style-1.png 352w, https:\/\/veggie-style.com\/vegan-shop\/wp-content\/uploads\/2019\/09\/Top-serviceio-al-cliente-whatsapp-veggie-style-1-300x273.png 300w\" alt=\"\" width=\"352\" height=\"320\" \/><\/a><\/figure>\n<figure><\/figure>\n<figure><\/figure>\n<figure><\/figure>\n<figure><\/figure>\n<p>VEGGIE STYLE FOUNDED 2011VEGGIE STYLE 1001TP3Empresa vegana fundada por Carlos Barbon - atleta vegan de for\u00e7a e ativista dos direitos dos animais<\/p>\n<figure><img loading=\"lazy\" decoding=\"async\" src=\"https:\/\/veggie-style.com\/vegan-shop\/wp-content\/uploads\/2019\/05\/carlos-barbon-meat-free-zone.png\" sizes=\"(max-width: 928px) 100vw, 928px\" srcset=\"https:\/\/veggie-style.com\/vegan-shop\/wp-content\/uploads\/2019\/05\/carlos-barbon-meat-free-zone.png 928w, https:\/\/veggie-style.com\/vegan-shop\/wp-content\/uploads\/2019\/05\/carlos-barbon-meat-free-zone-300x196.png 300w, https:\/\/veggie-style.com\/vegan-shop\/wp-content\/uploads\/2019\/05\/carlos-barbon-meat-free-zone-768x501.png 768w, https:\/\/veggie-style.com\/vegan-shop\/wp-content\/uploads\/2019\/05\/carlos-barbon-meat-free-zone-600x391.png 600w\" alt=\"\" width=\"928\" height=\"605\" \/><\/figure>\n<p>NATUR-BURN \uf13f\uf13fNature-Burn \u00e9 a nossa f\u00f3rmula natural para queimar gordura \u00e0 base de ervas, baseada em 4 ervas que t\u00eam a capacidade de maximizar o nosso metabolismo. Um metabolismo acelerado leva a um aumento do consumo de calorias, o que ajuda a reduzir a gordura corporal.ASTRALAGUSKELPRHODIOLA ROSEAGREEN TEAGREEN TEA100 VEGGIE- CAPSULES A 350MG<\/p>\n<figure><img loading=\"lazy\" decoding=\"async\" src=\"https:\/\/veggie-style.com\/vegan-shop\/wp-content\/uploads\/2019\/09\/vroteina-natur-burn-6.png\" sizes=\"(max-width: 988px) 100vw, 988px\" srcset=\"https:\/\/veggie-style.com\/vegan-shop\/wp-content\/uploads\/2019\/09\/vroteina-natur-burn-6.png 988w, https:\/\/veggie-style.com\/vegan-shop\/wp-content\/uploads\/2019\/09\/vroteina-natur-burn-6-300x223.png 300w, https:\/\/veggie-style.com\/vegan-shop\/wp-content\/uploads\/2019\/09\/vroteina-natur-burn-6-768x571.png 768w, https:\/\/veggie-style.com\/vegan-shop\/wp-content\/uploads\/2019\/09\/vroteina-natur-burn-6-600x446.png 600w\" alt=\"\" width=\"988\" height=\"735\" \/><\/figure>\n<\/figure>","protected":false},"excerpt":{"rendered":"<p>Natur-Burn<\/p>\n<p>SUPLEMENTO ALIMENTAR<br \/>\nprodutos naturais \u00e0 base de plantas<br \/>\n100 c\u00e1psulas vegetais<br \/>\nQuantidade l\u00edquida: 35g<\/p>","protected":false},"featured_media":30525,"comment_status":"open","ping_status":"closed","template":"","meta":[],"product_brand":[],"product_cat":[24,25],"product_tag":[46,47,48],"class_list":{"0":"post-29771","1":"product","2":"type-product","3":"status-publish","4":"has-post-thumbnail","6":"product_cat-adelgazar","7":"product_cat-complementos","8":"product_tag-dieta","9":"product_tag-kelp","10":"product_tag-perdida-peso","12":"first","13":"instock","14":"featured","15":"taxable","16":"shipping-taxable","17":"purchasable","18":"product-type-simple"},"_links":{"self":[{"href":"https:\/\/vroteina.com\/pt\/wp-json\/wp\/v2\/product\/29771","targetHints":{"allow":["GET"]}}],"collection":[{"href":"https:\/\/vroteina.com\/pt\/wp-json\/wp\/v2\/product"}],"about":[{"href":"https:\/\/vroteina.com\/pt\/wp-json\/wp\/v2\/types\/product"}],"replies":[{"embeddable":true,"href":"https:\/\/vroteina.com\/pt\/wp-json\/wp\/v2\/comments?post=29771"}],"version-history":[{"count":4,"href":"https:\/\/vroteina.com\/pt\/wp-json\/wp\/v2\/product\/29771\/revisions"}],"predecessor-version":[{"id":30735,"href":"https:\/\/vroteina.com\/pt\/wp-json\/wp\/v2\/product\/29771\/revisions\/30735"}],"wp:featuredmedia":[{"embeddable":true,"href":"https:\/\/vroteina.com\/pt\/wp-json\/wp\/v2\/media\/30525"}],"wp:attachment":[{"href":"https:\/\/vroteina.com\/pt\/wp-json\/wp\/v2\/media?parent=29771"}],"wp:term":[{"taxonomy":"product_brand","embeddable":true,"href":"https:\/\/vroteina.com\/pt\/wp-json\/wp\/v2\/product_brand?post=29771"},{"taxonomy":"product_cat","embeddable":true,"href":"https:\/\/vroteina.com\/pt\/wp-json\/wp\/v2\/product_cat?post=29771"},{"taxonomy":"product_tag","embeddable":true,"href":"https:\/\/vroteina.com\/pt\/wp-json\/wp\/v2\/product_tag?post=29771"}],"curies":[{"name":"wp","href":"https:\/\/api.w.org\/{rel}","templated":true}]}}