{"id":29781,"date":"2025-04-21T16:11:31","date_gmt":"2025-04-21T16:11:31","guid":{"rendered":"https:\/\/vroteina.com\/?post_type=product&#038;p=29781"},"modified":"2026-02-05T18:59:01","modified_gmt":"2026-02-05T18:59:01","slug":"recuprelax-2","status":"publish","type":"product","link":"https:\/\/vroteina.com\/sl\/product\/recuprelax-2\/","title":{"rendered":"Okrevanje in sprostitev"},"content":{"rendered":"<div class=\"row\">\n<div class=\"vc_tta-container woocommerce-tabs wc-tabs-wrapper gem-woocommerce-tabs\" data-vc-action=\"collapse\">\n<div class=\"vc_general vc_tta vc_tta-tabs vc_tta-color-thegem vc_tta-style-classic vc_tta-shape-square vc_tta-spacing-5 vc_tta-tabs-position-top vc_tta-controls-align-left\">\n<div class=\"vc_tta-panels-container\">\n<div class=\"vc_tta-panels\">\n<div id=\"tab-description\" class=\"vc_tta-panel vc_active\" data-vc-content=\".vc_tta-panel-body\">\n<div class=\"vc_tta-panel-body\">\n<div class=\"wpb_text_column wpb_content_element\">\n<div class=\"wpb_wrapper\"><\/div>\n<\/div>\n<\/div>\n<\/div>\n<\/div>\n<\/div>\n<\/div>\n<\/div>\n<div class=\"product-content entry-content\">\n<div id=\"vc_row-67f388c2d8b59\" class=\"vc_row wpb_row vc_row-fluid\">\n<div class=\"wpb_column vc_column_container vc_col-sm-6\">\n<div class=\"vc_column-inner\">\n<div class=\"wpb_wrapper\">\n<div class=\"wpb_single_image wpb_content_element vc_align_center\">\n<figure class=\"wpb_wrapper vc_figure\">\n<div class=\"vc_tta-container woocommerce-tabs wc-tabs-wrapper gem-woocommerce-tabs\" data-vc-action=\"collapse\">\n<div class=\"vc_general vc_tta vc_tta-tabs vc_tta-color-thegem vc_tta-style-classic vc_tta-shape-square vc_tta-spacing-5 vc_tta-tabs-position-top vc_tta-controls-align-left\">\n<div class=\"vc_tta-panels-container\">\n<div class=\"vc_tta-panels\">\n<div id=\"tab-description\" class=\"vc_tta-panel vc_active\" data-vc-content=\".vc_tta-panel-body\">\n<div class=\"vc_tta-panel-body\">\n<div class=\"wpb_text_column wpb_content_element\">\n<div class=\"wpb_wrapper title-h3\"><span class=\"light\">PONOVNA UPRAVA IN SPRO\u0160\u010cANJE<\/span><\/div>\n<\/div>\n<div class=\"wpb_text_column wpb_content_element\">\n<div class=\"wpb_wrapper\">\n<div class=\"styled-subtitle\">\n<div class=\"title-h5\"><span class=\"tlid-translation translation\" lang=\"es\"><span title=\"\">ANTISTRESNA FORMULA<\/span><br \/>\n<span class=\"\" title=\"\">100 RASTLINSKIH KAPSUL PO 350 MG<\/span><\/span><\/div>\n<div>\n<div>\n<h5><strong>Prehransko dopolnilo, ki ga proizvaja:<\/strong><\/h5>\n<p>VROTEINA VEGGIE STYLE S.L.<br \/>\nB75845693<br \/>\nCamino de los Colmenares 100<br \/>\n03114 Alicante<br \/>\nTel.: 665033362<br \/>\nwww.vroteina.com<br \/>\nPrehranska dopolnila ne smejo nadomestiti uravnote\u017eene prehrane. Pomembno je upo\u0161tevati raznoliko in uravnote\u017eeno prehrano ter zdrav na\u010din \u017eivljenja. Hranite zunaj dosega otrok. Shranjevanje: Po odprtju hranite v hladnem in suhem prostoru.<br \/>\nOPOZORILO: Ne prekora\u010dite priporo\u010denega dnevnega odmerka.<\/p>\n<\/div>\n<\/div>\n<p><img fetchpriority=\"high\" decoding=\"async\" class=\"alignnone wp-image-30608 size-large\" src=\"https:\/\/vroteina.com\/wp-content\/uploads\/2025\/04\/ETIQUETA-VROTEINA-recup-relax-1-1024x349.png\" alt=\"\" width=\"800\" height=\"273\" srcset=\"https:\/\/vroteina.com\/wp-content\/uploads\/2025\/04\/ETIQUETA-VROTEINA-recup-relax-1-1024x349.png 1024w, https:\/\/vroteina.com\/wp-content\/uploads\/2025\/04\/ETIQUETA-VROTEINA-recup-relax-1-300x102.png 300w, https:\/\/vroteina.com\/wp-content\/uploads\/2025\/04\/ETIQUETA-VROTEINA-recup-relax-1-768x261.png 768w, https:\/\/vroteina.com\/wp-content\/uploads\/2025\/04\/ETIQUETA-VROTEINA-recup-relax-1-18x6.png 18w, https:\/\/vroteina.com\/wp-content\/uploads\/2025\/04\/ETIQUETA-VROTEINA-recup-relax-1-600x204.png 600w, https:\/\/vroteina.com\/wp-content\/uploads\/2025\/04\/ETIQUETA-VROTEINA-recup-relax-1.png 1181w\" sizes=\"(max-width: 800px) 100vw, 800px\" \/><img decoding=\"async\" src=\"https:\/\/veggie-style.com\/vegan-shop\/index.php\/es\/product\/recuprelax\/images\/vegan-protein-shakemoringa-strawberryjarr.PNG\" alt=\"\" \/><img decoding=\"async\" src=\"https:\/\/veggie-style.com\/vegan-shop\/index.php\/es\/product\/recuprelax\/images\/vegan-protein-shakemoringa-chocolatejarr.PNG\" alt=\"\" \/><\/p>\n<div class=\"title-h6 title-h4\">Od leta 2011, ko smo za\u010deli z delom, smo bili prvo vegansko podjetje v Evropi z lastnimi proizvodnimi zmogljivostmi, ki zagotavlja, da nobena na\u0161a oprema ni pri\u0161la v stik z neveganskimi sestavinami.<\/div>\n<div><span class=\"tlid-translation translation\" lang=\"es\"><span class=\"\" title=\"\">Sam ustanovitelj Carlos Barbon je veganski aktivist za pravice \u017eivali in vegetarijanec od leta 1985, zato je eden od pionirjev veganskega na\u010dina \u017eivljenja in eden od najmo\u010dnej\u0161ih naravnih \u0161portnikov.<\/span><\/span><\/div>\n<div class=\"title-h5\">\n<div class=\"title-h5\">\n<p><img decoding=\"async\" class=\"aligncenter wp-image-24833 size-full\" src=\"http:\/\/veggie-style.com\/vegan-shop\/wp-content\/uploads\/2019\/03\/vegancompany.png\" alt=\"\" width=\"264\" height=\"412\" \/><\/p>\n<\/div>\n<div class=\"title-h6\"><\/div>\n<\/div>\n<p>&nbsp;<\/p>\n<\/div>\n<\/div>\n<\/div>\n<\/div>\n<\/div>\n<div id=\"tab-additional_information\" class=\"vc_tta-panel\" data-vc-content=\".vc_tta-panel-body\"><\/div>\n<div id=\"tab-reviews\" class=\"vc_tta-panel\" data-vc-content=\".vc_tta-panel-body\"><\/div>\n<\/div>\n<\/div>\n<\/div>\n<\/div>\n<div class=\"block-navigation\">\n<div class=\"block-product-navigation-prev\"><\/div>\n<div class=\"block-product-navigation-next\">\n<div class=\"gem-button-container gem-button-position-right\"><img decoding=\"async\" class=\"alignnone wp-image-30611 size-large\" src=\"https:\/\/vroteina.com\/wp-content\/uploads\/2025\/04\/ChatGPT-Image-20-ene-2026-20_41_17-1024x683.png\" alt=\"\" width=\"800\" height=\"534\" srcset=\"https:\/\/vroteina.com\/wp-content\/uploads\/2025\/04\/ChatGPT-Image-20-ene-2026-20_41_17-1024x683.png 1024w, https:\/\/vroteina.com\/wp-content\/uploads\/2025\/04\/ChatGPT-Image-20-ene-2026-20_41_17-300x200.png 300w, https:\/\/vroteina.com\/wp-content\/uploads\/2025\/04\/ChatGPT-Image-20-ene-2026-20_41_17-768x512.png 768w, https:\/\/vroteina.com\/wp-content\/uploads\/2025\/04\/ChatGPT-Image-20-ene-2026-20_41_17-18x12.png 18w, https:\/\/vroteina.com\/wp-content\/uploads\/2025\/04\/ChatGPT-Image-20-ene-2026-20_41_17-600x400.png 600w, https:\/\/vroteina.com\/wp-content\/uploads\/2025\/04\/ChatGPT-Image-20-ene-2026-20_41_17.png 1536w\" sizes=\"(max-width: 800px) 100vw, 800px\" \/><\/div>\n<\/div>\n<\/div>\n<div class=\"product-content entry-content\">\n<div id=\"vc_row-68772d44503e4\" class=\"vc_row wpb_row vc_row-fluid\">\n<div class=\"wpb_column vc_column_container vc_col-sm-6\">\n<div class=\"vc_column-inner\">\n<div class=\"wpb_wrapper\">\n<div class=\"wpb_text_column wpb_content_element\">\n<div class=\"wpb_wrapper\">\n<div class=\"title-h1\"><span class=\"light\"><span class=\"tlid-translation translation\" lang=\"es\"><span class=\"\" title=\"\">Izogibanje in zmanj\u0161evanje stresa<\/span><\/span><\/span><\/div>\n<\/div>\n<\/div>\n<div class=\"wpb_text_column wpb_content_element\">\n<div class=\"wpb_wrapper\">\n<div class=\"title-h5\"><span class=\"tlid-translation translation\" lang=\"es\"><span title=\"\">Stres je kot strup za na\u0161e telo: vsaki\u010d, ko se spro\u0161\u010dajo stresni hormoni, zmanj\u0161ujejo na\u0161o energijo, zaradi njih se po\u010dutimo slabo in so vzrok za izgubo mi\u0161i\u010dnega tkiva in pridobivanje telesne ma\u0161\u010dobe.<\/span> <span class=\"\" title=\"\">Visoka raven teh hormonov slabo vpliva tudi na raven testosterona, saj stresni hormoni zmanj\u0161ujejo raven testosterona v telesu.<\/span><\/span><\/div>\n<\/div>\n<\/div>\n<\/div>\n<\/div>\n<\/div>\n<div class=\"wpb_column vc_column_container vc_col-sm-6\">\n<div class=\"vc_column-inner\">\n<div class=\"wpb_wrapper\">\n<div class=\"wpb_single_image wpb_content_element vc_align_center\">\n<figure class=\"wpb_wrapper vc_figure\"><img loading=\"lazy\" decoding=\"async\" class=\"alignnone wp-image-30610 size-full\" src=\"https:\/\/vroteina.com\/wp-content\/uploads\/2025\/04\/ChatGPT-Image-20-ene-2026-20_39_10.png\" alt=\"\" width=\"1024\" height=\"1024\" srcset=\"https:\/\/vroteina.com\/wp-content\/uploads\/2025\/04\/ChatGPT-Image-20-ene-2026-20_39_10.png 1024w, https:\/\/vroteina.com\/wp-content\/uploads\/2025\/04\/ChatGPT-Image-20-ene-2026-20_39_10-300x300.png 300w, https:\/\/vroteina.com\/wp-content\/uploads\/2025\/04\/ChatGPT-Image-20-ene-2026-20_39_10-150x150.png 150w, https:\/\/vroteina.com\/wp-content\/uploads\/2025\/04\/ChatGPT-Image-20-ene-2026-20_39_10-768x768.png 768w, https:\/\/vroteina.com\/wp-content\/uploads\/2025\/04\/ChatGPT-Image-20-ene-2026-20_39_10-12x12.png 12w, https:\/\/vroteina.com\/wp-content\/uploads\/2025\/04\/ChatGPT-Image-20-ene-2026-20_39_10-600x600.png 600w, https:\/\/vroteina.com\/wp-content\/uploads\/2025\/04\/ChatGPT-Image-20-ene-2026-20_39_10-100x100.png 100w\" sizes=\"(max-width: 1024px) 100vw, 1024px\" \/><\/figure>\n<\/div>\n<\/div>\n<\/div>\n<\/div>\n<\/div>\n<div id=\"vc_row-68772d4451a5d\" class=\"vc_row wpb_row vc_row-fluid\">\n<div class=\"wpb_column vc_column_container vc_col-sm-6\">\n<div class=\"vc_column-inner\">\n<div class=\"wpb_wrapper\">\n<div class=\"wpb_single_image wpb_content_element vc_align_center\"><\/div>\n<\/div>\n<\/div>\n<\/div>\n<div class=\"wpb_column vc_column_container vc_col-sm-6\">\n<div class=\"vc_column-inner\">\n<div class=\"wpb_wrapper\">\n<div class=\"wpb_text_column wpb_content_element\">\n<div class=\"wpb_wrapper\">\n<div class=\"wpb_text_column wpb_content_element\">\n<div class=\"wpb_wrapper title-h1\">\n<div class=\"text-wrap tlid-copy-target\">\n<div class=\"result-shield-container tlid-copy-target\" tabindex=\"0\"><span class=\"tlid-translation translation\" lang=\"es\"><span class=\"\" title=\"\">Blaginja<\/span><\/span><\/div>\n<\/div>\n<\/div>\n<\/div>\n<\/div>\n<\/div>\n<div class=\"wpb_text_column wpb_content_element\">\n<div class=\"wpb_wrapper\">\n<div class=\"title-h5\"><span class=\"tlid-translation translation\" lang=\"es\"><span title=\"\">Zato je za na\u0161e dobro po\u010dutje in \u0161portne cilje zelo pomembno, da se \u010dim bolj izogibamo stresu, vendar to \u017eal ni vedno mogo\u010de.<\/span> <span class=\"\" title=\"\">Za stresne situacije smo razvili posebno formulo, ki lahko zmanj\u0161a stresni hormon. Izbrali smo zeli\u0161\u010da, ki vsebujejo adaptogene.<\/span> <span class=\"\" title=\"\">Adaptogeni so snovi, ki zmanj\u0161ujejo simptome stresa.<\/span> Zmanj\u0161anje<span class=\"\" title=\"\"> stresni hormoni so odli\u010dna podpora na\u0161emu dobremu po\u010dutju in nam pomagajo pri doseganju na\u0161ih ciljev glede pridobivanja mi\u0161ic, mo\u010di in huj\u0161anja.<\/span> <span class=\"\" title=\"\">Pomaga tudi pri kroni\u010dni utrujenosti in je odli\u010den pripomo\u010dek proti staranju.<\/span><\/span><\/div>\n<\/div>\n<\/div>\n<\/div>\n<\/div>\n<\/div>\n<\/div>\n<div id=\"vc_row-68772d4452b61\" class=\"vc_row wpb_row vc_row-fluid\">\n<div class=\"wpb_column vc_column_container vc_col-sm-6\">\n<div class=\"vc_column-inner\">\n<div class=\"wpb_wrapper\">\n<div class=\"wpb_text_column wpb_content_element\">\n<div class=\"wpb_wrapper\">\n<div class=\"title-h1\"><span class=\"light\"><span class=\"tlid-translation translation\" lang=\"es\"><span class=\"\" title=\"\">Zmanj\u0161uje stresne hormone<\/span><\/span><\/span><\/div>\n<\/div>\n<\/div>\n<div class=\"wpb_text_column wpb_content_element\">\n<div class=\"wpb_wrapper\">\n<div class=\"title-h5\">\n<p><span class=\"tlid-translation translation\" lang=\"es\"><span title=\"\">Intenzivna vadba z ute\u017emi in intenzivni \u0161portni dogodki na splo\u0161no so velik stres za na\u0161e telo, zato je koristno vzeti nekaj kapsul Recup &amp; Relax \u017ee 20 minut pred koncem vadbe. To pomaga zni\u017eati raven stresnih hormonov in <\/span><span class=\"\" title=\"\">boste lahko iz treninga potegnili najve\u010dje mo\u017ene koristi in dose\u017eke.<\/span><\/span><\/p>\n<p><span class=\"tlid-translation translation\" lang=\"es\"><span class=\"\" title=\"\">Na\u0161a zeli\u0161\u010dna antistresna formula vsebuje naslednja zeli\u0161\u010da:<\/span><\/span><\/p>\n<p>&nbsp;<\/p>\n<\/div>\n<\/div>\n<\/div>\n<\/div>\n<\/div>\n<\/div>\n<div class=\"wpb_column vc_column_container vc_col-sm-6\">\n<div class=\"vc_column-inner\">\n<div class=\"wpb_wrapper\">\n<div class=\"wpb_single_image wpb_content_element vc_align_center\">\n<figure class=\"wpb_wrapper vc_figure\"><img loading=\"lazy\" decoding=\"async\" class=\"alignnone wp-image-30609 size-large\" src=\"https:\/\/vroteina.com\/wp-content\/uploads\/2025\/04\/ChatGPT-Image-20-ene-2026-20_34_25-1024x683.png\" alt=\"\" width=\"800\" height=\"534\" srcset=\"https:\/\/vroteina.com\/wp-content\/uploads\/2025\/04\/ChatGPT-Image-20-ene-2026-20_34_25-1024x683.png 1024w, https:\/\/vroteina.com\/wp-content\/uploads\/2025\/04\/ChatGPT-Image-20-ene-2026-20_34_25-300x200.png 300w, https:\/\/vroteina.com\/wp-content\/uploads\/2025\/04\/ChatGPT-Image-20-ene-2026-20_34_25-768x512.png 768w, https:\/\/vroteina.com\/wp-content\/uploads\/2025\/04\/ChatGPT-Image-20-ene-2026-20_34_25-18x12.png 18w, https:\/\/vroteina.com\/wp-content\/uploads\/2025\/04\/ChatGPT-Image-20-ene-2026-20_34_25-600x400.png 600w, https:\/\/vroteina.com\/wp-content\/uploads\/2025\/04\/ChatGPT-Image-20-ene-2026-20_34_25.png 1536w\" sizes=\"(max-width: 800px) 100vw, 800px\" \/><\/figure>\n<\/div>\n<p>formulo Recup&amp;Relax smo ustvarili leta 2011, ko smo bili VEGGIE STYLE , dolgo preden smo postali VROTEINA , tukaj je na\u0161a prva izdaja s \u0161portnikom Francescom<\/p>\n<\/div>\n<\/div>\n<\/div>\n<\/div>\n<div id=\"vc_row-68772d4453ac7\" class=\"vc_row wpb_row vc_row-fluid\">\n<div class=\"wpb_column vc_column_container vc_col-sm-6\">\n<div class=\"vc_column-inner\">\n<div class=\"wpb_wrapper\">\n<div class=\"wpb_single_image wpb_content_element vc_align_center\">\n<figure class=\"wpb_wrapper vc_figure\"><a class=\"vc_single_image-wrapper vc_box_border_grey prettyphoto\" href=\"https:\/\/veggie-style.com\/vegan-shop\/wp-content\/uploads\/2019\/03\/post-veggie-style-vegan-supplement-recup-relax-francesco2.jpg\" target=\"_self\" data-rel=\"prettyPhoto[rel-26196-452942055]\"><img loading=\"lazy\" decoding=\"async\" class=\"vc_single_image-img attachment-large\" src=\"https:\/\/veggie-style.com\/vegan-shop\/wp-content\/uploads\/2019\/03\/post-veggie-style-vegan-supplement-recup-relax-francesco2.jpg\" sizes=\"auto, (max-width: 855px) 100vw, 855px\" srcset=\"https:\/\/veggie-style.com\/vegan-shop\/wp-content\/uploads\/2019\/03\/post-veggie-style-vegan-supplement-recup-relax-francesco2.jpg 855w, https:\/\/veggie-style.com\/vegan-shop\/wp-content\/uploads\/2019\/03\/post-veggie-style-vegan-supplement-recup-relax-francesco2-300x198.jpg 300w, https:\/\/veggie-style.com\/vegan-shop\/wp-content\/uploads\/2019\/03\/post-veggie-style-vegan-supplement-recup-relax-francesco2-768x506.jpg 768w, https:\/\/veggie-style.com\/vegan-shop\/wp-content\/uploads\/2019\/03\/post-veggie-style-vegan-supplement-recup-relax-francesco2-600x395.jpg 600w\" alt=\"\" width=\"855\" height=\"563\" \/><\/a><\/figure>\n<\/div>\n<\/div>\n<\/div>\n<\/div>\n<div class=\"wpb_column vc_column_container vc_col-sm-6\">\n<div class=\"vc_column-inner\">\n<div class=\"wpb_wrapper\">\n<div class=\"wpb_text_column wpb_content_element\">\n<div class=\"wpb_wrapper\">\n<div class=\"title-h1\"><span class=\"light\">Gynostemma Pentaphyllum<\/span><\/div>\n<\/div>\n<\/div>\n<div class=\"wpb_text_column wpb_content_element\">\n<div class=\"wpb_wrapper\">\n<div class=\"styled-subtitle title-h5\"><span class=\"tlid-translation translation\" lang=\"es\"><span title=\"\">Ta rastlina se \u017ee vrsto let uporablja v kitajski medicini, saj vsebuje veliko adaptogenih saponinov in veliko<\/span><\/span><br \/>\n<img loading=\"lazy\" decoding=\"async\" class=\"alignright wp-image-25975 size-medium\" src=\"https:\/\/veggie-style.com\/vegan-shop\/wp-content\/uploads\/2019\/05\/recuprelax-gynostema-300x208.jpg\" sizes=\"auto, (max-width: 300px) 100vw, 300px\" srcset=\"https:\/\/veggie-style.com\/vegan-shop\/wp-content\/uploads\/2019\/05\/recuprelax-gynostema-300x208.jpg 300w, https:\/\/veggie-style.com\/vegan-shop\/wp-content\/uploads\/2019\/05\/recuprelax-gynostema-600x416.jpg 600w, https:\/\/veggie-style.com\/vegan-shop\/wp-content\/uploads\/2019\/05\/recuprelax-gynostema.jpg 643w\" alt=\"\" width=\"300\" height=\"208\" \/>A<span class=\"tlid-translation translation\" lang=\"es\"><span class=\"\" title=\"\">Zaradi antioksidantov je u\u010dinkovit naravni pomo\u010dnik za premagovanje simptomov stresa, stresnih hormonov in krepitev imunskega sistema.<\/span><\/span><\/div>\n<\/div>\n<\/div>\n<\/div>\n<\/div>\n<\/div>\n<\/div>\n<div id=\"vc_row-68772d44543f2\" class=\"vc_row wpb_row vc_row-fluid\">\n<div class=\"wpb_column vc_column_container vc_col-sm-6\">\n<div class=\"vc_column-inner\">\n<div class=\"wpb_wrapper\">\n<div class=\"wpb_text_column wpb_content_element\">\n<div class=\"wpb_wrapper\">\n<div class=\"title-h1\">Ashwagandha<\/div>\n<\/div>\n<\/div>\n<div class=\"wpb_text_column wpb_content_element\">\n<div class=\"wpb_wrapper\">\n<div class=\"title-h5\"><span class=\"tlid-translation translation\" lang=\"es\"><span title=\"\">A\u0161vaganda, znana tudi kot indijski ginseng, izvira iz prvotne rastline, gojene v Indiji, imenovane Withania somnifera.<\/span> <span title=\"\">Ta rastlina je v indijski ajurvedski medicini \u017ee od nekdaj veljala za adaptogen.<\/span><\/span><br \/>\n<img loading=\"lazy\" decoding=\"async\" class=\"alignright wp-image-25976 size-medium\" src=\"https:\/\/veggie-style.com\/vegan-shop\/wp-content\/uploads\/2019\/05\/recuprelax-ashwaganda-2-300x221.jpg\" sizes=\"auto, (max-width: 300px) 100vw, 300px\" srcset=\"https:\/\/veggie-style.com\/vegan-shop\/wp-content\/uploads\/2019\/05\/recuprelax-ashwaganda-2-300x221.jpg 300w, https:\/\/veggie-style.com\/vegan-shop\/wp-content\/uploads\/2019\/05\/recuprelax-ashwaganda-2-600x441.jpg 600w, https:\/\/veggie-style.com\/vegan-shop\/wp-content\/uploads\/2019\/05\/recuprelax-ashwaganda-2.jpg 729w\" alt=\"\" width=\"300\" height=\"221\" \/><span class=\"tlid-translation translation\" lang=\"es\"><span class=\"\" title=\"\">Aswagandha nam pomaga pridobiti ve\u010d energije, pove\u010da odpornost telesa proti prehladom in oku\u017ebam ter pove\u010da spolno sposobnost in plodnost.<\/span><\/span><\/div>\n<\/div>\n<\/div>\n<\/div>\n<\/div>\n<\/div>\n<div class=\"wpb_column vc_column_container vc_col-sm-6\">\n<div class=\"vc_column-inner\">\n<div class=\"wpb_wrapper\">\n<div class=\"wpb_single_image wpb_content_element vc_align_center\"><\/div>\n<\/div>\n<\/div>\n<\/div>\n<\/div>\n<div id=\"vc_row-68772d44553c6\" class=\"vc_row wpb_row vc_row-fluid\">\n<div class=\"wpb_column vc_column_container vc_col-sm-6\">\n<div class=\"vc_column-inner\">\n<div class=\"wpb_wrapper\">\n<div class=\"wpb_single_image wpb_content_element vc_align_center\">\n<figure class=\"wpb_wrapper vc_figure\"><a class=\"vc_single_image-wrapper vc_box_border_grey prettyphoto\" href=\"https:\/\/veggie-style.com\/vegan-shop\/wp-content\/uploads\/2019\/05\/recuprelax-gojiberry-1-1024x931.jpg\" target=\"_self\" data-rel=\"prettyPhoto[rel-26196-3556264071]\"><img loading=\"lazy\" decoding=\"async\" class=\"vc_single_image-img attachment-large\" src=\"https:\/\/veggie-style.com\/vegan-shop\/wp-content\/uploads\/2019\/05\/recuprelax-gojiberry-1-1024x931.jpg\" sizes=\"auto, (max-width: 1024px) 100vw, 1024px\" srcset=\"https:\/\/veggie-style.com\/vegan-shop\/wp-content\/uploads\/2019\/05\/recuprelax-gojiberry-1.jpg 1024w, https:\/\/veggie-style.com\/vegan-shop\/wp-content\/uploads\/2019\/05\/recuprelax-gojiberry-1-300x273.jpg 300w, https:\/\/veggie-style.com\/vegan-shop\/wp-content\/uploads\/2019\/05\/recuprelax-gojiberry-1-768x699.jpg 768w, https:\/\/veggie-style.com\/vegan-shop\/wp-content\/uploads\/2019\/05\/recuprelax-gojiberry-1-600x546.jpg 600w\" alt=\"\" width=\"1024\" height=\"931\" \/><\/a><\/figure>\n<\/div>\n<\/div>\n<\/div>\n<\/div>\n<div class=\"wpb_column vc_column_container vc_col-sm-6\">\n<div class=\"vc_column-inner\">\n<div class=\"wpb_wrapper\">\n<div class=\"wpb_text_column wpb_content_element\">\n<div class=\"wpb_wrapper\">\n<div class=\"wpb_text_column wpb_content_element\">\n<div class=\"wpb_wrapper title-h1\">\n<div class=\"text-wrap tlid-copy-target\">\n<div class=\"result-shield-container tlid-copy-target\" tabindex=\"0\"><span class=\"tlid-translation translation\" lang=\"es\"><span class=\"\" title=\"\">Goji jagode<\/span><\/span><\/div>\n<\/div>\n<\/div>\n<\/div>\n<\/div>\n<\/div>\n<div class=\"wpb_text_column wpb_content_element\">\n<div class=\"wpb_wrapper\">\n<div class=\"title-h5\">\n<p><span class=\"tlid-translation translation\" lang=\"es\"><span title=\"\">Goji jagode poleg \u0161tevilnih drugih koristi za zdravje vsebujejo tudi snovi, ki izbolj\u0161ujejo sposobnost telesa, da se spopada s stresom, travmami, utrujenostjo in tesnobo.<\/span><\/span><\/p>\n<p><span class=\"\" title=\"\"><span class=\"tlid-translation translation\" lang=\"es\">Vsebujejo zelo veliko vitamina C.<\/span><\/span><\/p>\n<\/div>\n<\/div>\n<\/div>\n<\/div>\n<\/div>\n<\/div>\n<\/div>\n<div id=\"vc_row-68772d445634b\" class=\"vc_row wpb_row vc_row-fluid\">\n<div class=\"wpb_column vc_column_container vc_col-sm-6\">\n<div class=\"vc_column-inner\">\n<div class=\"wpb_wrapper\">\n<div class=\"wpb_text_column wpb_content_element\">\n<div class=\"wpb_wrapper\">\n<div class=\"title-h1\">Astralagus<\/div>\n<\/div>\n<\/div>\n<div class=\"wpb_text_column wpb_content_element\">\n<div class=\"wpb_wrapper\">\n<div class=\"title-h5\"><span class=\"tlid-translation translation\" lang=\"es\"><span class=\"\" title=\"\">Astralagus smo se odlo\u010dili vklju\u010diti v na\u0161o protistresno formulo, ker krepi imunski sistem ter pomaga pri celjenju ran in po\u0161kodb, kar je eden glavnih vzrokov za visoko raven stresnega hormona v telesu: hitreje ko se po\u0161kodbe celijo, manj stresa je v telesu.<\/span> <span class=\"\" title=\"\">in manj trpljenja.<br \/>\n<\/span><\/span><\/div>\n<div><\/div>\n<\/div>\n<\/div>\n<\/div>\n<\/div>\n<\/div>\n<div class=\"wpb_column vc_column_container vc_col-sm-6\">\n<div class=\"vc_column-inner\">\n<div class=\"wpb_wrapper\">\n<div class=\"wpb_single_image wpb_content_element vc_align_center\">\n<figure class=\"wpb_wrapper vc_figure\"><a class=\"vc_single_image-wrapper vc_box_border_grey prettyphoto\" href=\"https:\/\/veggie-style.com\/vegan-shop\/wp-content\/uploads\/2019\/05\/circel-astralagus-1.png\" target=\"_self\" data-rel=\"prettyPhoto[rel-26196-1578045234]\"><img loading=\"lazy\" decoding=\"async\" class=\"vc_single_image-img attachment-large\" src=\"https:\/\/veggie-style.com\/vegan-shop\/wp-content\/uploads\/2019\/05\/circel-astralagus-1.png\" sizes=\"auto, (max-width: 709px) 100vw, 709px\" srcset=\"https:\/\/veggie-style.com\/vegan-shop\/wp-content\/uploads\/2019\/05\/circel-astralagus-1.png 709w, https:\/\/veggie-style.com\/vegan-shop\/wp-content\/uploads\/2019\/05\/circel-astralagus-1-251x300.png 251w, https:\/\/veggie-style.com\/vegan-shop\/wp-content\/uploads\/2019\/05\/circel-astralagus-1-600x717.png 600w\" alt=\"\" width=\"709\" height=\"847\" \/><\/a><\/figure>\n<\/div>\n<\/div>\n<\/div>\n<\/div>\n<\/div>\n<div id=\"vc_row-68772d445727f\" class=\"vc_row wpb_row vc_row-fluid\">\n<div class=\"wpb_column vc_column_container vc_col-sm-6\">\n<div class=\"vc_column-inner\">\n<div class=\"wpb_wrapper\">\n<div class=\"wpb_single_image wpb_content_element vc_align_center\">\n<figure class=\"wpb_wrapper vc_figure\"><a class=\"vc_single_image-wrapper vc_box_border_grey prettyphoto\" href=\"https:\/\/veggie-style.com\/vegan-shop\/wp-content\/uploads\/2019\/05\/acerola.jpg\" target=\"_self\" data-rel=\"prettyPhoto[rel-26196-2769697790]\"><img loading=\"lazy\" decoding=\"async\" class=\"vc_single_image-img attachment-large\" src=\"https:\/\/veggie-style.com\/vegan-shop\/wp-content\/uploads\/2019\/05\/acerola.jpg\" sizes=\"auto, (max-width: 600px) 100vw, 600px\" srcset=\"https:\/\/veggie-style.com\/vegan-shop\/wp-content\/uploads\/2019\/05\/acerola.jpg 600w, https:\/\/veggie-style.com\/vegan-shop\/wp-content\/uploads\/2019\/05\/acerola-225x300.jpg 225w\" alt=\"\" width=\"600\" height=\"800\" \/><\/a><\/figure>\n<\/div>\n<\/div>\n<\/div>\n<\/div>\n<div class=\"wpb_column vc_column_container vc_col-sm-6\">\n<div class=\"vc_column-inner\">\n<div class=\"wpb_wrapper\">\n<div class=\"wpb_text_column wpb_content_element\">\n<div class=\"wpb_wrapper\">\n<div class=\"wpb_text_column wpb_content_element\">\n<div class=\"wpb_wrapper title-h1\"><span class=\"light\"><span class=\"tlid-translation translation\" lang=\"es\"><span class=\"\" title=\"\">\u010de\u0161nje acerola<\/span><\/span><\/span><\/div>\n<\/div>\n<\/div>\n<\/div>\n<div class=\"wpb_text_column wpb_content_element\">\n<div class=\"wpb_wrapper\">\n<div class=\"title-h5\"><span class=\"tlid-translation translation\" lang=\"es\"><span class=\"\" title=\"\">Vitamin C pomaga zni\u017eevati raven stresnih hormonov, zato je pomemben pripomo\u010dek, kadar \u017eelimo zmanj\u0161ati spro\u0161\u010danje stresnih hormonov, \u010de\u0161nje acerola pa vsebujejo 20-krat ve\u010d vitamina C kot pomaran\u010de.<\/span><\/span><\/div>\n<\/div>\n<\/div>\n<\/div>\n<\/div>\n<\/div>\n<\/div>\n<\/div>\n<\/figure>\n<\/div>\n<\/div>\n<\/div>\n<\/div>\n<\/div>\n<\/div>\n<\/div>","protected":false},"excerpt":{"rendered":"<p>Okrevanje in sprostitev<\/p>\n<p>Zeli\u0161\u010dna formula<br \/>\nPREHRANSKO DOPOLNILO<br \/>\n100 rastlinskih kapsul<br \/>\nNeto koli\u010dina: 35 g<\/p>","protected":false},"featured_media":30523,"comment_status":"open","ping_status":"closed","template":"","meta":[],"product_brand":[],"product_cat":[25,186],"product_tag":[49],"class_list":{"0":"post-29781","1":"product","2":"type-product","3":"status-publish","4":"has-post-thumbnail","6":"product_cat-complementos","7":"product_cat-musculacion","8":"product_tag-recup-relax","10":"first","11":"instock","12":"featured","13":"taxable","14":"shipping-taxable","15":"purchasable","16":"product-type-simple"},"_links":{"self":[{"href":"https:\/\/vroteina.com\/sl\/wp-json\/wp\/v2\/product\/29781","targetHints":{"allow":["GET"]}}],"collection":[{"href":"https:\/\/vroteina.com\/sl\/wp-json\/wp\/v2\/product"}],"about":[{"href":"https:\/\/vroteina.com\/sl\/wp-json\/wp\/v2\/types\/product"}],"replies":[{"embeddable":true,"href":"https:\/\/vroteina.com\/sl\/wp-json\/wp\/v2\/comments?post=29781"}],"version-history":[{"count":4,"href":"https:\/\/vroteina.com\/sl\/wp-json\/wp\/v2\/product\/29781\/revisions"}],"predecessor-version":[{"id":30734,"href":"https:\/\/vroteina.com\/sl\/wp-json\/wp\/v2\/product\/29781\/revisions\/30734"}],"wp:featuredmedia":[{"embeddable":true,"href":"https:\/\/vroteina.com\/sl\/wp-json\/wp\/v2\/media\/30523"}],"wp:attachment":[{"href":"https:\/\/vroteina.com\/sl\/wp-json\/wp\/v2\/media?parent=29781"}],"wp:term":[{"taxonomy":"product_brand","embeddable":true,"href":"https:\/\/vroteina.com\/sl\/wp-json\/wp\/v2\/product_brand?post=29781"},{"taxonomy":"product_cat","embeddable":true,"href":"https:\/\/vroteina.com\/sl\/wp-json\/wp\/v2\/product_cat?post=29781"},{"taxonomy":"product_tag","embeddable":true,"href":"https:\/\/vroteina.com\/sl\/wp-json\/wp\/v2\/product_tag?post=29781"}],"curies":[{"name":"wp","href":"https:\/\/api.w.org\/{rel}","templated":true}]}}